{"id":121522,"date":"2024-04-04T03:19:06","date_gmt":"2024-04-04T00:19:06","guid":{"rendered":"https:\/\/exlibris.ee\/toode\/tea-rahvasonaraamat-eesti-inglise\/"},"modified":"2026-04-11T03:30:20","modified_gmt":"2026-04-11T00:30:20","slug":"tea-rahvasonaraamat-eesti-inglise","status":"publish","type":"product","link":"https:\/\/exlibris.ee\/ru\/produkt\/tea-rahvasonaraamat-eesti-inglise\/","title":{"rendered":"TEA rahvas\u00f5naraamat. Eesti-inglise"},"content":{"rendered":"<p>Sisaldab 464 lehek\u00fcljel \u00fcle 15 000 mahuka s\u00f5naartikli. Eesti-inglise s\u00f5naraamat on lihtne ja \u00fclevaatlik inglise keele s\u00f5naraamat igap\u00e4evaseks kasutamiseks. S\u00f5naraamat toob s\u00f5nade p\u00f5hit\u00e4hendused, esitab rohkesti kasutusn\u00e4iteid ja v\u00e4ljendeid, lisaks antakse kasutajale vajalikke n\u00e4pun\u00e4iteid, et panna t\u00e4hele veaohtlikke kohti ja neid keelekasutuses v\u00e4ltida. S\u00f5naraamatu lisas esitatakse inglise ebareeglip\u00e4raste tegus\u00f5nade tabel ja \u00fclevaade numbrite \u00f5igekirjast.<\/p>\n","protected":false},"excerpt":{"rendered":"<p>Sisaldab 464 lehek\u00fcljel \u00fcle 15 000 mahuka s\u00f5naartikli. Eesti-inglise s\u00f5naraamat on lihtne ja \u00fclevaatlik inglise keele s\u00f5naraamat igap\u00e4evaseks kasutamiseks. S\u00f5naraamat toob s\u00f5nade p\u00f5hit\u00e4hendused, esitab rohkesti kasutusn\u00e4iteid ja v\u00e4ljendeid, lisaks antakse kasutajale vajalikke n\u00e4pun\u00e4iteid, et panna t\u00e4hele veaohtlikke kohti ja neid&#8230;<\/p>\n","protected":false},"featured_media":121502,"template":"","meta":{"_acf_changed":false,"inline_featured_image":false},"product_brand":[],"product_cat":[58],"product_tag":[],"series":[{"id":2290,"name":"TEA rahvas\u00f5naraamat","slug":"tea-rahvasonaraamat"}],"publisher":[{"id":692,"name":"TEA","slug":"tea"}],"class_list":{"0":"post-121522","1":"product","2":"type-product","3":"status-publish","4":"has-post-thumbnail","6":"product_cat-dictionaries-and-references","7":"series-tea-rahvasonaraamat","8":"publisher-tea","10":"first","11":"instock","12":"taxable","13":"shipping-taxable","14":"purchasable","15":"product-type-simple"},"acf":[],"_links":{"self":[{"href":"https:\/\/exlibris.ee\/ru\/wp-json\/wp\/v2\/product\/121522","targetHints":{"allow":["GET"]}}],"collection":[{"href":"https:\/\/exlibris.ee\/ru\/wp-json\/wp\/v2\/product"}],"about":[{"href":"https:\/\/exlibris.ee\/ru\/wp-json\/wp\/v2\/types\/product"}],"wp:featuredmedia":[{"embeddable":true,"href":"https:\/\/exlibris.ee\/ru\/wp-json\/wp\/v2\/media\/121502"}],"wp:attachment":[{"href":"https:\/\/exlibris.ee\/ru\/wp-json\/wp\/v2\/media?parent=121522"}],"wp:term":[{"taxonomy":"product_brand","embeddable":true,"href":"https:\/\/exlibris.ee\/ru\/wp-json\/wp\/v2\/product_brand?post=121522"},{"taxonomy":"product_cat","embeddable":true,"href":"https:\/\/exlibris.ee\/ru\/wp-json\/wp\/v2\/product_cat?post=121522"},{"taxonomy":"product_tag","embeddable":true,"href":"https:\/\/exlibris.ee\/ru\/wp-json\/wp\/v2\/product_tag?post=121522"},{"taxonomy":"series","embeddable":true,"href":"https:\/\/exlibris.ee\/ru\/wp-json\/wp\/v2\/series?post=121522"},{"taxonomy":"publisher","embeddable":true,"href":"https:\/\/exlibris.ee\/ru\/wp-json\/wp\/v2\/publisher?post=121522"}],"curies":[{"name":"wp","href":"https:\/\/api.w.org\/{rel}","templated":true}]}}