{"id":121880,"date":"2024-04-05T03:26:29","date_gmt":"2024-04-05T00:26:29","guid":{"rendered":"https:\/\/exlibris.ee\/toode\/meie-keel-2-jouludest-suveni\/"},"modified":"2026-04-17T19:53:10","modified_gmt":"2026-04-17T16:53:10","slug":"meie-keel-2-jouludest-suveni","status":"publish","type":"product","link":"https:\/\/exlibris.ee\/ru\/produkt\/meie-keel-2-jouludest-suveni\/","title":{"rendered":"Meie keel 2. J\u00f5uludest suveni"},"content":{"rendered":"<p>\u201eMeie keel 2. J\u00f5uludest suveni\u201d on lugemik-\u00f5pik 2. klassile teiseks poolaastaks. See raamat j\u00e4tkab 1. klassi \u00f5pikut \u201eHubert teeb aabitsat\u201d (kirjastus \u201eKoolibri\u201d, 1994, 1995) ja \u201eMeie eesti keel 1\u201d (kirjastus \u201eAvita\u201d, 1995). \u00d5ppematerjali vahendavad tegelased \u2013 hiirepojad Anna, Sass, Juss, Mari ja Eedi \u2013 kasvavad suureks. Anna on abiellunud Antsuga ja neil on lapsed. Ants kui keelehuviline mees k\u00e4isitleb igas tunnis m\u00f5nd keelek\u00fcsimust. Juss ja Mari on s\u00fcgisel enesele ametid leidnud \u2013 Juss t\u00f6\u00f6tab arvutil ja Mari on n\u00e4itleja. Seet\u00f5ttu kohtame neid selle poolaasta lugemikus harvemini. Lugemispalad p\u00e4rinevad rahvaluulest, varasematest koolilugemikest, teiste rahvaste kirjandusest ja meie t\u00e4nap\u00e4evaautoritelt. Keeleharjutused \u00f5oetavad t\u00f6\u00f6tama j\u00e4rjest suuremate \u00fchikutega. S\u00fcgisel alustati h\u00e4\u00e4likust ja s\u00f5nast. N\u00fc\u00fcd on kesksel kohal lause ja terviktekst. Keeleteemade kokkuv\u00f5tteks on tr\u00fckitud kordamisvihik. \u00d5piku juurde kuulub ka juhend \u00f5petajale.<\/p>\n","protected":false},"excerpt":{"rendered":"<p>\u201eMeie keel 2. J\u00f5uludest suveni\u201d on lugemik-\u00f5pik 2. klassile teiseks poolaastaks. See raamat j\u00e4tkab 1. klassi \u00f5pikut \u201eHubert teeb aabitsat\u201d (kirjastus \u201eKoolibri\u201d, 1994, 1995) ja \u201eMeie eesti keel 1\u201d (kirjastus \u201eAvita\u201d, 1995). \u00d5ppematerjali vahendavad tegelased \u2013 hiirepojad Anna, Sass, Juss,&#8230;<\/p>\n","protected":false},"featured_media":121585,"template":"","meta":{"_acf_changed":false,"inline_featured_image":false},"product_brand":[],"product_cat":[2390],"product_tag":[],"series":[],"publisher":[{"id":716,"name":"Koolibri","slug":"koolibri"}],"class_list":{"0":"post-121880","1":"product","2":"type-product","3":"status-publish","4":"has-post-thumbnail","6":"product_cat-tk-eesti","7":"publisher-koolibri","9":"first","10":"instock","11":"taxable","12":"shipping-taxable","13":"purchasable","14":"product-type-simple"},"acf":[],"_links":{"self":[{"href":"https:\/\/exlibris.ee\/ru\/wp-json\/wp\/v2\/product\/121880","targetHints":{"allow":["GET"]}}],"collection":[{"href":"https:\/\/exlibris.ee\/ru\/wp-json\/wp\/v2\/product"}],"about":[{"href":"https:\/\/exlibris.ee\/ru\/wp-json\/wp\/v2\/types\/product"}],"wp:featuredmedia":[{"embeddable":true,"href":"https:\/\/exlibris.ee\/ru\/wp-json\/wp\/v2\/media\/121585"}],"wp:attachment":[{"href":"https:\/\/exlibris.ee\/ru\/wp-json\/wp\/v2\/media?parent=121880"}],"wp:term":[{"taxonomy":"product_brand","embeddable":true,"href":"https:\/\/exlibris.ee\/ru\/wp-json\/wp\/v2\/product_brand?post=121880"},{"taxonomy":"product_cat","embeddable":true,"href":"https:\/\/exlibris.ee\/ru\/wp-json\/wp\/v2\/product_cat?post=121880"},{"taxonomy":"product_tag","embeddable":true,"href":"https:\/\/exlibris.ee\/ru\/wp-json\/wp\/v2\/product_tag?post=121880"},{"taxonomy":"series","embeddable":true,"href":"https:\/\/exlibris.ee\/ru\/wp-json\/wp\/v2\/series?post=121880"},{"taxonomy":"publisher","embeddable":true,"href":"https:\/\/exlibris.ee\/ru\/wp-json\/wp\/v2\/publisher?post=121880"}],"curies":[{"name":"wp","href":"https:\/\/api.w.org\/{rel}","templated":true}]}}