{"id":121884,"date":"2024-04-05T03:26:30","date_gmt":"2024-04-05T00:26:30","guid":{"rendered":"https:\/\/exlibris.ee\/toode\/turumajandus-pro-et-contra-%d1%80%d1%8b%d0%bd%d0%be%d1%87%d0%bd%d0%b0%d1%8f-%d0%b5%d0%ba%d0%be%d0%bd%d0%be%d0%bc%d0%b8%d0%ba%d0%b0\/"},"modified":"2026-04-18T19:37:29","modified_gmt":"2026-04-18T16:37:29","slug":"turumajandus-pro-et-contra-%d1%80%d1%8b%d0%bd%d0%be%d1%87%d0%bd%d0%b0%d1%8f-%d0%b5%d0%ba%d0%be%d0%bd%d0%be%d0%bc%d0%b8%d0%ba%d0%b0","status":"publish","type":"product","link":"https:\/\/exlibris.ee\/ru\/produkt\/turumajandus-pro-et-contra-%d1%80%d1%8b%d0%bd%d0%be%d1%87%d0%bd%d0%b0%d1%8f-%d0%b5%d0%ba%d0%be%d0%bd%d0%be%d0%bc%d0%b8%d0%ba%d0%b0\/","title":{"rendered":"Turumajandus &#8212; pro et contra &#8212; \u0420\u044b\u043d\u043e\u0447\u043d\u0430\u044f \u0435\u043a\u043e\u043d\u043e\u043c\u0438\u043a\u0430"},"content":{"rendered":"<p>K\u00e4esolev \u00f5pik juhatab sind majandusspetsialistide eestikeelsesse vestlusringi. Nii \u00f5piku keeleline materjal kui ka suhtlemisteemad on valitud \u00e4rimaailmast.<\/p>\n","protected":false},"excerpt":{"rendered":"<p>K\u00e4esolev \u00f5pik juhatab sind majandusspetsialistide eestikeelsesse vestlusringi. Nii \u00f5piku keeleline materjal kui ka suhtlemisteemad on valitud \u00e4rimaailmast.<\/p>\n","protected":false},"featured_media":121537,"template":"","meta":{"_acf_changed":false,"inline_featured_image":false},"product_brand":[],"product_cat":[2390],"product_tag":[],"series":[],"publisher":[{"id":1085,"name":"Tartu \u00dclikooli Kirjastus","slug":"tartu-ulikooli-kirjastus"}],"class_list":{"0":"post-121884","1":"product","2":"type-product","3":"status-publish","4":"has-post-thumbnail","6":"product_cat-tk-eesti","7":"publisher-tartu-ulikooli-kirjastus","9":"first","10":"instock","11":"taxable","12":"shipping-taxable","13":"purchasable","14":"product-type-simple"},"acf":[],"_links":{"self":[{"href":"https:\/\/exlibris.ee\/ru\/wp-json\/wp\/v2\/product\/121884","targetHints":{"allow":["GET"]}}],"collection":[{"href":"https:\/\/exlibris.ee\/ru\/wp-json\/wp\/v2\/product"}],"about":[{"href":"https:\/\/exlibris.ee\/ru\/wp-json\/wp\/v2\/types\/product"}],"wp:featuredmedia":[{"embeddable":true,"href":"https:\/\/exlibris.ee\/ru\/wp-json\/wp\/v2\/media\/121537"}],"wp:attachment":[{"href":"https:\/\/exlibris.ee\/ru\/wp-json\/wp\/v2\/media?parent=121884"}],"wp:term":[{"taxonomy":"product_brand","embeddable":true,"href":"https:\/\/exlibris.ee\/ru\/wp-json\/wp\/v2\/product_brand?post=121884"},{"taxonomy":"product_cat","embeddable":true,"href":"https:\/\/exlibris.ee\/ru\/wp-json\/wp\/v2\/product_cat?post=121884"},{"taxonomy":"product_tag","embeddable":true,"href":"https:\/\/exlibris.ee\/ru\/wp-json\/wp\/v2\/product_tag?post=121884"},{"taxonomy":"series","embeddable":true,"href":"https:\/\/exlibris.ee\/ru\/wp-json\/wp\/v2\/series?post=121884"},{"taxonomy":"publisher","embeddable":true,"href":"https:\/\/exlibris.ee\/ru\/wp-json\/wp\/v2\/publisher?post=121884"}],"curies":[{"name":"wp","href":"https:\/\/api.w.org\/{rel}","templated":true}]}}