{"id":121885,"date":"2024-04-05T03:26:30","date_gmt":"2024-04-05T00:26:30","guid":{"rendered":"https:\/\/exlibris.ee\/toode\/%d1%8d%d1%81%d1%82%d0%be%d0%bd%d1%81%d0%ba%d0%b8%d0%b9-%d0%bd%d0%b0%d1%80%d0%be%d0%b4%d0%bd%d1%8b%d0%b9-%d0%ba%d0%b0%d0%bb%d0%b5%d0%bd%d0%b4%d0%b0%d1%80%d1%8c-eesti-rahvakalendri-tahtpaevi\/"},"modified":"2026-04-17T19:53:18","modified_gmt":"2026-04-17T16:53:18","slug":"%d1%8d%d1%81%d1%82%d0%be%d0%bd%d1%81%d0%ba%d0%b8%d0%b9-%d0%bd%d0%b0%d1%80%d0%be%d0%b4%d0%bd%d1%8b%d0%b9-%d0%ba%d0%b0%d0%bb%d0%b5%d0%bd%d0%b4%d0%b0%d1%80%d1%8c-eesti-rahvakalendri-tahtpaevi","status":"publish","type":"product","link":"https:\/\/exlibris.ee\/ru\/produkt\/%d1%8d%d1%81%d1%82%d0%be%d0%bd%d1%81%d0%ba%d0%b8%d0%b9-%d0%bd%d0%b0%d1%80%d0%be%d0%b4%d0%bd%d1%8b%d0%b9-%d0%ba%d0%b0%d0%bb%d0%b5%d0%bd%d0%b4%d0%b0%d1%80%d1%8c-eesti-rahvakalendri-tahtpaevi\/","title":{"rendered":"\u042d\u0441\u0442\u043e\u043d\u0441\u043a\u0438\u0439 \u043d\u0430\u0440\u043e\u0434\u043d\u044b\u0439 \u043a\u0430\u043b\u0435\u043d\u0434\u0430\u0440\u044c &#8212; Eesti rahvakalendri t\u00e4htp\u00e4evi"},"content":{"rendered":"<p>Videokursus \u201eEesti rahvakalendri t\u00e4htp\u00e4evi\u201c on m\u00f5eldud neile, kes soovivad saada teada rohkem nii eestlaste traditsioonidest ja tavadest kui ka parandada oma eesti keele oskust. Film koosneb 14 videost, milles tutvustatakse p\u00f5nevalt rahvapidusid ja riigip\u00fchi, nagu j\u00f5ulud, jaanip\u00e4ev, kadrip\u00e4ev jne. Iga lugu saadab selgitav jutustus eesti keeles. Kursus sobib nii iseseisvale \u00f5ppijale, kes on juba omandanud algtasemel eesti keele, kui ka \u00f5pinguteks \u00f5petaja juhendamisel. Loodud koost\u00f6\u00f6s PHARE Eesti Kaugkoolituskeskusega.<\/p>\n","protected":false},"excerpt":{"rendered":"<p>Videokursus \u201eEesti rahvakalendri t\u00e4htp\u00e4evi\u201c on m\u00f5eldud neile, kes soovivad saada teada rohkem nii eestlaste traditsioonidest ja tavadest kui ka parandada oma eesti keele oskust. Film koosneb 14 videost, milles tutvustatakse p\u00f5nevalt rahvapidusid ja riigip\u00fchi, nagu j\u00f5ulud, jaanip\u00e4ev, kadrip\u00e4ev jne. Iga&#8230;<\/p>\n","protected":false},"featured_media":121540,"template":"","meta":{"_acf_changed":false,"inline_featured_image":false},"product_brand":[],"product_cat":[2390],"product_tag":[],"series":[],"publisher":[{"id":2628,"name":"Pangloss","slug":"pangloss"}],"class_list":{"0":"post-121885","1":"product","2":"type-product","3":"status-publish","4":"has-post-thumbnail","6":"product_cat-tk-eesti","7":"publisher-pangloss","9":"first","10":"instock","11":"taxable","12":"shipping-taxable","13":"purchasable","14":"product-type-simple"},"acf":[],"_links":{"self":[{"href":"https:\/\/exlibris.ee\/ru\/wp-json\/wp\/v2\/product\/121885","targetHints":{"allow":["GET"]}}],"collection":[{"href":"https:\/\/exlibris.ee\/ru\/wp-json\/wp\/v2\/product"}],"about":[{"href":"https:\/\/exlibris.ee\/ru\/wp-json\/wp\/v2\/types\/product"}],"wp:featuredmedia":[{"embeddable":true,"href":"https:\/\/exlibris.ee\/ru\/wp-json\/wp\/v2\/media\/121540"}],"wp:attachment":[{"href":"https:\/\/exlibris.ee\/ru\/wp-json\/wp\/v2\/media?parent=121885"}],"wp:term":[{"taxonomy":"product_brand","embeddable":true,"href":"https:\/\/exlibris.ee\/ru\/wp-json\/wp\/v2\/product_brand?post=121885"},{"taxonomy":"product_cat","embeddable":true,"href":"https:\/\/exlibris.ee\/ru\/wp-json\/wp\/v2\/product_cat?post=121885"},{"taxonomy":"product_tag","embeddable":true,"href":"https:\/\/exlibris.ee\/ru\/wp-json\/wp\/v2\/product_tag?post=121885"},{"taxonomy":"series","embeddable":true,"href":"https:\/\/exlibris.ee\/ru\/wp-json\/wp\/v2\/series?post=121885"},{"taxonomy":"publisher","embeddable":true,"href":"https:\/\/exlibris.ee\/ru\/wp-json\/wp\/v2\/publisher?post=121885"}],"curies":[{"name":"wp","href":"https:\/\/api.w.org\/{rel}","templated":true}]}}