{"id":121888,"date":"2024-04-05T03:26:31","date_gmt":"2024-04-05T00:26:31","guid":{"rendered":"https:\/\/exlibris.ee\/toode\/%d1%80%d1%83%d1%81%d1%81%d0%ba%d0%b8%d0%b9-%d0%bf%d1%80%d0%be%d0%b5%d0%ba%d1%82-%d0%b2%d0%b8%d0%b4%d0%b5%d0%be%d0%ba%d1%83%d1%80%d1%81-%d0%b4%d0%b5%d0%bb%d0%be%d0%b2%d0%be%d0%b3%d0%be-%d1%80%d1%83\/"},"modified":"2026-04-05T19:39:43","modified_gmt":"2026-04-05T16:39:43","slug":"%d1%80%d1%83%d1%81%d1%81%d0%ba%d0%b8%d0%b9-%d0%bf%d1%80%d0%be%d0%b5%d0%ba%d1%82-%d0%b2%d0%b8%d0%b4%d0%b5%d0%be%d0%ba%d1%83%d1%80%d1%81-%d0%b4%d0%b5%d0%bb%d0%be%d0%b2%d0%be%d0%b3%d0%be-%d1%80%d1%83","status":"publish","type":"product","link":"https:\/\/exlibris.ee\/ru\/produkt\/%d1%80%d1%83%d1%81%d1%81%d0%ba%d0%b8%d0%b9-%d0%bf%d1%80%d0%be%d0%b5%d0%ba%d1%82-%d0%b2%d0%b8%d0%b4%d0%b5%d0%be%d0%ba%d1%83%d1%80%d1%81-%d0%b4%d0%b5%d0%bb%d0%be%d0%b2%d0%be%d0%b3%d0%be-%d1%80%d1%83\/","title":{"rendered":"\u0420\u0443\u0441\u0441\u043a\u0438\u0439 \u043f\u0440\u043e\u0435\u043a\u0442. \u0412\u0438\u0434\u0435\u043e\u043a\u0443\u0440\u0441 \u0434\u0435\u043b\u043e\u0432\u043e\u0433\u043e \u0440\u0443\u0441\u0441\u043a\u043e\u0433\u043e \u044f\u0437\u044b\u043a\u0430. \u2013 Vene projekt. Vene \u00e4rikeele videokursus. \u00d5pik."},"content":{"rendered":"<p>\u00d5ppekursus \u201e\u0420\u0443\u0441\u0441\u043a\u0438\u0439 \u043f\u0440\u043e\u0435\u043a\u0442\u201c on m\u00f5eldud k\u00f5igile, kes soovivad \u00f5ppida vene \u00e4rikeelt. \u201e\u0420\u0443\u0441\u0441\u043a\u0438\u0439 \u043f\u0440\u043e\u0435\u043a\u0442\u201c koosneb \u00f5ppefilmist, vene keele grammatika l\u00fchi\u00fclevaatest ja \u00f5pperaamatust. \u00d5ppekursus on abiks vene keele \u00f5ppimisel nii iseseisvalt kui ka \u00f5petaja juhendamisel. Sobib eriti neile, kel on juba algteadmised vene keeles olemas.<\/p>\n","protected":false},"excerpt":{"rendered":"<p>\u00d5ppekursus \u201e\u0420\u0443\u0441\u0441\u043a\u0438\u0439 \u043f\u0440\u043e\u0435\u043a\u0442\u201c on m\u00f5eldud k\u00f5igile, kes soovivad \u00f5ppida vene \u00e4rikeelt. \u201e\u0420\u0443\u0441\u0441\u043a\u0438\u0439 \u043f\u0440\u043e\u0435\u043a\u0442\u201c koosneb \u00f5ppefilmist, vene keele grammatika l\u00fchi\u00fclevaatest ja \u00f5pperaamatust. \u00d5ppekursus on abiks vene keele \u00f5ppimisel nii iseseisvalt kui ka \u00f5petaja juhendamisel. Sobib eriti neile, kel on juba algteadmised&#8230;<\/p>\n","protected":false},"featured_media":121549,"template":"","meta":{"_acf_changed":false,"inline_featured_image":false},"product_brand":[],"product_cat":[2392],"product_tag":[],"series":[],"publisher":[{"id":2628,"name":"Pangloss","slug":"pangloss"}],"class_list":{"0":"post-121888","1":"product","2":"type-product","3":"status-publish","4":"has-post-thumbnail","6":"product_cat-tk-vene","7":"publisher-pangloss","9":"first","10":"instock","11":"taxable","12":"shipping-taxable","13":"purchasable","14":"product-type-simple"},"acf":[],"_links":{"self":[{"href":"https:\/\/exlibris.ee\/ru\/wp-json\/wp\/v2\/product\/121888","targetHints":{"allow":["GET"]}}],"collection":[{"href":"https:\/\/exlibris.ee\/ru\/wp-json\/wp\/v2\/product"}],"about":[{"href":"https:\/\/exlibris.ee\/ru\/wp-json\/wp\/v2\/types\/product"}],"wp:featuredmedia":[{"embeddable":true,"href":"https:\/\/exlibris.ee\/ru\/wp-json\/wp\/v2\/media\/121549"}],"wp:attachment":[{"href":"https:\/\/exlibris.ee\/ru\/wp-json\/wp\/v2\/media?parent=121888"}],"wp:term":[{"taxonomy":"product_brand","embeddable":true,"href":"https:\/\/exlibris.ee\/ru\/wp-json\/wp\/v2\/product_brand?post=121888"},{"taxonomy":"product_cat","embeddable":true,"href":"https:\/\/exlibris.ee\/ru\/wp-json\/wp\/v2\/product_cat?post=121888"},{"taxonomy":"product_tag","embeddable":true,"href":"https:\/\/exlibris.ee\/ru\/wp-json\/wp\/v2\/product_tag?post=121888"},{"taxonomy":"series","embeddable":true,"href":"https:\/\/exlibris.ee\/ru\/wp-json\/wp\/v2\/series?post=121888"},{"taxonomy":"publisher","embeddable":true,"href":"https:\/\/exlibris.ee\/ru\/wp-json\/wp\/v2\/publisher?post=121888"}],"curies":[{"name":"wp","href":"https:\/\/api.w.org\/{rel}","templated":true}]}}