{"id":130349,"date":"2024-05-02T05:23:41","date_gmt":"2024-05-02T02:23:41","guid":{"rendered":"https:\/\/exlibris.ee\/toode\/toraida-rahu-i-ajalooline-romaan\/"},"modified":"2026-04-18T19:35:28","modified_gmt":"2026-04-18T16:35:28","slug":"toraida-rahu-i-ajalooline-romaan","status":"publish","type":"product","link":"https:\/\/exlibris.ee\/ru\/produkt\/toraida-rahu-i-ajalooline-romaan\/","title":{"rendered":"Toraida rahu I. Ajalooline romaan"},"content":{"rendered":"<p>Toraida rahu s\u00f5lmiti 1212. aasta kevadel ja sellest m\u00f6\u00f6dub peagi 800 aastat. Samanimelises loos j\u00e4tkuvad Korbe meeste v\u00f5itlused v\u00f5\u00f5raste vallutajatega. Pihkvalasedki osalesid sakslaste korraldatud esimesel s\u00f5jak\u00e4igul muistse L\u00e4\u00e4nemaa l\u00f5unaossa. Seega on soov vaenlastele k\u00e4tte tasuda peamiseks p\u00f5hjuseks, et Viledane ja Leho liituvad Lembitu eestv\u00f5ttel kogutud malevaga ja minnakse s\u00f5jaretkele Pihkva vastu. Liivlased, eesotsas maavanema Assoga, Rodenpohise kuulsa teadja Varip\u00e4evaga, Igetiga ning paljude teistega, otsivad v\u00f5imalusi sakslaste \u00fclemv\u00f5imust vabanemiseks. Selleks tuleb liivlaste saadikud eestlaste juurde l\u00e4kitada ja kutsuda eestlaste esindajad Toraidasse rahuk\u00f5nelustele. Ka l\u00e4tlased on s\u00f5jast t\u00fcdinenud ja n\u00f5us eestlastega rahu s\u00f5lmima. P\u00e4rast eestlastega odade vahetamist kavatsevad paljud liivlaste ja l\u00e4tlastegi seast v\u00f5\u00f5rv\u00f5imu vastu \u00fclest\u00f5usu alustada.<\/p>\n","protected":false},"excerpt":{"rendered":"<p>Toraida rahu s\u00f5lmiti 1212. aasta kevadel ja sellest m\u00f6\u00f6dub peagi 800 aastat. Samanimelises loos j\u00e4tkuvad Korbe meeste v\u00f5itlused v\u00f5\u00f5raste vallutajatega. Pihkvalasedki osalesid sakslaste korraldatud esimesel s\u00f5jak\u00e4igul muistse L\u00e4\u00e4nemaa l\u00f5unaossa. Seega on soov vaenlastele k\u00e4tte tasuda peamiseks p\u00f5hjuseks, et Viledane ja&#8230;<\/p>\n","protected":false},"featured_media":125482,"template":"","meta":{"_acf_changed":false,"inline_featured_image":false},"product_brand":[],"product_cat":[2349],"product_tag":[],"series":[],"publisher":[],"class_list":{"0":"post-130349","1":"product","2":"type-product","3":"status-publish","4":"has-post-thumbnail","6":"product_cat-tr-eesti","8":"first","9":"instock","10":"taxable","11":"shipping-taxable","12":"purchasable","13":"product-type-simple"},"acf":[],"_links":{"self":[{"href":"https:\/\/exlibris.ee\/ru\/wp-json\/wp\/v2\/product\/130349","targetHints":{"allow":["GET"]}}],"collection":[{"href":"https:\/\/exlibris.ee\/ru\/wp-json\/wp\/v2\/product"}],"about":[{"href":"https:\/\/exlibris.ee\/ru\/wp-json\/wp\/v2\/types\/product"}],"wp:featuredmedia":[{"embeddable":true,"href":"https:\/\/exlibris.ee\/ru\/wp-json\/wp\/v2\/media\/125482"}],"wp:attachment":[{"href":"https:\/\/exlibris.ee\/ru\/wp-json\/wp\/v2\/media?parent=130349"}],"wp:term":[{"taxonomy":"product_brand","embeddable":true,"href":"https:\/\/exlibris.ee\/ru\/wp-json\/wp\/v2\/product_brand?post=130349"},{"taxonomy":"product_cat","embeddable":true,"href":"https:\/\/exlibris.ee\/ru\/wp-json\/wp\/v2\/product_cat?post=130349"},{"taxonomy":"product_tag","embeddable":true,"href":"https:\/\/exlibris.ee\/ru\/wp-json\/wp\/v2\/product_tag?post=130349"},{"taxonomy":"series","embeddable":true,"href":"https:\/\/exlibris.ee\/ru\/wp-json\/wp\/v2\/series?post=130349"},{"taxonomy":"publisher","embeddable":true,"href":"https:\/\/exlibris.ee\/ru\/wp-json\/wp\/v2\/publisher?post=130349"}],"curies":[{"name":"wp","href":"https:\/\/api.w.org\/{rel}","templated":true}]}}