{"id":130356,"date":"2024-05-02T05:23:42","date_gmt":"2024-05-02T02:23:42","guid":{"rendered":"https:\/\/exlibris.ee\/toode\/vene-eesti-seletav-sonaraamat-vess-%d1%80%d1%83%d1%81%d1%81%d0%ba%d0%be-%d1%8d%d1%81%d1%82%d0%be%d0%bd%d1%81%d0%ba%d0%b8%d0%b9-%d1%82%d0%be%d0%bb%d0%ba%d0%be%d0%b2%d1%8b%d0%b9-%d1%81%d0%bb%d0%be\/"},"modified":"2026-04-18T19:37:23","modified_gmt":"2026-04-18T16:37:23","slug":"vene-eesti-seletav-sonaraamat-vess-%d1%80%d1%83%d1%81%d1%81%d0%ba%d0%be-%d1%8d%d1%81%d1%82%d0%be%d0%bd%d1%81%d0%ba%d0%b8%d0%b9-%d1%82%d0%be%d0%bb%d0%ba%d0%be%d0%b2%d1%8b%d0%b9-%d1%81%d0%bb%d0%be","status":"publish","type":"product","link":"https:\/\/exlibris.ee\/ru\/produkt\/vene-eesti-seletav-sonaraamat-vess-%d1%80%d1%83%d1%81%d1%81%d0%ba%d0%be-%d1%8d%d1%81%d1%82%d0%be%d0%bd%d1%81%d0%ba%d0%b8%d0%b9-%d1%82%d0%be%d0%bb%d0%ba%d0%be%d0%b2%d1%8b%d0%b9-%d1%81%d0%bb%d0%be\/","title":{"rendered":"Vene-eesti seletav s\u00f5naraamat VESS \/ \u0420\u0443\u0441\u0441\u043a\u043e-\u044d\u0441\u0442\u043e\u043d\u0441\u043a\u0438\u0439 \u0442\u043e\u043b\u043a\u043e\u0432\u044b\u0439 \u0441\u043b\u043e\u0432\u0430\u0440\u044c"},"content":{"rendered":"<p>S\u00f5naraamatus on esindatud k\u00f5ige kasutatavam ja kaasaegsem osa vene keele s\u00f5navarast, mida on aastate v\u00e4ltel t\u00e4iendanud ja v\u00e4rskena hoidnud parimad vene keele spetsialistid. Vene keele seletav s\u00f5naraamat on m\u00f5eldud k\u00f5igile, kellele pakub huvi vene keele kaasaegne ja korrektne kasutamine. S\u00f5naraamatus on 70 000 venekeelset s\u00f5na ja v\u00e4ljendit, lisaks eesti-vene s\u00f5nastik raamatu l\u00f5pus.<\/p>\n","protected":false},"excerpt":{"rendered":"<p>S\u00f5naraamatus on esindatud k\u00f5ige kasutatavam ja kaasaegsem osa vene keele s\u00f5navarast, mida on aastate v\u00e4ltel t\u00e4iendanud ja v\u00e4rskena hoidnud parimad vene keele spetsialistid. Vene keele seletav s\u00f5naraamat on m\u00f5eldud k\u00f5igile, kellele pakub huvi vene keele kaasaegne ja korrektne kasutamine. S\u00f5naraamatus&#8230;<\/p>\n","protected":false},"featured_media":125515,"template":"","meta":{"_acf_changed":false,"inline_featured_image":false},"product_brand":[],"product_cat":[2392],"product_tag":[],"series":[],"publisher":[{"id":692,"name":"TEA","slug":"tea"}],"class_list":{"0":"post-130356","1":"product","2":"type-product","3":"status-publish","4":"has-post-thumbnail","6":"product_cat-tk-vene","7":"publisher-tea","9":"first","10":"instock","11":"taxable","12":"shipping-taxable","13":"purchasable","14":"product-type-simple"},"acf":[],"_links":{"self":[{"href":"https:\/\/exlibris.ee\/ru\/wp-json\/wp\/v2\/product\/130356","targetHints":{"allow":["GET"]}}],"collection":[{"href":"https:\/\/exlibris.ee\/ru\/wp-json\/wp\/v2\/product"}],"about":[{"href":"https:\/\/exlibris.ee\/ru\/wp-json\/wp\/v2\/types\/product"}],"wp:featuredmedia":[{"embeddable":true,"href":"https:\/\/exlibris.ee\/ru\/wp-json\/wp\/v2\/media\/125515"}],"wp:attachment":[{"href":"https:\/\/exlibris.ee\/ru\/wp-json\/wp\/v2\/media?parent=130356"}],"wp:term":[{"taxonomy":"product_brand","embeddable":true,"href":"https:\/\/exlibris.ee\/ru\/wp-json\/wp\/v2\/product_brand?post=130356"},{"taxonomy":"product_cat","embeddable":true,"href":"https:\/\/exlibris.ee\/ru\/wp-json\/wp\/v2\/product_cat?post=130356"},{"taxonomy":"product_tag","embeddable":true,"href":"https:\/\/exlibris.ee\/ru\/wp-json\/wp\/v2\/product_tag?post=130356"},{"taxonomy":"series","embeddable":true,"href":"https:\/\/exlibris.ee\/ru\/wp-json\/wp\/v2\/series?post=130356"},{"taxonomy":"publisher","embeddable":true,"href":"https:\/\/exlibris.ee\/ru\/wp-json\/wp\/v2\/publisher?post=130356"}],"curies":[{"name":"wp","href":"https:\/\/api.w.org\/{rel}","templated":true}]}}