{"id":130357,"date":"2024-05-02T05:23:42","date_gmt":"2024-05-02T02:23:42","guid":{"rendered":"https:\/\/exlibris.ee\/toode\/muugi-ja-turundussonastik-inglise-eesti-prantsuse-eesti\/"},"modified":"2026-04-05T19:38:49","modified_gmt":"2026-04-05T16:38:49","slug":"muugi-ja-turundussonastik-inglise-eesti-prantsuse-eesti","status":"publish","type":"product","link":"https:\/\/exlibris.ee\/ru\/produkt\/muugi-ja-turundussonastik-inglise-eesti-prantsuse-eesti\/","title":{"rendered":"M\u00fc\u00fcgi- ja turunduss\u00f5nastik inglise-eesti \/ prantsuse-eesti"},"content":{"rendered":"<p>S\u00f5nastik on m\u00f5eldud v\u00e4ga laiale tarbijaskonnale &#8212; \u00fcli\u00f5pilastele, vastava ala ametnikele, k\u00f5igile inimestele, kes suhtlevad \u00e4rialaselt nii ingliskeelse kui ka prantsuskeelse maailmaga.<\/p>\n","protected":false},"excerpt":{"rendered":"<p>S\u00f5nastik on m\u00f5eldud v\u00e4ga laiale tarbijaskonnale &#8212; \u00fcli\u00f5pilastele, vastava ala ametnikele, k\u00f5igile inimestele, kes suhtlevad \u00e4rialaselt nii ingliskeelse kui ka prantsuskeelse maailmaga.<\/p>\n","protected":false},"featured_media":126237,"template":"","meta":{"_acf_changed":false,"inline_featured_image":false},"product_brand":[],"product_cat":[875],"product_tag":[],"series":[],"publisher":[{"id":692,"name":"TEA","slug":"tea"}],"class_list":{"0":"post-130357","1":"product","2":"type-product","3":"status-publish","4":"has-post-thumbnail","6":"product_cat-tooalane-eesti-keel","7":"publisher-tea","9":"first","10":"instock","11":"taxable","12":"shipping-taxable","13":"purchasable","14":"product-type-simple"},"acf":[],"_links":{"self":[{"href":"https:\/\/exlibris.ee\/ru\/wp-json\/wp\/v2\/product\/130357","targetHints":{"allow":["GET"]}}],"collection":[{"href":"https:\/\/exlibris.ee\/ru\/wp-json\/wp\/v2\/product"}],"about":[{"href":"https:\/\/exlibris.ee\/ru\/wp-json\/wp\/v2\/types\/product"}],"wp:featuredmedia":[{"embeddable":true,"href":"https:\/\/exlibris.ee\/ru\/wp-json\/wp\/v2\/media\/126237"}],"wp:attachment":[{"href":"https:\/\/exlibris.ee\/ru\/wp-json\/wp\/v2\/media?parent=130357"}],"wp:term":[{"taxonomy":"product_brand","embeddable":true,"href":"https:\/\/exlibris.ee\/ru\/wp-json\/wp\/v2\/product_brand?post=130357"},{"taxonomy":"product_cat","embeddable":true,"href":"https:\/\/exlibris.ee\/ru\/wp-json\/wp\/v2\/product_cat?post=130357"},{"taxonomy":"product_tag","embeddable":true,"href":"https:\/\/exlibris.ee\/ru\/wp-json\/wp\/v2\/product_tag?post=130357"},{"taxonomy":"series","embeddable":true,"href":"https:\/\/exlibris.ee\/ru\/wp-json\/wp\/v2\/series?post=130357"},{"taxonomy":"publisher","embeddable":true,"href":"https:\/\/exlibris.ee\/ru\/wp-json\/wp\/v2\/publisher?post=130357"}],"curies":[{"name":"wp","href":"https:\/\/api.w.org\/{rel}","templated":true}]}}