{"id":130396,"date":"2024-05-02T05:26:46","date_gmt":"2024-05-02T02:26:46","guid":{"rendered":"https:\/\/exlibris.ee\/toode\/euroopa-keeleoppe-raamdokument-oppimine-opetamine-ja-hindamine\/"},"modified":"2026-04-21T14:31:15","modified_gmt":"2026-04-21T11:31:15","slug":"euroopa-keeleoppe-raamdokument-oppimine-opetamine-ja-hindamine","status":"publish","type":"product","link":"https:\/\/exlibris.ee\/ru\/produkt\/euroopa-keeleoppe-raamdokument-oppimine-opetamine-ja-hindamine\/","title":{"rendered":"Euroopa keele\u00f5ppe raamdokument: \u00f5ppimine, \u00f5petamine ja hindamine"},"content":{"rendered":"<p>Siinne v\u00e4ljaanne on Euroopa N\u00f5ukogu mahuka ingliskeelse dokumendi \u201cCommon European Framework of Reference for Languages: Learning, teaching, assessment\u201d (Council of Europe 2001) t\u00f5lge, mille Haridus- ja Teadusministeerium keeleosakonna algatusel ja egiidi all on korrastanud Eesti Rakenduslingvistika \u00dchingu toimkond. Euroopa keele\u00f5ppe raamadokumendi n\u00e4ol on tegemist \u00fchtse alusega, mille p\u00f5him\u00f5tteid peaksid silmas pidama ja arvesse v\u00f5tma k\u00f5ik keele\u00f5ppega seotud inimesed. Originaali koostamiseks kulus enam kui k\u00fcmme aastat, t\u00f6\u00f6s osales arvukalt Euroopa N\u00f5ukogu 41 liikmesriigi rakenduslingviste ja haridusteaduste asjatundjaid. Koostati mitu t\u00f6\u00f6versiooni, mida arutati keele\u00f5petajate laias ringis. L\u00f5pptulemusena valmis dokument, mis p\u00fc\u00fcab k\u00f5ikeh\u00f5lmavalt kirjeldada keele\u00f5ppe valdkonda. T\u00e4naseks on sellest kujunenud alusdokument n\u00fc\u00fcdiskeelte ainekavakujunduse ja \u00f5pivara loomise, \u00f5ppimise, \u00f5petamise ja keeleoskuse hindamise jaoks Euroopas ja mujalgi.<\/p>\n","protected":false},"excerpt":{"rendered":"<p>Siinne v\u00e4ljaanne on Euroopa N\u00f5ukogu mahuka ingliskeelse dokumendi \u201cCommon European Framework of Reference for Languages: Learning, teaching, assessment\u201d (Council of Europe 2001) t\u00f5lge, mille Haridus- ja Teadusministeerium keeleosakonna algatusel ja egiidi all on korrastanud Eesti Rakenduslingvistika \u00dchingu toimkond. Euroopa keele\u00f5ppe&#8230;<\/p>\n","protected":false},"featured_media":126243,"template":"","meta":{"_acf_changed":false,"inline_featured_image":false},"product_brand":[],"product_cat":[2406],"product_tag":[],"series":[],"publisher":[{"id":2747,"name":"Haridus- Ja Teadusministeerium","slug":"haridus-ja-teadusministeerium"}],"class_list":{"0":"post-130396","1":"product","2":"type-product","3":"status-publish","4":"has-post-thumbnail","6":"product_cat-rkul-eesti","7":"publisher-haridus-ja-teadusministeerium","9":"first","10":"instock","11":"taxable","12":"shipping-taxable","13":"purchasable","14":"product-type-simple"},"acf":[],"_links":{"self":[{"href":"https:\/\/exlibris.ee\/ru\/wp-json\/wp\/v2\/product\/130396","targetHints":{"allow":["GET"]}}],"collection":[{"href":"https:\/\/exlibris.ee\/ru\/wp-json\/wp\/v2\/product"}],"about":[{"href":"https:\/\/exlibris.ee\/ru\/wp-json\/wp\/v2\/types\/product"}],"wp:featuredmedia":[{"embeddable":true,"href":"https:\/\/exlibris.ee\/ru\/wp-json\/wp\/v2\/media\/126243"}],"wp:attachment":[{"href":"https:\/\/exlibris.ee\/ru\/wp-json\/wp\/v2\/media?parent=130396"}],"wp:term":[{"taxonomy":"product_brand","embeddable":true,"href":"https:\/\/exlibris.ee\/ru\/wp-json\/wp\/v2\/product_brand?post=130396"},{"taxonomy":"product_cat","embeddable":true,"href":"https:\/\/exlibris.ee\/ru\/wp-json\/wp\/v2\/product_cat?post=130396"},{"taxonomy":"product_tag","embeddable":true,"href":"https:\/\/exlibris.ee\/ru\/wp-json\/wp\/v2\/product_tag?post=130396"},{"taxonomy":"series","embeddable":true,"href":"https:\/\/exlibris.ee\/ru\/wp-json\/wp\/v2\/series?post=130396"},{"taxonomy":"publisher","embeddable":true,"href":"https:\/\/exlibris.ee\/ru\/wp-json\/wp\/v2\/publisher?post=130396"}],"curies":[{"name":"wp","href":"https:\/\/api.w.org\/{rel}","templated":true}]}}