{"id":130404,"date":"2024-05-02T05:26:48","date_gmt":"2024-05-02T02:26:48","guid":{"rendered":"https:\/\/exlibris.ee\/toode\/miks-klient-rahul-ei-ole-kuidas-meeldida-eesti-kliendile\/"},"modified":"2026-04-18T19:37:29","modified_gmt":"2026-04-18T16:37:29","slug":"miks-klient-rahul-ei-ole-kuidas-meeldida-eesti-kliendile","status":"publish","type":"product","link":"https:\/\/exlibris.ee\/ru\/produkt\/miks-klient-rahul-ei-ole-kuidas-meeldida-eesti-kliendile\/","title":{"rendered":"Miks klient rahul ei ole? Kuidas meeldida eesti kliendile"},"content":{"rendered":"<p>Malle Karjatse on erialalt ps\u00fchholoog, t\u00e4iendanud ennast USA-s. Ta on t\u00f6\u00f6tanud Mainoris konsultandina, Tako Keeltekoolis direktorina, n\u00f5ustanud ja koolitanud firmasid. 1997. a. n\u00f5ustas kontserni Eesti Mobiiltelefon. See raamat vaatleb igap\u00e4evaseid teenindussituatsioone kliendi silmade l\u00e4bi, jagab praktilisi nippe ja n\u00f5uandeid nii kliendi m\u00f5istmiseks kui m\u00f5jutamiseks. V\u00e4rvikaid n\u00e4iteid elust, harjutusi enesekontrolliks. M\u00f5tlemisainet iga\u00fchele!<\/p>\n","protected":false},"excerpt":{"rendered":"<p>Malle Karjatse on erialalt ps\u00fchholoog, t\u00e4iendanud ennast USA-s. Ta on t\u00f6\u00f6tanud Mainoris konsultandina, Tako Keeltekoolis direktorina, n\u00f5ustanud ja koolitanud firmasid. 1997. a. n\u00f5ustas kontserni Eesti Mobiiltelefon. See raamat vaatleb igap\u00e4evaseid teenindussituatsioone kliendi silmade l\u00e4bi, jagab praktilisi nippe ja n\u00f5uandeid nii&#8230;<\/p>\n","protected":false},"featured_media":125434,"template":"","meta":{"_acf_changed":false,"inline_featured_image":false},"product_brand":[],"product_cat":[2349],"product_tag":[],"series":[],"publisher":[{"id":688,"name":"Ilo","slug":"ilo"}],"class_list":{"0":"post-130404","1":"product","2":"type-product","3":"status-publish","4":"has-post-thumbnail","6":"product_cat-tr-eesti","7":"publisher-ilo","9":"first","10":"instock","11":"taxable","12":"shipping-taxable","13":"purchasable","14":"product-type-simple"},"acf":[],"_links":{"self":[{"href":"https:\/\/exlibris.ee\/ru\/wp-json\/wp\/v2\/product\/130404","targetHints":{"allow":["GET"]}}],"collection":[{"href":"https:\/\/exlibris.ee\/ru\/wp-json\/wp\/v2\/product"}],"about":[{"href":"https:\/\/exlibris.ee\/ru\/wp-json\/wp\/v2\/types\/product"}],"wp:featuredmedia":[{"embeddable":true,"href":"https:\/\/exlibris.ee\/ru\/wp-json\/wp\/v2\/media\/125434"}],"wp:attachment":[{"href":"https:\/\/exlibris.ee\/ru\/wp-json\/wp\/v2\/media?parent=130404"}],"wp:term":[{"taxonomy":"product_brand","embeddable":true,"href":"https:\/\/exlibris.ee\/ru\/wp-json\/wp\/v2\/product_brand?post=130404"},{"taxonomy":"product_cat","embeddable":true,"href":"https:\/\/exlibris.ee\/ru\/wp-json\/wp\/v2\/product_cat?post=130404"},{"taxonomy":"product_tag","embeddable":true,"href":"https:\/\/exlibris.ee\/ru\/wp-json\/wp\/v2\/product_tag?post=130404"},{"taxonomy":"series","embeddable":true,"href":"https:\/\/exlibris.ee\/ru\/wp-json\/wp\/v2\/series?post=130404"},{"taxonomy":"publisher","embeddable":true,"href":"https:\/\/exlibris.ee\/ru\/wp-json\/wp\/v2\/publisher?post=130404"}],"curies":[{"name":"wp","href":"https:\/\/api.w.org\/{rel}","templated":true}]}}