{"id":130406,"date":"2024-05-02T05:26:48","date_gmt":"2024-05-02T02:26:48","guid":{"rendered":"https:\/\/exlibris.ee\/toode\/kes-on-kes-eesti-2000\/"},"modified":"2026-04-17T19:53:17","modified_gmt":"2026-04-17T16:53:17","slug":"kes-on-kes-eesti-2000","status":"publish","type":"product","link":"https:\/\/exlibris.ee\/ru\/produkt\/kes-on-kes-eesti-2000\/","title":{"rendered":"Kes on kes? Eesti 2000"},"content":{"rendered":"<p>\u201eKes on kes? Eesti 2000\u201d on teatmik elavatest elavatele. Meie raamat pole edetabel, vaid sellesse j\u00f5udmise peamine kriteerium on isiku positsioon oma tegevusalal. 2000. aasta teatmikus on viimastel aastatel valitud ja ametisse m\u00e4\u00e4ratud riigiv\u00f5imu esindajad, majanduse ja juura juhtfiguurid, kultuuri- ja meediategelased, sportlased ning kodanike\u00fchenduste liidrid. Teatmik erineb Eesti Ents\u00fcklopeediast, kus kajastub vaid v\u00e4ike osa t\u00e4nase \u00fchiskonna tegijatest. Ammugi ei ole see seltskonnakroonika. Lisaks eluloolistele andmetele on teatmikus ka k\u00f5ikide isikute e-mail, telefon ja\/v\u00f5i postiaadress.<\/p>\n","protected":false},"excerpt":{"rendered":"<p>\u201eKes on kes? Eesti 2000\u201d on teatmik elavatest elavatele. Meie raamat pole edetabel, vaid sellesse j\u00f5udmise peamine kriteerium on isiku positsioon oma tegevusalal. 2000. aasta teatmikus on viimastel aastatel valitud ja ametisse m\u00e4\u00e4ratud riigiv\u00f5imu esindajad, majanduse ja juura juhtfiguurid, kultuuri-&#8230;<\/p>\n","protected":false},"featured_media":125437,"template":"","meta":{"_acf_changed":false,"inline_featured_image":false},"product_brand":[],"product_cat":[2349],"product_tag":[],"series":[],"publisher":[{"id":2753,"name":"Ekspresskataloogide AS","slug":"ekspresskataloogide-as"}],"class_list":{"0":"post-130406","1":"product","2":"type-product","3":"status-publish","4":"has-post-thumbnail","6":"product_cat-tr-eesti","7":"publisher-ekspresskataloogide-as","9":"first","10":"instock","11":"taxable","12":"shipping-taxable","13":"purchasable","14":"product-type-simple"},"acf":[],"_links":{"self":[{"href":"https:\/\/exlibris.ee\/ru\/wp-json\/wp\/v2\/product\/130406","targetHints":{"allow":["GET"]}}],"collection":[{"href":"https:\/\/exlibris.ee\/ru\/wp-json\/wp\/v2\/product"}],"about":[{"href":"https:\/\/exlibris.ee\/ru\/wp-json\/wp\/v2\/types\/product"}],"wp:featuredmedia":[{"embeddable":true,"href":"https:\/\/exlibris.ee\/ru\/wp-json\/wp\/v2\/media\/125437"}],"wp:attachment":[{"href":"https:\/\/exlibris.ee\/ru\/wp-json\/wp\/v2\/media?parent=130406"}],"wp:term":[{"taxonomy":"product_brand","embeddable":true,"href":"https:\/\/exlibris.ee\/ru\/wp-json\/wp\/v2\/product_brand?post=130406"},{"taxonomy":"product_cat","embeddable":true,"href":"https:\/\/exlibris.ee\/ru\/wp-json\/wp\/v2\/product_cat?post=130406"},{"taxonomy":"product_tag","embeddable":true,"href":"https:\/\/exlibris.ee\/ru\/wp-json\/wp\/v2\/product_tag?post=130406"},{"taxonomy":"series","embeddable":true,"href":"https:\/\/exlibris.ee\/ru\/wp-json\/wp\/v2\/series?post=130406"},{"taxonomy":"publisher","embeddable":true,"href":"https:\/\/exlibris.ee\/ru\/wp-json\/wp\/v2\/publisher?post=130406"}],"curies":[{"name":"wp","href":"https:\/\/api.w.org\/{rel}","templated":true}]}}