{"id":130408,"date":"2024-05-02T05:26:48","date_gmt":"2024-05-02T02:26:48","guid":{"rendered":"https:\/\/exlibris.ee\/toode\/suomalais-virolainen-sanakirja-soome-eesti-sonaraamat\/"},"modified":"2026-04-05T19:39:42","modified_gmt":"2026-04-05T16:39:42","slug":"suomalais-virolainen-sanakirja-soome-eesti-sonaraamat","status":"publish","type":"product","link":"https:\/\/exlibris.ee\/ru\/produkt\/suomalais-virolainen-sanakirja-soome-eesti-sonaraamat\/","title":{"rendered":"Suomalais-virolainen sanakirja \/ Soome-eesti s\u00f5naraamat"},"content":{"rendered":"<p>Noin 50 000 sanaa. Umbes 50 000 tr\u00fckis\u00f5na.<\/p>\n","protected":false},"excerpt":{"rendered":"<p>Noin 50 000 sanaa. Umbes 50 000 tr\u00fckis\u00f5na.<\/p>\n","protected":false},"featured_media":125440,"template":"","meta":{"_acf_changed":false,"inline_featured_image":false},"product_brand":[],"product_cat":[2393],"product_tag":[],"series":[],"publisher":[{"id":2174,"name":"Valgus","slug":"valgus"}],"class_list":{"0":"post-130408","1":"product","2":"type-product","3":"status-publish","4":"has-post-thumbnail","6":"product_cat-tk-muud","7":"publisher-valgus","9":"first","10":"instock","11":"taxable","12":"shipping-taxable","13":"purchasable","14":"product-type-simple"},"acf":[],"_links":{"self":[{"href":"https:\/\/exlibris.ee\/ru\/wp-json\/wp\/v2\/product\/130408","targetHints":{"allow":["GET"]}}],"collection":[{"href":"https:\/\/exlibris.ee\/ru\/wp-json\/wp\/v2\/product"}],"about":[{"href":"https:\/\/exlibris.ee\/ru\/wp-json\/wp\/v2\/types\/product"}],"wp:featuredmedia":[{"embeddable":true,"href":"https:\/\/exlibris.ee\/ru\/wp-json\/wp\/v2\/media\/125440"}],"wp:attachment":[{"href":"https:\/\/exlibris.ee\/ru\/wp-json\/wp\/v2\/media?parent=130408"}],"wp:term":[{"taxonomy":"product_brand","embeddable":true,"href":"https:\/\/exlibris.ee\/ru\/wp-json\/wp\/v2\/product_brand?post=130408"},{"taxonomy":"product_cat","embeddable":true,"href":"https:\/\/exlibris.ee\/ru\/wp-json\/wp\/v2\/product_cat?post=130408"},{"taxonomy":"product_tag","embeddable":true,"href":"https:\/\/exlibris.ee\/ru\/wp-json\/wp\/v2\/product_tag?post=130408"},{"taxonomy":"series","embeddable":true,"href":"https:\/\/exlibris.ee\/ru\/wp-json\/wp\/v2\/series?post=130408"},{"taxonomy":"publisher","embeddable":true,"href":"https:\/\/exlibris.ee\/ru\/wp-json\/wp\/v2\/publisher?post=130408"}],"curies":[{"name":"wp","href":"https:\/\/api.w.org\/{rel}","templated":true}]}}