{"id":130414,"date":"2024-05-02T05:26:49","date_gmt":"2024-05-02T02:26:49","guid":{"rendered":"https:\/\/exlibris.ee\/toode\/skeeme-toooigusest\/"},"modified":"2026-04-17T19:53:19","modified_gmt":"2026-04-17T16:53:19","slug":"skeeme-toooigusest","status":"publish","type":"product","link":"https:\/\/exlibris.ee\/ru\/produkt\/skeeme-toooigusest\/","title":{"rendered":"Skeeme t\u00f6\u00f6\u00f5igusest"},"content":{"rendered":"<p>K\u00e4esolev skeemide kogumik on koostatud eesm\u00e4rgiga kergendada t\u00f6\u00f6\u00f5iguse p\u00f5him\u00f5tete omandamist. Koostaja loodab, et kogumikku saab kasutada \u00fcldistava abivahendina nii \u00f5igusaktide sisu, kui ka kirjanduse ja loengumaterjali paremaks omandamiseks. Kuid kogumik peaks aitama ka omandatut korrata ning vajaduse korral oma teadmisi kontrollida. Kogumik ei h\u00f5lma t\u00f6\u00f6lepingut ja t\u00f6\u00f6vaidluste lahendamist, sest neid valdkondades v\u00f5ib eeldada muudatusi l\u00e4hema aasta kuni pooleteise jooskul.<\/p>\n","protected":false},"excerpt":{"rendered":"<p>K\u00e4esolev skeemide kogumik on koostatud eesm\u00e4rgiga kergendada t\u00f6\u00f6\u00f5iguse p\u00f5him\u00f5tete omandamist. Koostaja loodab, et kogumikku saab kasutada \u00fcldistava abivahendina nii \u00f5igusaktide sisu, kui ka kirjanduse ja loengumaterjali paremaks omandamiseks. Kuid kogumik peaks aitama ka omandatut korrata ning vajaduse korral oma teadmisi&#8230;<\/p>\n","protected":false},"featured_media":125455,"template":"","meta":{"_acf_changed":false,"inline_featured_image":false},"product_brand":[],"product_cat":[2349],"product_tag":[],"series":[],"publisher":[{"id":2756,"name":"Juura, \u00d5igusteabe AS","slug":"juura-oigusteabe-as"}],"class_list":{"0":"post-130414","1":"product","2":"type-product","3":"status-publish","4":"has-post-thumbnail","6":"product_cat-tr-eesti","7":"publisher-juura-oigusteabe-as","9":"first","10":"instock","11":"taxable","12":"shipping-taxable","13":"purchasable","14":"product-type-simple"},"acf":[],"_links":{"self":[{"href":"https:\/\/exlibris.ee\/ru\/wp-json\/wp\/v2\/product\/130414","targetHints":{"allow":["GET"]}}],"collection":[{"href":"https:\/\/exlibris.ee\/ru\/wp-json\/wp\/v2\/product"}],"about":[{"href":"https:\/\/exlibris.ee\/ru\/wp-json\/wp\/v2\/types\/product"}],"wp:featuredmedia":[{"embeddable":true,"href":"https:\/\/exlibris.ee\/ru\/wp-json\/wp\/v2\/media\/125455"}],"wp:attachment":[{"href":"https:\/\/exlibris.ee\/ru\/wp-json\/wp\/v2\/media?parent=130414"}],"wp:term":[{"taxonomy":"product_brand","embeddable":true,"href":"https:\/\/exlibris.ee\/ru\/wp-json\/wp\/v2\/product_brand?post=130414"},{"taxonomy":"product_cat","embeddable":true,"href":"https:\/\/exlibris.ee\/ru\/wp-json\/wp\/v2\/product_cat?post=130414"},{"taxonomy":"product_tag","embeddable":true,"href":"https:\/\/exlibris.ee\/ru\/wp-json\/wp\/v2\/product_tag?post=130414"},{"taxonomy":"series","embeddable":true,"href":"https:\/\/exlibris.ee\/ru\/wp-json\/wp\/v2\/series?post=130414"},{"taxonomy":"publisher","embeddable":true,"href":"https:\/\/exlibris.ee\/ru\/wp-json\/wp\/v2\/publisher?post=130414"}],"curies":[{"name":"wp","href":"https:\/\/api.w.org\/{rel}","templated":true}]}}