{"id":130416,"date":"2024-05-02T05:26:50","date_gmt":"2024-05-02T02:26:50","guid":{"rendered":"https:\/\/exlibris.ee\/toode\/deutsch-im-geschaftsleben-korrespondenz\/"},"modified":"2026-04-03T13:25:58","modified_gmt":"2026-04-03T10:25:58","slug":"deutsch-im-geschaftsleben-korrespondenz","status":"publish","type":"product","link":"https:\/\/exlibris.ee\/ru\/produkt\/deutsch-im-geschaftsleben-korrespondenz\/","title":{"rendered":"Deutsch im Gesch\u00e4ftsleben \u2013 Korrespondenz"},"content":{"rendered":"<p>Lehrbuch der deutschen Gesch\u00e4ftssprache f\u00fcr Esten. Saksa \u00e4rikeele \u00f5pik. &#171;Korrespondenz&#187; on saksa keele \u00f5pik-k\u00e4siraamat, mis annab oskuse t\u00f6\u00f6alaste kirjade koostamiseks ja dokumentide vormistamiseks. Eeldab kasutajalt saksa keele grammatika ja \u00fclds\u00f5navara tundmist. \u201eKorrespondenz\u201d on h\u00e4sti liigendatud ja \u00fclevaatlik \u00f5pik. Kirjan\u00e4idistele lisaks on esitatud kirjade mudelid ja struktuurid, mis kasutajat kirjade koostamisel abistavad.<\/p>\n","protected":false},"excerpt":{"rendered":"<p>Lehrbuch der deutschen Gesch\u00e4ftssprache f\u00fcr Esten. Saksa \u00e4rikeele \u00f5pik. &#171;Korrespondenz&#187; on saksa keele \u00f5pik-k\u00e4siraamat, mis annab oskuse t\u00f6\u00f6alaste kirjade koostamiseks ja dokumentide vormistamiseks. Eeldab kasutajalt saksa keele grammatika ja \u00fclds\u00f5navara tundmist. \u201eKorrespondenz\u201d on h\u00e4sti liigendatud ja \u00fclevaatlik \u00f5pik. Kirjan\u00e4idistele lisaks&#8230;<\/p>\n","protected":false},"featured_media":125458,"template":"","meta":{"_acf_changed":false,"inline_featured_image":false},"product_brand":[],"product_cat":[2393],"product_tag":[],"series":[],"publisher":[{"id":692,"name":"TEA","slug":"tea"}],"class_list":{"0":"post-130416","1":"product","2":"type-product","3":"status-publish","4":"has-post-thumbnail","6":"product_cat-tk-muud","7":"publisher-tea","9":"first","10":"instock","11":"taxable","12":"shipping-taxable","13":"purchasable","14":"product-type-simple"},"acf":[],"_links":{"self":[{"href":"https:\/\/exlibris.ee\/ru\/wp-json\/wp\/v2\/product\/130416","targetHints":{"allow":["GET"]}}],"collection":[{"href":"https:\/\/exlibris.ee\/ru\/wp-json\/wp\/v2\/product"}],"about":[{"href":"https:\/\/exlibris.ee\/ru\/wp-json\/wp\/v2\/types\/product"}],"wp:featuredmedia":[{"embeddable":true,"href":"https:\/\/exlibris.ee\/ru\/wp-json\/wp\/v2\/media\/125458"}],"wp:attachment":[{"href":"https:\/\/exlibris.ee\/ru\/wp-json\/wp\/v2\/media?parent=130416"}],"wp:term":[{"taxonomy":"product_brand","embeddable":true,"href":"https:\/\/exlibris.ee\/ru\/wp-json\/wp\/v2\/product_brand?post=130416"},{"taxonomy":"product_cat","embeddable":true,"href":"https:\/\/exlibris.ee\/ru\/wp-json\/wp\/v2\/product_cat?post=130416"},{"taxonomy":"product_tag","embeddable":true,"href":"https:\/\/exlibris.ee\/ru\/wp-json\/wp\/v2\/product_tag?post=130416"},{"taxonomy":"series","embeddable":true,"href":"https:\/\/exlibris.ee\/ru\/wp-json\/wp\/v2\/series?post=130416"},{"taxonomy":"publisher","embeddable":true,"href":"https:\/\/exlibris.ee\/ru\/wp-json\/wp\/v2\/publisher?post=130416"}],"curies":[{"name":"wp","href":"https:\/\/api.w.org\/{rel}","templated":true}]}}