{"id":130422,"date":"2024-05-02T05:26:51","date_gmt":"2024-05-02T02:26:51","guid":{"rendered":"https:\/\/exlibris.ee\/toode\/personalijuhtimise-kasiraamat\/"},"modified":"2026-04-17T19:53:20","modified_gmt":"2026-04-17T16:53:20","slug":"personalijuhtimise-kasiraamat","status":"publish","type":"product","link":"https:\/\/exlibris.ee\/ru\/produkt\/personalijuhtimise-kasiraamat\/","title":{"rendered":"Personalijuhtimise k\u00e4siraamat"},"content":{"rendered":"<p>Kallis lugeja! K\u00e4esolev personalijuhtimise k\u00e4siraamat on m\u00f5eldud k\u00f5igile, kes personalijuhtimise vastu huvi tunnevad. Raamatust v\u00f5ib abi olla nii personalijuhile, tegevjuhile kui ka teistele juhtidele, kes korraldavad teiste inimeste t\u00f6\u00f6d. Samuti saavad sealt teadmisi \u00fcli\u00f5pilased ja need, kes personalit\u00f6\u00f6ga alles algust teevad. Raamat koosneb kolmest osast: teooriaosa, intervjuud Eesti personalit\u00f6\u00f6tajate ja juhtidega ning personalit\u00f6\u00f6 abimaterjalid ettev\u00f5ttes. Raamatu koostamisel tegid suure t\u00f6\u00f6 \u00e4ra Eesti K\u00f5rgema Kommertskooli \u00fcli\u00f5pilased, kes viisid l\u00e4bi intervjuud ja kogusid dokumentatsiooni, samuti Eesti personalit\u00f6\u00f6tajad ja juhid, kes leidsid aega ja n\u00f5ustusid \u00fcli\u00f5pilasi personalit\u00f6\u00f6 saladustesse p\u00fchendama. Suur t\u00e4nu k\u00f5igile!<\/p>\n","protected":false},"excerpt":{"rendered":"<p>Kallis lugeja! K\u00e4esolev personalijuhtimise k\u00e4siraamat on m\u00f5eldud k\u00f5igile, kes personalijuhtimise vastu huvi tunnevad. Raamatust v\u00f5ib abi olla nii personalijuhile, tegevjuhile kui ka teistele juhtidele, kes korraldavad teiste inimeste t\u00f6\u00f6d. Samuti saavad sealt teadmisi \u00fcli\u00f5pilased ja need, kes personalit\u00f6\u00f6ga alles algust&#8230;<\/p>\n","protected":false},"featured_media":125467,"template":"","meta":{"_acf_changed":false,"inline_featured_image":false},"product_brand":[],"product_cat":[2349],"product_tag":[],"series":[],"publisher":[{"id":2758,"name":"K\u00fclim","slug":"kulim"}],"class_list":{"0":"post-130422","1":"product","2":"type-product","3":"status-publish","4":"has-post-thumbnail","6":"product_cat-tr-eesti","7":"publisher-kulim","9":"first","10":"instock","11":"taxable","12":"shipping-taxable","13":"purchasable","14":"product-type-simple"},"acf":[],"_links":{"self":[{"href":"https:\/\/exlibris.ee\/ru\/wp-json\/wp\/v2\/product\/130422","targetHints":{"allow":["GET"]}}],"collection":[{"href":"https:\/\/exlibris.ee\/ru\/wp-json\/wp\/v2\/product"}],"about":[{"href":"https:\/\/exlibris.ee\/ru\/wp-json\/wp\/v2\/types\/product"}],"wp:featuredmedia":[{"embeddable":true,"href":"https:\/\/exlibris.ee\/ru\/wp-json\/wp\/v2\/media\/125467"}],"wp:attachment":[{"href":"https:\/\/exlibris.ee\/ru\/wp-json\/wp\/v2\/media?parent=130422"}],"wp:term":[{"taxonomy":"product_brand","embeddable":true,"href":"https:\/\/exlibris.ee\/ru\/wp-json\/wp\/v2\/product_brand?post=130422"},{"taxonomy":"product_cat","embeddable":true,"href":"https:\/\/exlibris.ee\/ru\/wp-json\/wp\/v2\/product_cat?post=130422"},{"taxonomy":"product_tag","embeddable":true,"href":"https:\/\/exlibris.ee\/ru\/wp-json\/wp\/v2\/product_tag?post=130422"},{"taxonomy":"series","embeddable":true,"href":"https:\/\/exlibris.ee\/ru\/wp-json\/wp\/v2\/series?post=130422"},{"taxonomy":"publisher","embeddable":true,"href":"https:\/\/exlibris.ee\/ru\/wp-json\/wp\/v2\/publisher?post=130422"}],"curies":[{"name":"wp","href":"https:\/\/api.w.org\/{rel}","templated":true}]}}