{"id":130427,"date":"2024-05-02T05:26:52","date_gmt":"2024-05-02T02:26:52","guid":{"rendered":"https:\/\/exlibris.ee\/toode\/lepingute-kogumik\/"},"modified":"2026-04-03T13:26:00","modified_gmt":"2026-04-03T10:26:00","slug":"lepingute-kogumik","status":"publish","type":"product","link":"https:\/\/exlibris.ee\/ru\/produkt\/lepingute-kogumik\/","title":{"rendered":"Lepingute kogumik"},"content":{"rendered":"<p>Praktiline k\u00e4siraamat. Jurist Uido Truija on s\u00fcndinud 1944. aastal V\u00f5rumaal. L\u00f5petanud Tallinna Merekooli laevajuhina ja \u00dcleliidulise Juriidilise Instituudi Moskvas. T\u00f6\u00f6tanud prokuratuuri uurijana, prokur\u00f6ri aset\u00e4itjana, prokur\u00f6rina ja majandusjuristina. Praegu t\u00f6\u00f6tab advokaadina. Kui inimene annab inimesele h\u00f5bedat seltsis tegutsemiseks, siis kasu v\u00f5i kahju, mis sellest tekib, tuleb Jumala palge ees jagada v\u00f5rdselt (V\u00e4ljav\u00f5te Hammurapi seadusest; XVIII saj eKR)<\/p>\n","protected":false},"excerpt":{"rendered":"<p>Praktiline k\u00e4siraamat. Jurist Uido Truija on s\u00fcndinud 1944. aastal V\u00f5rumaal. L\u00f5petanud Tallinna Merekooli laevajuhina ja \u00dcleliidulise Juriidilise Instituudi Moskvas. T\u00f6\u00f6tanud prokuratuuri uurijana, prokur\u00f6ri aset\u00e4itjana, prokur\u00f6rina ja majandusjuristina. Praegu t\u00f6\u00f6tab advokaadina. Kui inimene annab inimesele h\u00f5bedat seltsis tegutsemiseks, siis kasu v\u00f5i&#8230;<\/p>\n","protected":false},"featured_media":126201,"template":"","meta":{"_acf_changed":false,"inline_featured_image":false},"product_brand":[],"product_cat":[2421],"product_tag":[],"series":[],"publisher":[{"id":2751,"name":"Estada","slug":"estada"}],"class_list":{"0":"post-130427","1":"product","2":"type-product","3":"status-publish","4":"has-post-thumbnail","6":"product_cat-rmaj-eesti","7":"publisher-estada","9":"first","10":"instock","11":"taxable","12":"shipping-taxable","13":"purchasable","14":"product-type-simple"},"acf":[],"_links":{"self":[{"href":"https:\/\/exlibris.ee\/ru\/wp-json\/wp\/v2\/product\/130427","targetHints":{"allow":["GET"]}}],"collection":[{"href":"https:\/\/exlibris.ee\/ru\/wp-json\/wp\/v2\/product"}],"about":[{"href":"https:\/\/exlibris.ee\/ru\/wp-json\/wp\/v2\/types\/product"}],"wp:featuredmedia":[{"embeddable":true,"href":"https:\/\/exlibris.ee\/ru\/wp-json\/wp\/v2\/media\/126201"}],"wp:attachment":[{"href":"https:\/\/exlibris.ee\/ru\/wp-json\/wp\/v2\/media?parent=130427"}],"wp:term":[{"taxonomy":"product_brand","embeddable":true,"href":"https:\/\/exlibris.ee\/ru\/wp-json\/wp\/v2\/product_brand?post=130427"},{"taxonomy":"product_cat","embeddable":true,"href":"https:\/\/exlibris.ee\/ru\/wp-json\/wp\/v2\/product_cat?post=130427"},{"taxonomy":"product_tag","embeddable":true,"href":"https:\/\/exlibris.ee\/ru\/wp-json\/wp\/v2\/product_tag?post=130427"},{"taxonomy":"series","embeddable":true,"href":"https:\/\/exlibris.ee\/ru\/wp-json\/wp\/v2\/series?post=130427"},{"taxonomy":"publisher","embeddable":true,"href":"https:\/\/exlibris.ee\/ru\/wp-json\/wp\/v2\/publisher?post=130427"}],"curies":[{"name":"wp","href":"https:\/\/api.w.org\/{rel}","templated":true}]}}