{"id":133055,"date":"2024-05-18T03:57:04","date_gmt":"2024-05-18T00:57:04","guid":{"rendered":"https:\/\/exlibris.ee\/toode\/ht-for-business-people-handbook-and-textbook-for-everyday-business-english-audiocd-cd-rom\/"},"modified":"2026-04-15T20:02:50","modified_gmt":"2026-04-15T17:02:50","slug":"ht-for-business-people-handbook-and-textbook-for-everyday-business-english-audiocd-cd-rom","status":"publish","type":"product","link":"https:\/\/exlibris.ee\/ru\/produkt\/ht-for-business-people-handbook-and-textbook-for-everyday-business-english-audiocd-cd-rom\/","title":{"rendered":"H&amp;T for Business People: Handbook and Textbook for Everyday Business English + AudioCD\/CD-ROM"},"content":{"rendered":"<p>H&amp;T for Business People on t\u00f6\u00f6alase inglise keele k\u00e4siraamat-\u00f5ppekomplekt, mis koosneb raamatust, audio-CDst ja CD-ROMist.<br \/>\nH&amp;T for Business People on k\u00e4siraamat iga\u00fchele, kes tahab avatud maailmas ajada oma igap\u00e4evaseid t\u00f6\u00f6asju ladusas inglise keeles.<br \/>\nH&amp;T for Business People v\u00f5ib olla nii tippjuhi kui sekret\u00e4ri b\u00fcrooriiulis ja keegi ei aimagi, et tegemist on targa \u00f5piku ja k\u00e4ep\u00e4rase spikriga peaaegu igaks olukorraks.<\/p>\n","protected":false},"excerpt":{"rendered":"<p>H&amp;T for Business People on t\u00f6\u00f6alase inglise keele k\u00e4siraamat-\u00f5ppekomplekt, mis koosneb raamatust, audio-CDst ja CD-ROMist. H&amp;T for Business People on k\u00e4siraamat iga\u00fchele, kes tahab avatud maailmas ajada oma igap\u00e4evaseid t\u00f6\u00f6asju ladusas inglise keeles. H&amp;T for Business People v\u00f5ib olla nii&#8230;<\/p>\n","protected":false},"featured_media":119130,"template":"","meta":{"_acf_changed":false,"inline_featured_image":false},"product_brand":[],"product_cat":[196],"product_tag":[],"series":[],"publisher":[{"id":692,"name":"TEA","slug":"tea"}],"class_list":{"0":"post-133055","1":"product","2":"type-product","3":"status-publish","4":"has-post-thumbnail","6":"product_cat-professional-and-business-english","7":"publisher-tea","9":"first","10":"instock","11":"taxable","12":"shipping-taxable","13":"purchasable","14":"product-type-simple"},"acf":[],"_links":{"self":[{"href":"https:\/\/exlibris.ee\/ru\/wp-json\/wp\/v2\/product\/133055","targetHints":{"allow":["GET"]}}],"collection":[{"href":"https:\/\/exlibris.ee\/ru\/wp-json\/wp\/v2\/product"}],"about":[{"href":"https:\/\/exlibris.ee\/ru\/wp-json\/wp\/v2\/types\/product"}],"wp:featuredmedia":[{"embeddable":true,"href":"https:\/\/exlibris.ee\/ru\/wp-json\/wp\/v2\/media\/119130"}],"wp:attachment":[{"href":"https:\/\/exlibris.ee\/ru\/wp-json\/wp\/v2\/media?parent=133055"}],"wp:term":[{"taxonomy":"product_brand","embeddable":true,"href":"https:\/\/exlibris.ee\/ru\/wp-json\/wp\/v2\/product_brand?post=133055"},{"taxonomy":"product_cat","embeddable":true,"href":"https:\/\/exlibris.ee\/ru\/wp-json\/wp\/v2\/product_cat?post=133055"},{"taxonomy":"product_tag","embeddable":true,"href":"https:\/\/exlibris.ee\/ru\/wp-json\/wp\/v2\/product_tag?post=133055"},{"taxonomy":"series","embeddable":true,"href":"https:\/\/exlibris.ee\/ru\/wp-json\/wp\/v2\/series?post=133055"},{"taxonomy":"publisher","embeddable":true,"href":"https:\/\/exlibris.ee\/ru\/wp-json\/wp\/v2\/publisher?post=133055"}],"curies":[{"name":"wp","href":"https:\/\/api.w.org\/{rel}","templated":true}]}}