{"id":133059,"date":"2024-05-19T02:45:24","date_gmt":"2024-05-18T23:45:24","guid":{"rendered":"https:\/\/exlibris.ee\/toode\/koprad-ja-saladuslik-puuvili\/"},"modified":"2026-04-14T03:53:47","modified_gmt":"2026-04-14T00:53:47","slug":"koprad-ja-saladuslik-puuvili","status":"publish","type":"product","link":"https:\/\/exlibris.ee\/ru\/produkt\/koprad-ja-saladuslik-puuvili\/","title":{"rendered":"Koprad ja saladuslik puuvili"},"content":{"rendered":"<p>Koprad elavad j\u00f5e \u00e4\u00e4res ja k\u00e4ivad metsas harva \u2013 neil pole aega. Uudishimulik koprapoeg tahtis aga n\u00e4ha, kes metsas elavad, missugused on seened ja kus kasvavad maitsvad marjad. Ta proovis k\u00f5ike, s\u00f5brunes usina siili ja nobeda oravaga, tutvus targa rongaga, puutus kokku pahurate metssigadega, kuulas k\u00e4distavat harakat, v\u00f5itles k\u00f5ige hirmsama metsloomaga ning sai teada palju uut. Raamat on k\u00f5vade kaante ja v\u00e4rvilise sisuga. Raamatu m\u00f5\u00f5dud on 161\u00d7206 mm, maht 48 lehek\u00fclge.<\/p>\n","protected":false},"excerpt":{"rendered":"<p>Koprad elavad j\u00f5e \u00e4\u00e4res ja k\u00e4ivad metsas harva \u2013 neil pole aega. Uudishimulik koprapoeg tahtis aga n\u00e4ha, kes metsas elavad, missugused on seened ja kus kasvavad maitsvad marjad. Ta proovis k\u00f5ike, s\u00f5brunes usina siili ja nobeda oravaga, tutvus targa rongaga,&#8230;<\/p>\n","protected":false},"featured_media":133155,"template":"","meta":{"_acf_changed":false,"inline_featured_image":false},"product_brand":[],"product_cat":[2410],"product_tag":[],"series":[],"publisher":[{"id":2830,"name":"Hea Tegu","slug":"hea-tegu"}],"class_list":{"0":"post-133059","1":"product","2":"type-product","3":"status-publish","4":"has-post-thumbnail","6":"product_cat-rlas-eesti","7":"publisher-hea-tegu","9":"first","10":"instock","11":"taxable","12":"shipping-taxable","13":"purchasable","14":"product-type-simple"},"acf":[],"_links":{"self":[{"href":"https:\/\/exlibris.ee\/ru\/wp-json\/wp\/v2\/product\/133059","targetHints":{"allow":["GET"]}}],"collection":[{"href":"https:\/\/exlibris.ee\/ru\/wp-json\/wp\/v2\/product"}],"about":[{"href":"https:\/\/exlibris.ee\/ru\/wp-json\/wp\/v2\/types\/product"}],"wp:featuredmedia":[{"embeddable":true,"href":"https:\/\/exlibris.ee\/ru\/wp-json\/wp\/v2\/media\/133155"}],"wp:attachment":[{"href":"https:\/\/exlibris.ee\/ru\/wp-json\/wp\/v2\/media?parent=133059"}],"wp:term":[{"taxonomy":"product_brand","embeddable":true,"href":"https:\/\/exlibris.ee\/ru\/wp-json\/wp\/v2\/product_brand?post=133059"},{"taxonomy":"product_cat","embeddable":true,"href":"https:\/\/exlibris.ee\/ru\/wp-json\/wp\/v2\/product_cat?post=133059"},{"taxonomy":"product_tag","embeddable":true,"href":"https:\/\/exlibris.ee\/ru\/wp-json\/wp\/v2\/product_tag?post=133059"},{"taxonomy":"series","embeddable":true,"href":"https:\/\/exlibris.ee\/ru\/wp-json\/wp\/v2\/series?post=133059"},{"taxonomy":"publisher","embeddable":true,"href":"https:\/\/exlibris.ee\/ru\/wp-json\/wp\/v2\/publisher?post=133059"}],"curies":[{"name":"wp","href":"https:\/\/api.w.org\/{rel}","templated":true}]}}