{"id":133064,"date":"2024-05-19T02:45:24","date_gmt":"2024-05-18T23:45:24","guid":{"rendered":"https:\/\/exlibris.ee\/toode\/draakon-sadesaba\/"},"modified":"2026-04-16T21:39:31","modified_gmt":"2026-04-16T18:39:31","slug":"draakon-sadesaba","status":"publish","type":"product","link":"https:\/\/exlibris.ee\/ru\/produkt\/draakon-sadesaba\/","title":{"rendered":"Draakon S\u00e4desaba"},"content":{"rendered":"<p>Aeg, mil verejanulised draakonid laastasid linnu ja k\u00fclasid ning jahtisid printsesse, on ammu m\u00f6\u00f6das. T\u00e4nap\u00e4eval on nad targad, neile meeldivad muusika ja luule, ning et mitte kedagi rohkem hirmutada, kolisid nad elama k\u00f5rgele m\u00e4gedesse. Maailma salatarkuste avastamiseks, selle elanike m\u00f5istmiseks ja ise k\u00f5ige n\u00e4gemiseks lendas vallatu S\u00e4desaba laia maailma, sest lapsed saavad targaks ainult hoolega \u00f5ppides. Raamat on k\u00f5vade kaante ja v\u00e4rvilise sisuga. Raamatu m\u00f5\u00f5dud on 255\u0445182 mm, maht 80 lehek\u00fclge.<\/p>\n","protected":false},"excerpt":{"rendered":"<p>Aeg, mil verejanulised draakonid laastasid linnu ja k\u00fclasid ning jahtisid printsesse, on ammu m\u00f6\u00f6das. T\u00e4nap\u00e4eval on nad targad, neile meeldivad muusika ja luule, ning et mitte kedagi rohkem hirmutada, kolisid nad elama k\u00f5rgele m\u00e4gedesse. Maailma salatarkuste avastamiseks, selle elanike m\u00f5istmiseks&#8230;<\/p>\n","protected":false},"featured_media":133170,"template":"","meta":{"_acf_changed":false,"inline_featured_image":false},"product_brand":[],"product_cat":[2410],"product_tag":[],"series":[],"publisher":[{"id":2830,"name":"Hea Tegu","slug":"hea-tegu"}],"class_list":{"0":"post-133064","1":"product","2":"type-product","3":"status-publish","4":"has-post-thumbnail","6":"product_cat-rlas-eesti","7":"publisher-hea-tegu","9":"first","10":"onbackorder","11":"taxable","12":"shipping-taxable","13":"purchasable","14":"product-type-simple"},"acf":[],"_links":{"self":[{"href":"https:\/\/exlibris.ee\/ru\/wp-json\/wp\/v2\/product\/133064","targetHints":{"allow":["GET"]}}],"collection":[{"href":"https:\/\/exlibris.ee\/ru\/wp-json\/wp\/v2\/product"}],"about":[{"href":"https:\/\/exlibris.ee\/ru\/wp-json\/wp\/v2\/types\/product"}],"wp:featuredmedia":[{"embeddable":true,"href":"https:\/\/exlibris.ee\/ru\/wp-json\/wp\/v2\/media\/133170"}],"wp:attachment":[{"href":"https:\/\/exlibris.ee\/ru\/wp-json\/wp\/v2\/media?parent=133064"}],"wp:term":[{"taxonomy":"product_brand","embeddable":true,"href":"https:\/\/exlibris.ee\/ru\/wp-json\/wp\/v2\/product_brand?post=133064"},{"taxonomy":"product_cat","embeddable":true,"href":"https:\/\/exlibris.ee\/ru\/wp-json\/wp\/v2\/product_cat?post=133064"},{"taxonomy":"product_tag","embeddable":true,"href":"https:\/\/exlibris.ee\/ru\/wp-json\/wp\/v2\/product_tag?post=133064"},{"taxonomy":"series","embeddable":true,"href":"https:\/\/exlibris.ee\/ru\/wp-json\/wp\/v2\/series?post=133064"},{"taxonomy":"publisher","embeddable":true,"href":"https:\/\/exlibris.ee\/ru\/wp-json\/wp\/v2\/publisher?post=133064"}],"curies":[{"name":"wp","href":"https:\/\/api.w.org\/{rel}","templated":true}]}}