{"id":133346,"date":"2024-05-22T03:41:04","date_gmt":"2024-05-22T00:41:04","guid":{"rendered":"https:\/\/exlibris.ee\/toode\/controlling-algajatele\/"},"modified":"2026-04-25T01:49:00","modified_gmt":"2026-04-24T22:49:00","slug":"controlling-algajatele","status":"publish","type":"product","link":"https:\/\/exlibris.ee\/ru\/produkt\/controlling-algajatele\/","title":{"rendered":"Controlling algajatele"},"content":{"rendered":"<p>Raamat on praktiline k\u00e4siraamat neile, kes tahaksid ettev\u00f5ttes \u00fcles ehitada kasumi kujundamise ja juhtimise s\u00fcsteemi. See eeldab eelk\u00f5ige tulude ja kulude teadlikku juhtimist ettev\u00f5ttesiseste tulemus\u00fcksuste ja vastutuskeskuste kaudu. Kirjeldatud controllingu kontseptsiooni on n\u00e4itlikustatud \u00fche Saksamaa ettev\u00f5tte controllings\u00fcsteemi \u00fclesehituse ja funktsioneerimise tutvustamise kaudu.<\/p>\n","protected":false},"excerpt":{"rendered":"<p>Raamat on praktiline k\u00e4siraamat neile, kes tahaksid ettev\u00f5ttes \u00fcles ehitada kasumi kujundamise ja juhtimise s\u00fcsteemi. See eeldab eelk\u00f5ige tulude ja kulude teadlikku juhtimist ettev\u00f5ttesiseste tulemus\u00fcksuste ja vastutuskeskuste kaudu. Kirjeldatud controllingu kontseptsiooni on n\u00e4itlikustatud \u00fche Saksamaa ettev\u00f5tte controllings\u00fcsteemi \u00fclesehituse ja funktsioneerimise&#8230;<\/p>\n","protected":false},"featured_media":133231,"template":"","meta":{"_acf_changed":false,"inline_featured_image":false},"product_brand":[],"product_cat":[2421],"product_tag":[],"series":[],"publisher":[{"id":2843,"name":"Elmatar","slug":"elmatar"}],"class_list":{"0":"post-133346","1":"product","2":"type-product","3":"status-publish","4":"has-post-thumbnail","6":"product_cat-rmaj-eesti","7":"publisher-elmatar","9":"first","10":"instock","11":"taxable","12":"shipping-taxable","13":"purchasable","14":"product-type-simple"},"acf":[],"_links":{"self":[{"href":"https:\/\/exlibris.ee\/ru\/wp-json\/wp\/v2\/product\/133346","targetHints":{"allow":["GET"]}}],"collection":[{"href":"https:\/\/exlibris.ee\/ru\/wp-json\/wp\/v2\/product"}],"about":[{"href":"https:\/\/exlibris.ee\/ru\/wp-json\/wp\/v2\/types\/product"}],"wp:featuredmedia":[{"embeddable":true,"href":"https:\/\/exlibris.ee\/ru\/wp-json\/wp\/v2\/media\/133231"}],"wp:attachment":[{"href":"https:\/\/exlibris.ee\/ru\/wp-json\/wp\/v2\/media?parent=133346"}],"wp:term":[{"taxonomy":"product_brand","embeddable":true,"href":"https:\/\/exlibris.ee\/ru\/wp-json\/wp\/v2\/product_brand?post=133346"},{"taxonomy":"product_cat","embeddable":true,"href":"https:\/\/exlibris.ee\/ru\/wp-json\/wp\/v2\/product_cat?post=133346"},{"taxonomy":"product_tag","embeddable":true,"href":"https:\/\/exlibris.ee\/ru\/wp-json\/wp\/v2\/product_tag?post=133346"},{"taxonomy":"series","embeddable":true,"href":"https:\/\/exlibris.ee\/ru\/wp-json\/wp\/v2\/series?post=133346"},{"taxonomy":"publisher","embeddable":true,"href":"https:\/\/exlibris.ee\/ru\/wp-json\/wp\/v2\/publisher?post=133346"}],"curies":[{"name":"wp","href":"https:\/\/api.w.org\/{rel}","templated":true}]}}