{"id":133844,"date":"2024-06-05T01:08:21","date_gmt":"2024-06-04T22:08:21","guid":{"rendered":"https:\/\/exlibris.ee\/toode\/inglise-eesti-eesti-inglise-elektrisonastik\/"},"modified":"2026-04-07T09:10:14","modified_gmt":"2026-04-07T06:10:14","slug":"inglise-eesti-eesti-inglise-elektrisonastik","status":"publish","type":"product","link":"https:\/\/exlibris.ee\/ru\/produkt\/inglise-eesti-eesti-inglise-elektrisonastik\/","title":{"rendered":"Inglise-eesti eesti-inglise elektris\u00f5nastik"},"content":{"rendered":"<p>K\u00e4esolevas s\u00f5nastikus on umbes 1500 ingliskeelset elektrialast m\u00e4rks\u00f5na ja v\u00e4ljendit. S\u00f5nastiku kasutamine k\u00f5nekeeles eeldab algteadmisi inglise keele kohta. Elektris\u00f5nastik on abivahendiks nii elektrijaamade ja elektriv\u00f5rkudega tegelevatele energeetikutele kui ka elektrimontaa\u017ei ja kodumasinatega tegelevatele elektrikutele.<\/p>\n","protected":false},"excerpt":{"rendered":"<p>K\u00e4esolevas s\u00f5nastikus on umbes 1500 ingliskeelset elektrialast m\u00e4rks\u00f5na ja v\u00e4ljendit. S\u00f5nastiku kasutamine k\u00f5nekeeles eeldab algteadmisi inglise keele kohta. Elektris\u00f5nastik on abivahendiks nii elektrijaamade ja elektriv\u00f5rkudega tegelevatele energeetikutele kui ka elektrimontaa\u017ei ja kodumasinatega tegelevatele elektrikutele.<\/p>\n","protected":false},"featured_media":133419,"template":"","meta":{"_acf_changed":false,"inline_featured_image":false},"product_brand":[],"product_cat":[2391],"product_tag":[],"series":[],"publisher":[],"class_list":{"0":"post-133844","1":"product","2":"type-product","3":"status-publish","4":"has-post-thumbnail","6":"product_cat-tk-inglise","8":"first","9":"instock","10":"taxable","11":"shipping-taxable","12":"purchasable","13":"product-type-simple"},"acf":[],"_links":{"self":[{"href":"https:\/\/exlibris.ee\/ru\/wp-json\/wp\/v2\/product\/133844","targetHints":{"allow":["GET"]}}],"collection":[{"href":"https:\/\/exlibris.ee\/ru\/wp-json\/wp\/v2\/product"}],"about":[{"href":"https:\/\/exlibris.ee\/ru\/wp-json\/wp\/v2\/types\/product"}],"wp:featuredmedia":[{"embeddable":true,"href":"https:\/\/exlibris.ee\/ru\/wp-json\/wp\/v2\/media\/133419"}],"wp:attachment":[{"href":"https:\/\/exlibris.ee\/ru\/wp-json\/wp\/v2\/media?parent=133844"}],"wp:term":[{"taxonomy":"product_brand","embeddable":true,"href":"https:\/\/exlibris.ee\/ru\/wp-json\/wp\/v2\/product_brand?post=133844"},{"taxonomy":"product_cat","embeddable":true,"href":"https:\/\/exlibris.ee\/ru\/wp-json\/wp\/v2\/product_cat?post=133844"},{"taxonomy":"product_tag","embeddable":true,"href":"https:\/\/exlibris.ee\/ru\/wp-json\/wp\/v2\/product_tag?post=133844"},{"taxonomy":"series","embeddable":true,"href":"https:\/\/exlibris.ee\/ru\/wp-json\/wp\/v2\/series?post=133844"},{"taxonomy":"publisher","embeddable":true,"href":"https:\/\/exlibris.ee\/ru\/wp-json\/wp\/v2\/publisher?post=133844"}],"curies":[{"name":"wp","href":"https:\/\/api.w.org\/{rel}","templated":true}]}}