{"id":133847,"date":"2024-06-05T01:08:22","date_gmt":"2024-06-04T22:08:22","guid":{"rendered":"https:\/\/exlibris.ee\/toode\/toovaidlused-2000\/"},"modified":"2026-04-17T23:49:37","modified_gmt":"2026-04-17T20:49:37","slug":"toovaidlused-2000","status":"publish","type":"product","link":"https:\/\/exlibris.ee\/ru\/produkt\/toovaidlused-2000\/","title":{"rendered":"T\u00f6\u00f6vaidlused 2000"},"content":{"rendered":"<p>K\u00e4esolev raamat t\u00f6\u00f6vaidlustest ja t\u00f6\u00f6suhetest on p\u00fchendatud t\u00f6\u00f6tajatele ja t\u00f6\u00f6andjatele. Tuues v\u00e4lja olulisemad n\u00fcansid t\u00f6\u00f6suhetest, samuti t\u00f6\u00f6v\u00f5tjate ja t\u00f6\u00f6andjate vahelistest konfliktsituatsioonidest, oleme k\u00e4esolevas v\u00e4ljaandes astunud sammu l\u00e4hemale igap\u00e4evasele praktilisele t\u00f6\u00f6elule.<\/p>\n","protected":false},"excerpt":{"rendered":"<p>K\u00e4esolev raamat t\u00f6\u00f6vaidlustest ja t\u00f6\u00f6suhetest on p\u00fchendatud t\u00f6\u00f6tajatele ja t\u00f6\u00f6andjatele. Tuues v\u00e4lja olulisemad n\u00fcansid t\u00f6\u00f6suhetest, samuti t\u00f6\u00f6v\u00f5tjate ja t\u00f6\u00f6andjate vahelistest konfliktsituatsioonidest, oleme k\u00e4esolevas v\u00e4ljaandes astunud sammu l\u00e4hemale igap\u00e4evasele praktilisele t\u00f6\u00f6elule.<\/p>\n","protected":false},"featured_media":133443,"template":"","meta":{"_acf_changed":false,"inline_featured_image":false},"product_brand":[],"product_cat":[2349],"product_tag":[],"series":[],"publisher":[{"id":2848,"name":"Ten-Team O\u00dc","slug":"ten-team-ou"}],"class_list":{"0":"post-133847","1":"product","2":"type-product","3":"status-publish","4":"has-post-thumbnail","6":"product_cat-tr-eesti","7":"publisher-ten-team-ou","9":"first","10":"instock","11":"taxable","12":"shipping-taxable","13":"purchasable","14":"product-type-simple"},"acf":[],"_links":{"self":[{"href":"https:\/\/exlibris.ee\/ru\/wp-json\/wp\/v2\/product\/133847","targetHints":{"allow":["GET"]}}],"collection":[{"href":"https:\/\/exlibris.ee\/ru\/wp-json\/wp\/v2\/product"}],"about":[{"href":"https:\/\/exlibris.ee\/ru\/wp-json\/wp\/v2\/types\/product"}],"wp:featuredmedia":[{"embeddable":true,"href":"https:\/\/exlibris.ee\/ru\/wp-json\/wp\/v2\/media\/133443"}],"wp:attachment":[{"href":"https:\/\/exlibris.ee\/ru\/wp-json\/wp\/v2\/media?parent=133847"}],"wp:term":[{"taxonomy":"product_brand","embeddable":true,"href":"https:\/\/exlibris.ee\/ru\/wp-json\/wp\/v2\/product_brand?post=133847"},{"taxonomy":"product_cat","embeddable":true,"href":"https:\/\/exlibris.ee\/ru\/wp-json\/wp\/v2\/product_cat?post=133847"},{"taxonomy":"product_tag","embeddable":true,"href":"https:\/\/exlibris.ee\/ru\/wp-json\/wp\/v2\/product_tag?post=133847"},{"taxonomy":"series","embeddable":true,"href":"https:\/\/exlibris.ee\/ru\/wp-json\/wp\/v2\/series?post=133847"},{"taxonomy":"publisher","embeddable":true,"href":"https:\/\/exlibris.ee\/ru\/wp-json\/wp\/v2\/publisher?post=133847"}],"curies":[{"name":"wp","href":"https:\/\/api.w.org\/{rel}","templated":true}]}}