{"id":133998,"date":"2024-06-05T03:27:23","date_gmt":"2024-06-05T00:27:23","guid":{"rendered":"https:\/\/exlibris.ee\/toode\/juhi-abi-ja-juhi-efektiivne-koostoo\/"},"modified":"2026-04-22T15:48:33","modified_gmt":"2026-04-22T12:48:33","slug":"juhi-abi-ja-juhi-efektiivne-koostoo","status":"publish","type":"product","link":"https:\/\/exlibris.ee\/ru\/produkt\/juhi-abi-ja-juhi-efektiivne-koostoo\/","title":{"rendered":"Juhi abi ja juhi efektiivne koost\u00f6\u00f6"},"content":{"rendered":"<p>Eda M\u00f6lder on \u00f5ppinud Tallinna Pedagoogilises Instituudis ja Professionaalse Ps\u00fchholoogia Erakoolis. \u00d5pib Vilniuse Ps\u00fchhoteraapia Koolituskeskuses grupi anal\u00fc\u00fctikuks. T\u00f6\u00f6tab Erakool Laudares arendusjuhina. On n\u00f5ustaja ja pedagoog.<\/p>\n","protected":false},"excerpt":{"rendered":"<p>Eda M\u00f6lder on \u00f5ppinud Tallinna Pedagoogilises Instituudis ja Professionaalse Ps\u00fchholoogia Erakoolis. \u00d5pib Vilniuse Ps\u00fchhoteraapia Koolituskeskuses grupi anal\u00fc\u00fctikuks. T\u00f6\u00f6tab Erakool Laudares arendusjuhina. On n\u00f5ustaja ja pedagoog.<\/p>\n","protected":false},"featured_media":133594,"template":"","meta":{"_acf_changed":false,"inline_featured_image":false},"product_brand":[],"product_cat":[2398],"product_tag":[],"series":[],"publisher":[{"id":2880,"name":"sekret\u00e4r.ee","slug":"sekretar-ee"}],"class_list":{"0":"post-133998","1":"product","2":"type-product","3":"status-publish","4":"has-post-thumbnail","6":"product_cat-lr-eesti","7":"publisher-sekretar-ee","9":"first","10":"instock","11":"taxable","12":"shipping-taxable","13":"purchasable","14":"product-type-simple"},"acf":[],"_links":{"self":[{"href":"https:\/\/exlibris.ee\/ru\/wp-json\/wp\/v2\/product\/133998","targetHints":{"allow":["GET"]}}],"collection":[{"href":"https:\/\/exlibris.ee\/ru\/wp-json\/wp\/v2\/product"}],"about":[{"href":"https:\/\/exlibris.ee\/ru\/wp-json\/wp\/v2\/types\/product"}],"wp:featuredmedia":[{"embeddable":true,"href":"https:\/\/exlibris.ee\/ru\/wp-json\/wp\/v2\/media\/133594"}],"wp:attachment":[{"href":"https:\/\/exlibris.ee\/ru\/wp-json\/wp\/v2\/media?parent=133998"}],"wp:term":[{"taxonomy":"product_brand","embeddable":true,"href":"https:\/\/exlibris.ee\/ru\/wp-json\/wp\/v2\/product_brand?post=133998"},{"taxonomy":"product_cat","embeddable":true,"href":"https:\/\/exlibris.ee\/ru\/wp-json\/wp\/v2\/product_cat?post=133998"},{"taxonomy":"product_tag","embeddable":true,"href":"https:\/\/exlibris.ee\/ru\/wp-json\/wp\/v2\/product_tag?post=133998"},{"taxonomy":"series","embeddable":true,"href":"https:\/\/exlibris.ee\/ru\/wp-json\/wp\/v2\/series?post=133998"},{"taxonomy":"publisher","embeddable":true,"href":"https:\/\/exlibris.ee\/ru\/wp-json\/wp\/v2\/publisher?post=133998"}],"curies":[{"name":"wp","href":"https:\/\/api.w.org\/{rel}","templated":true}]}}