{"id":133999,"date":"2024-06-05T03:27:23","date_gmt":"2024-06-05T00:27:23","guid":{"rendered":"https:\/\/exlibris.ee\/toode\/muugisuhtlus-ja-kliendikeskne-sekretaritoo\/"},"modified":"2026-04-22T15:48:33","modified_gmt":"2026-04-22T12:48:33","slug":"muugisuhtlus-ja-kliendikeskne-sekretaritoo","status":"publish","type":"product","link":"https:\/\/exlibris.ee\/ru\/produkt\/muugisuhtlus-ja-kliendikeskne-sekretaritoo\/","title":{"rendered":"M\u00fc\u00fcgisuhtlus ja kliendikeskne sekret\u00e4rit\u00f6\u00f6"},"content":{"rendered":"<p>Aet Leppik on l\u00f5petanud Tallinna Tehnika\u00fclikooli majandusteaduskonna t\u00f6\u00f6stuse planeerimise eriala. T\u00f6\u00f6tanud \u00f5ppimise k\u00f5rvalt Teaduste Akadeemia Majanduse Instituudis osakonna sekret\u00e4rina. K\u00e4esoleval ajal t\u00f6\u00f6tab A. Leppik rahvusvahelises konsultatsiooni- ja koolitusfirmas Mercuri International Eesti AS-i konsultandina. M\u00fc\u00fcgi- ja teeninduskursusi erinevatele sihtr\u00fchmadele, sh. sekret\u00e4ridele on ta l\u00e4bi viinud alates aastast 1992. Ka oma igap\u00e4evases t\u00f6\u00f6s tegeleb autor lisaks konsulteerimisele ja koolituste l\u00e4biviimisele, m\u00fc\u00fcgi- ja klienditeenindusega. Selles t\u00f6\u00f6s puutub ta palju kokku erinevate firmade sekret\u00e4ridega. Aet Leppik t\u00e4iendab end pidevalt erinevatel Mercuri Internationali koolitusel, samuti \u00f5ppides igap\u00e4evasest t\u00f6\u00f6st. Hetkel t\u00e4iendab autor end Pedagoogika \u00dclikooli sotsiaalteaduskonnas organisatsioonik\u00e4itumise erialal.<\/p>\n","protected":false},"excerpt":{"rendered":"<p>Aet Leppik on l\u00f5petanud Tallinna Tehnika\u00fclikooli majandusteaduskonna t\u00f6\u00f6stuse planeerimise eriala. T\u00f6\u00f6tanud \u00f5ppimise k\u00f5rvalt Teaduste Akadeemia Majanduse Instituudis osakonna sekret\u00e4rina. K\u00e4esoleval ajal t\u00f6\u00f6tab A. Leppik rahvusvahelises konsultatsiooni- ja koolitusfirmas Mercuri International Eesti AS-i konsultandina. M\u00fc\u00fcgi- ja teeninduskursusi erinevatele sihtr\u00fchmadele, sh. sekret\u00e4ridele&#8230;<\/p>\n","protected":false},"featured_media":133597,"template":"","meta":{"_acf_changed":false,"inline_featured_image":false},"product_brand":[],"product_cat":[2398],"product_tag":[],"series":[],"publisher":[{"id":2880,"name":"sekret\u00e4r.ee","slug":"sekretar-ee"}],"class_list":{"0":"post-133999","1":"product","2":"type-product","3":"status-publish","4":"has-post-thumbnail","6":"product_cat-lr-eesti","7":"publisher-sekretar-ee","9":"first","10":"instock","11":"taxable","12":"shipping-taxable","13":"purchasable","14":"product-type-simple"},"acf":[],"_links":{"self":[{"href":"https:\/\/exlibris.ee\/ru\/wp-json\/wp\/v2\/product\/133999","targetHints":{"allow":["GET"]}}],"collection":[{"href":"https:\/\/exlibris.ee\/ru\/wp-json\/wp\/v2\/product"}],"about":[{"href":"https:\/\/exlibris.ee\/ru\/wp-json\/wp\/v2\/types\/product"}],"wp:featuredmedia":[{"embeddable":true,"href":"https:\/\/exlibris.ee\/ru\/wp-json\/wp\/v2\/media\/133597"}],"wp:attachment":[{"href":"https:\/\/exlibris.ee\/ru\/wp-json\/wp\/v2\/media?parent=133999"}],"wp:term":[{"taxonomy":"product_brand","embeddable":true,"href":"https:\/\/exlibris.ee\/ru\/wp-json\/wp\/v2\/product_brand?post=133999"},{"taxonomy":"product_cat","embeddable":true,"href":"https:\/\/exlibris.ee\/ru\/wp-json\/wp\/v2\/product_cat?post=133999"},{"taxonomy":"product_tag","embeddable":true,"href":"https:\/\/exlibris.ee\/ru\/wp-json\/wp\/v2\/product_tag?post=133999"},{"taxonomy":"series","embeddable":true,"href":"https:\/\/exlibris.ee\/ru\/wp-json\/wp\/v2\/series?post=133999"},{"taxonomy":"publisher","embeddable":true,"href":"https:\/\/exlibris.ee\/ru\/wp-json\/wp\/v2\/publisher?post=133999"}],"curies":[{"name":"wp","href":"https:\/\/api.w.org\/{rel}","templated":true}]}}