{"id":134002,"date":"2024-06-05T03:27:23","date_gmt":"2024-06-05T00:27:23","guid":{"rendered":"https:\/\/exlibris.ee\/toode\/noorele-juhile-harjutusi-ametiredelil\/"},"modified":"2026-04-17T19:53:17","modified_gmt":"2026-04-17T16:53:17","slug":"noorele-juhile-harjutusi-ametiredelil","status":"publish","type":"product","link":"https:\/\/exlibris.ee\/ru\/produkt\/noorele-juhile-harjutusi-ametiredelil\/","title":{"rendered":"Noorele juhile. Harjutusi ametiredelil"},"content":{"rendered":"<p>Sinust on saanud juht. Sinu t\u00f6\u00f6d hinnates ei vaadata n\u00fc\u00fcd ainult seda, kuidas Sa ise hakkama saad, vaid ka seda, kuidas Su alluvad t\u00f6\u00f6tavad. See on uudne olukord, mis esitab sulle t\u00e4iesti uusi n\u00f5udmisi. Sa tuled oma uute kohustustega kergemini toime, kui tutvud \u00fcle 30 aasta juhina t\u00f6\u00f6tanud autori elutarkade ja heatahtlike n\u00f5uannetega, mis on julgustanud tuhandeid noori juhte.<\/p>\n","protected":false},"excerpt":{"rendered":"<p>Sinust on saanud juht. Sinu t\u00f6\u00f6d hinnates ei vaadata n\u00fc\u00fcd ainult seda, kuidas Sa ise hakkama saad, vaid ka seda, kuidas Su alluvad t\u00f6\u00f6tavad. See on uudne olukord, mis esitab sulle t\u00e4iesti uusi n\u00f5udmisi. Sa tuled oma uute kohustustega kergemini&#8230;<\/p>\n","protected":false},"featured_media":133588,"template":"","meta":{"_acf_changed":false,"inline_featured_image":false},"product_brand":[],"product_cat":[2349],"product_tag":[],"series":[],"publisher":[{"id":716,"name":"Koolibri","slug":"koolibri"}],"class_list":{"0":"post-134002","1":"product","2":"type-product","3":"status-publish","4":"has-post-thumbnail","6":"product_cat-tr-eesti","7":"publisher-koolibri","9":"first","10":"instock","11":"taxable","12":"shipping-taxable","13":"purchasable","14":"product-type-simple"},"acf":[],"_links":{"self":[{"href":"https:\/\/exlibris.ee\/ru\/wp-json\/wp\/v2\/product\/134002","targetHints":{"allow":["GET"]}}],"collection":[{"href":"https:\/\/exlibris.ee\/ru\/wp-json\/wp\/v2\/product"}],"about":[{"href":"https:\/\/exlibris.ee\/ru\/wp-json\/wp\/v2\/types\/product"}],"wp:featuredmedia":[{"embeddable":true,"href":"https:\/\/exlibris.ee\/ru\/wp-json\/wp\/v2\/media\/133588"}],"wp:attachment":[{"href":"https:\/\/exlibris.ee\/ru\/wp-json\/wp\/v2\/media?parent=134002"}],"wp:term":[{"taxonomy":"product_brand","embeddable":true,"href":"https:\/\/exlibris.ee\/ru\/wp-json\/wp\/v2\/product_brand?post=134002"},{"taxonomy":"product_cat","embeddable":true,"href":"https:\/\/exlibris.ee\/ru\/wp-json\/wp\/v2\/product_cat?post=134002"},{"taxonomy":"product_tag","embeddable":true,"href":"https:\/\/exlibris.ee\/ru\/wp-json\/wp\/v2\/product_tag?post=134002"},{"taxonomy":"series","embeddable":true,"href":"https:\/\/exlibris.ee\/ru\/wp-json\/wp\/v2\/series?post=134002"},{"taxonomy":"publisher","embeddable":true,"href":"https:\/\/exlibris.ee\/ru\/wp-json\/wp\/v2\/publisher?post=134002"}],"curies":[{"name":"wp","href":"https:\/\/api.w.org\/{rel}","templated":true}]}}