{"id":134004,"date":"2024-06-05T03:27:24","date_gmt":"2024-06-05T00:27:24","guid":{"rendered":"https:\/\/exlibris.ee\/toode\/edukas-karjaar-nadalaga\/"},"modified":"2026-04-22T15:48:35","modified_gmt":"2026-04-22T12:48:35","slug":"edukas-karjaar-nadalaga","status":"publish","type":"product","link":"https:\/\/exlibris.ee\/ru\/produkt\/edukas-karjaar-nadalaga\/","title":{"rendered":"Edukas karj\u00e4\u00e4r n\u00e4dalaga"},"content":{"rendered":"<p>Millises suunas on toimunud meie t\u00f6\u00f6alane areng, mida me tulevikus oma karj\u00e4\u00e4rilt ootame \u2013 need on k\u00fcsimused, mille \u00fcle tasub hoolikalt j\u00e4rele m\u00f5elda, kui kavatseme hakata kujundama endale meelep\u00e4rast karj\u00e4\u00e4ri. Raamat \u201eEdukas karj\u00e4\u00e4r n\u00e4dalaga\u201d p\u00fc\u00fcab muuta karj\u00e4\u00e4ri planeerimise protsessi konkreetseks mudeliks, pakkudes lahendamiseks erinevaid \u00fclesandeid ning tutvustades selle protsessi peamiseid etappe. Wendy Hirsh ja Charles Jackson t\u00f6\u00f6tavad m\u00f5lemad T\u00f6\u00f6j\u00f5uressursside Uurimise Instituudis (Institute of Manpower Studies), kus tegelevad aktiivselt karj\u00e4\u00e4ri arendamise v\u00f5imaluste uuringute juhtimisega ning n\u00f5ustamisega antud k\u00fcsimustes.<\/p>\n","protected":false},"excerpt":{"rendered":"<p>Millises suunas on toimunud meie t\u00f6\u00f6alane areng, mida me tulevikus oma karj\u00e4\u00e4rilt ootame \u2013 need on k\u00fcsimused, mille \u00fcle tasub hoolikalt j\u00e4rele m\u00f5elda, kui kavatseme hakata kujundama endale meelep\u00e4rast karj\u00e4\u00e4ri. Raamat \u201eEdukas karj\u00e4\u00e4r n\u00e4dalaga\u201d p\u00fc\u00fcab muuta karj\u00e4\u00e4ri planeerimise protsessi konkreetseks&#8230;<\/p>\n","protected":false},"featured_media":133512,"template":"","meta":{"_acf_changed":false,"inline_featured_image":false},"product_brand":[],"product_cat":[2398],"product_tag":[],"series":[],"publisher":[{"id":688,"name":"Ilo","slug":"ilo"}],"class_list":{"0":"post-134004","1":"product","2":"type-product","3":"status-publish","4":"has-post-thumbnail","6":"product_cat-lr-eesti","7":"publisher-ilo","9":"first","10":"instock","11":"taxable","12":"shipping-taxable","13":"purchasable","14":"product-type-simple"},"acf":[],"_links":{"self":[{"href":"https:\/\/exlibris.ee\/ru\/wp-json\/wp\/v2\/product\/134004","targetHints":{"allow":["GET"]}}],"collection":[{"href":"https:\/\/exlibris.ee\/ru\/wp-json\/wp\/v2\/product"}],"about":[{"href":"https:\/\/exlibris.ee\/ru\/wp-json\/wp\/v2\/types\/product"}],"wp:featuredmedia":[{"embeddable":true,"href":"https:\/\/exlibris.ee\/ru\/wp-json\/wp\/v2\/media\/133512"}],"wp:attachment":[{"href":"https:\/\/exlibris.ee\/ru\/wp-json\/wp\/v2\/media?parent=134004"}],"wp:term":[{"taxonomy":"product_brand","embeddable":true,"href":"https:\/\/exlibris.ee\/ru\/wp-json\/wp\/v2\/product_brand?post=134004"},{"taxonomy":"product_cat","embeddable":true,"href":"https:\/\/exlibris.ee\/ru\/wp-json\/wp\/v2\/product_cat?post=134004"},{"taxonomy":"product_tag","embeddable":true,"href":"https:\/\/exlibris.ee\/ru\/wp-json\/wp\/v2\/product_tag?post=134004"},{"taxonomy":"series","embeddable":true,"href":"https:\/\/exlibris.ee\/ru\/wp-json\/wp\/v2\/series?post=134004"},{"taxonomy":"publisher","embeddable":true,"href":"https:\/\/exlibris.ee\/ru\/wp-json\/wp\/v2\/publisher?post=134004"}],"curies":[{"name":"wp","href":"https:\/\/api.w.org\/{rel}","templated":true}]}}