{"id":134008,"date":"2024-06-05T03:27:24","date_gmt":"2024-06-05T00:27:24","guid":{"rendered":"https:\/\/exlibris.ee\/toode\/lepinguoigus-i\/"},"modified":"2026-04-22T15:48:35","modified_gmt":"2026-04-22T12:48:35","slug":"lepinguoigus-i","status":"publish","type":"product","link":"https:\/\/exlibris.ee\/ru\/produkt\/lepinguoigus-i\/","title":{"rendered":"Lepingu\u00f5igus I"},"content":{"rendered":"<p>K\u00e4esolev \u00f5pik on esimene raamat kavandatavast lepingu\u00f5iguse \u00f5pikute sarjast ning on m\u00f5eldud kasutamiseks eelk\u00f5ige \u00f5ppevahendina tsiviil\u00f5iguse \u00fcldosa ja lepingu\u00f5iguse \u00fcldosa omandamisel. Vajalikku erialast teavet peaksid siit leidma aga ka praktiseerivad juristid. Raamat annab \u00fclevaate lepingu m\u00f5istetest, lepingu m\u00f5iste elementidest ning lepingu s\u00f5lmimisest. P\u00f5hjalikult on k\u00e4sitletud p\u00f5him\u00f5isteid leping, tahe, tahteavaldus, ofert, aktsept, kokkulepe, lepingu alus jne, sest neid tundmata ei ole lepingu\u00f5iguse teooria probleemide uurimine v\u00f5imalik. P\u00f5him\u00f5isteid k\u00e4sitletakse v\u00f5rdlevalt erinevates Euroopa \u00f5igusperekondades ja \u00fcksikutes \u00f5iguskordades ning l\u00e4htudes \u00dcRO kaupade rahvusvahelise ostu-m\u00fc\u00fcgi lepingute konventsiooni s\u00e4tetest, seejuures antakse viiteid allikatele, millest on abi aine s\u00fcgavamal tundma\u00f5ppimisel. Kuna tegemist on sissejuhatava \u00f5pikuga, on peat\u00e4helepanu suunatud eelk\u00f5ige klassikalisele lepinguteooriale, kuid \u00fclevaatlikult k\u00e4sitletakse ka lepingu\u00f5iguse teooria arengutendentse ja olulisemaid suundumusi Euroopas. Samuti on puudutatud k\u00e4esoleval ajal v\u00e4ga aktuaalseks muutunud lepingu\u00f5iguse \u00fchtlustamise temaatikat, eesk\u00e4tt Euroopa lepingu\u00f5iguse \u00fchtlustamisega tegeleva Euroopa \u00dchenduse N\u00f5ukogu komisjoni ja \u00dcRO instituudi UNIDROIT t\u00f6\u00f6d \u00fchtsete lepingu\u00f5iguse printsiipide v\u00e4ljat\u00f6\u00f6tamisel.<\/p>\n","protected":false},"excerpt":{"rendered":"<p>K\u00e4esolev \u00f5pik on esimene raamat kavandatavast lepingu\u00f5iguse \u00f5pikute sarjast ning on m\u00f5eldud kasutamiseks eelk\u00f5ige \u00f5ppevahendina tsiviil\u00f5iguse \u00fcldosa ja lepingu\u00f5iguse \u00fcldosa omandamisel. Vajalikku erialast teavet peaksid siit leidma aga ka praktiseerivad juristid. Raamat annab \u00fclevaate lepingu m\u00f5istetest, lepingu m\u00f5iste elementidest ning&#8230;<\/p>\n","protected":false},"featured_media":133524,"template":"","meta":{"_acf_changed":false,"inline_featured_image":false},"product_brand":[],"product_cat":[2398],"product_tag":[],"series":[],"publisher":[{"id":2884,"name":"Juura \u00d5igusteabe AS","slug":"juura-oigusteabe-as-2"}],"class_list":{"0":"post-134008","1":"product","2":"type-product","3":"status-publish","4":"has-post-thumbnail","6":"product_cat-lr-eesti","7":"publisher-juura-oigusteabe-as-2","9":"first","10":"instock","11":"taxable","12":"shipping-taxable","13":"purchasable","14":"product-type-simple"},"acf":[],"_links":{"self":[{"href":"https:\/\/exlibris.ee\/ru\/wp-json\/wp\/v2\/product\/134008","targetHints":{"allow":["GET"]}}],"collection":[{"href":"https:\/\/exlibris.ee\/ru\/wp-json\/wp\/v2\/product"}],"about":[{"href":"https:\/\/exlibris.ee\/ru\/wp-json\/wp\/v2\/types\/product"}],"wp:featuredmedia":[{"embeddable":true,"href":"https:\/\/exlibris.ee\/ru\/wp-json\/wp\/v2\/media\/133524"}],"wp:attachment":[{"href":"https:\/\/exlibris.ee\/ru\/wp-json\/wp\/v2\/media?parent=134008"}],"wp:term":[{"taxonomy":"product_brand","embeddable":true,"href":"https:\/\/exlibris.ee\/ru\/wp-json\/wp\/v2\/product_brand?post=134008"},{"taxonomy":"product_cat","embeddable":true,"href":"https:\/\/exlibris.ee\/ru\/wp-json\/wp\/v2\/product_cat?post=134008"},{"taxonomy":"product_tag","embeddable":true,"href":"https:\/\/exlibris.ee\/ru\/wp-json\/wp\/v2\/product_tag?post=134008"},{"taxonomy":"series","embeddable":true,"href":"https:\/\/exlibris.ee\/ru\/wp-json\/wp\/v2\/series?post=134008"},{"taxonomy":"publisher","embeddable":true,"href":"https:\/\/exlibris.ee\/ru\/wp-json\/wp\/v2\/publisher?post=134008"}],"curies":[{"name":"wp","href":"https:\/\/api.w.org\/{rel}","templated":true}]}}