{"id":134009,"date":"2024-06-05T03:27:24","date_gmt":"2024-06-05T00:27:24","guid":{"rendered":"https:\/\/exlibris.ee\/toode\/projektijuhtimine\/"},"modified":"2026-04-22T15:48:36","modified_gmt":"2026-04-22T12:48:36","slug":"projektijuhtimine","status":"publish","type":"product","link":"https:\/\/exlibris.ee\/ru\/produkt\/projektijuhtimine\/","title":{"rendered":"Projektijuhtimine"},"content":{"rendered":"<p>Iga\u00fcks, kes omandab projektijuhtimise p\u00f5hit\u00f5ed, saab enda k\u00e4sutusse universaalse t\u00f6\u00f6vahendi, mis parandab tema v\u00f5imet planeerida, juurutada ja reguleerida oma tegevust. Projektijuhtimise meetodi laiaulatusliku kasutamise \u00fcks p\u00f5hjusi on tema rakendatavus v\u00e4ga erinevate \u00fclesannete lahendamisel. Ainukesed tingimused, mis peavad olema t\u00e4idetud antud meetodi rakendamiseks on tegevuse \u00fchekordsus, t\u00e4pselt m\u00e4\u00e4ratletud eesm\u00e4rk ja ajaline kestus. V\u00f5ttes kasutusele projektijuhtimise meetodid muutub organisatsioon paindlikumaks ja kiiremini muutustele reageerivaks. \u00d5igesti kavandatud ja elluviidud projektid aitavad organisatsioonidel p\u00fcsida konkurentsis ja saavutada oma eesm\u00e4rke. Samas v\u00f5ib selle meetodi rakendada oma eesm\u00e4rkide saavutamise teenistusse iga inimene, kes tahab oma tegemistes olla efektiivsem ja sihip\u00e4rasem. KUIDAS? Sellele annab vastuse k\u00e4esolev \u00f5pik, kus teooria praktilist rakendust \u00fcksikisiku tasandil illustreerib noorh\u00e4rra Mart.<\/p>\n","protected":false},"excerpt":{"rendered":"<p>Iga\u00fcks, kes omandab projektijuhtimise p\u00f5hit\u00f5ed, saab enda k\u00e4sutusse universaalse t\u00f6\u00f6vahendi, mis parandab tema v\u00f5imet planeerida, juurutada ja reguleerida oma tegevust. Projektijuhtimise meetodi laiaulatusliku kasutamise \u00fcks p\u00f5hjusi on tema rakendatavus v\u00e4ga erinevate \u00fclesannete lahendamisel. Ainukesed tingimused, mis peavad olema t\u00e4idetud antud&#8230;<\/p>\n","protected":false},"featured_media":133527,"template":"","meta":{"_acf_changed":false,"inline_featured_image":false},"product_brand":[],"product_cat":[2398],"product_tag":[],"series":[],"publisher":[{"id":2885,"name":"Sihtasutus Eesti Kutsehariduse Reform","slug":"sihtasutus-eesti-kutsehariduse-reform"}],"class_list":{"0":"post-134009","1":"product","2":"type-product","3":"status-publish","4":"has-post-thumbnail","6":"product_cat-lr-eesti","7":"publisher-sihtasutus-eesti-kutsehariduse-reform","9":"first","10":"instock","11":"taxable","12":"shipping-taxable","13":"purchasable","14":"product-type-simple"},"acf":[],"_links":{"self":[{"href":"https:\/\/exlibris.ee\/ru\/wp-json\/wp\/v2\/product\/134009","targetHints":{"allow":["GET"]}}],"collection":[{"href":"https:\/\/exlibris.ee\/ru\/wp-json\/wp\/v2\/product"}],"about":[{"href":"https:\/\/exlibris.ee\/ru\/wp-json\/wp\/v2\/types\/product"}],"wp:featuredmedia":[{"embeddable":true,"href":"https:\/\/exlibris.ee\/ru\/wp-json\/wp\/v2\/media\/133527"}],"wp:attachment":[{"href":"https:\/\/exlibris.ee\/ru\/wp-json\/wp\/v2\/media?parent=134009"}],"wp:term":[{"taxonomy":"product_brand","embeddable":true,"href":"https:\/\/exlibris.ee\/ru\/wp-json\/wp\/v2\/product_brand?post=134009"},{"taxonomy":"product_cat","embeddable":true,"href":"https:\/\/exlibris.ee\/ru\/wp-json\/wp\/v2\/product_cat?post=134009"},{"taxonomy":"product_tag","embeddable":true,"href":"https:\/\/exlibris.ee\/ru\/wp-json\/wp\/v2\/product_tag?post=134009"},{"taxonomy":"series","embeddable":true,"href":"https:\/\/exlibris.ee\/ru\/wp-json\/wp\/v2\/series?post=134009"},{"taxonomy":"publisher","embeddable":true,"href":"https:\/\/exlibris.ee\/ru\/wp-json\/wp\/v2\/publisher?post=134009"}],"curies":[{"name":"wp","href":"https:\/\/api.w.org\/{rel}","templated":true}]}}