{"id":134010,"date":"2024-06-05T03:27:25","date_gmt":"2024-06-05T00:27:25","guid":{"rendered":"https:\/\/exlibris.ee\/toode\/korteritehing-ost-muuk-uurimine\/"},"modified":"2026-04-22T15:48:36","modified_gmt":"2026-04-22T12:48:36","slug":"korteritehing-ost-muuk-uurimine","status":"publish","type":"product","link":"https:\/\/exlibris.ee\/ru\/produkt\/korteritehing-ost-muuk-uurimine\/","title":{"rendered":"Korteritehing: ost, m\u00fc\u00fck, \u00fc\u00fcrimine"},"content":{"rendered":"<p>K\u00e4siraamat on koostatud kohalike korterite ostu-, m\u00fc\u00fcgi- ning \u00fc\u00fcripraktika anal\u00fc\u00fcsi alusel ning toetub eesti ajakirjanduses avaldatud ekspertide ning kinnisvaraspetsialistide soovitustele ja arvamuste t\u00f6\u00f6tlusele ning s\u00fcstematiseerimisele. Koostaja on k\u00e4sitlenud spetsialistide, kinnisvarafirmade ja -b\u00fcroode esindajate soovitusi klientide, s.o. m\u00fc\u00fcjate, ostjate ning korteri\u00fc\u00fcrnike \u2013 f\u00fc\u00fcsiliste isikute huvidest l\u00e4htuvalt<\/p>\n","protected":false},"excerpt":{"rendered":"<p>K\u00e4siraamat on koostatud kohalike korterite ostu-, m\u00fc\u00fcgi- ning \u00fc\u00fcripraktika anal\u00fc\u00fcsi alusel ning toetub eesti ajakirjanduses avaldatud ekspertide ning kinnisvaraspetsialistide soovitustele ja arvamuste t\u00f6\u00f6tlusele ning s\u00fcstematiseerimisele. Koostaja on k\u00e4sitlenud spetsialistide, kinnisvarafirmade ja -b\u00fcroode esindajate soovitusi klientide, s.o. m\u00fc\u00fcjate, ostjate ning korteri\u00fc\u00fcrnike&#8230;<\/p>\n","protected":false},"featured_media":133530,"template":"","meta":{"_acf_changed":false,"inline_featured_image":false},"product_brand":[],"product_cat":[2398],"product_tag":[],"series":[],"publisher":[{"id":2049,"name":"Avenarius","slug":"avenarius"}],"class_list":{"0":"post-134010","1":"product","2":"type-product","3":"status-publish","4":"has-post-thumbnail","6":"product_cat-lr-eesti","7":"publisher-avenarius","9":"first","10":"instock","11":"taxable","12":"shipping-taxable","13":"purchasable","14":"product-type-simple"},"acf":[],"_links":{"self":[{"href":"https:\/\/exlibris.ee\/ru\/wp-json\/wp\/v2\/product\/134010","targetHints":{"allow":["GET"]}}],"collection":[{"href":"https:\/\/exlibris.ee\/ru\/wp-json\/wp\/v2\/product"}],"about":[{"href":"https:\/\/exlibris.ee\/ru\/wp-json\/wp\/v2\/types\/product"}],"wp:featuredmedia":[{"embeddable":true,"href":"https:\/\/exlibris.ee\/ru\/wp-json\/wp\/v2\/media\/133530"}],"wp:attachment":[{"href":"https:\/\/exlibris.ee\/ru\/wp-json\/wp\/v2\/media?parent=134010"}],"wp:term":[{"taxonomy":"product_brand","embeddable":true,"href":"https:\/\/exlibris.ee\/ru\/wp-json\/wp\/v2\/product_brand?post=134010"},{"taxonomy":"product_cat","embeddable":true,"href":"https:\/\/exlibris.ee\/ru\/wp-json\/wp\/v2\/product_cat?post=134010"},{"taxonomy":"product_tag","embeddable":true,"href":"https:\/\/exlibris.ee\/ru\/wp-json\/wp\/v2\/product_tag?post=134010"},{"taxonomy":"series","embeddable":true,"href":"https:\/\/exlibris.ee\/ru\/wp-json\/wp\/v2\/series?post=134010"},{"taxonomy":"publisher","embeddable":true,"href":"https:\/\/exlibris.ee\/ru\/wp-json\/wp\/v2\/publisher?post=134010"}],"curies":[{"name":"wp","href":"https:\/\/api.w.org\/{rel}","templated":true}]}}