{"id":134011,"date":"2024-06-05T03:27:25","date_gmt":"2024-06-05T00:27:25","guid":{"rendered":"https:\/\/exlibris.ee\/toode\/tipptasemel-juht-101-voimalust-aja-inimeste-ja-dokumentide-juhtimiseks\/"},"modified":"2026-04-17T19:53:20","modified_gmt":"2026-04-17T16:53:20","slug":"tipptasemel-juht-101-voimalust-aja-inimeste-ja-dokumentide-juhtimiseks","status":"publish","type":"product","link":"https:\/\/exlibris.ee\/ru\/produkt\/tipptasemel-juht-101-voimalust-aja-inimeste-ja-dokumentide-juhtimiseks\/","title":{"rendered":"Tipptasemel juht: 101 v\u00f5imalust aja, inimeste ja dokumentide juhtimiseks"},"content":{"rendered":"<p>\u201eTipptasemel juht\u201d on universaalne k\u00e4siraamat iga asutuse t\u00f6\u00f6 organiseerimiseks. Ta pakub juhtidele mitmekesiseid meetodeid tootlikkuse suurendamiseks, t\u00fchja ja ebatulusa t\u00f6\u00f6 miinimumini viimiseks ning r\u00fchmat\u00f6\u00f6 tagamiseks. Tegevuse \u00f5ige ja ratsionaalne korraldamine on firma stabiilsuse pandiks, see v\u00f5imaldab t\u00f6\u00f6tajate loovat arengut ja oman\u00e4olisust. \u201eTipptasemel juht\u201d on abivahend k\u00f5igile juhtivt\u00f6\u00f6tajaile, kes on oma asutuse edendamisest t\u00f5eliselt huvitatud. Raamatu v\u00e4\u00e4rtust suurendavad mitmekesised ja leidlikud diagrammid, graafikud ning testid. \u201eTipptasemel juhi\u201d autor on USA konsultatsioonifirma \u201eThe Organizing Principle\u201d president Stephanie Winston, hinnatud lektor ja konsultant, kes on spetsialiseerunud juhtimise t\u00f5hustamisele s\u00fcsteemse organiseerimise abil.<\/p>\n","protected":false},"excerpt":{"rendered":"<p>\u201eTipptasemel juht\u201d on universaalne k\u00e4siraamat iga asutuse t\u00f6\u00f6 organiseerimiseks. Ta pakub juhtidele mitmekesiseid meetodeid tootlikkuse suurendamiseks, t\u00fchja ja ebatulusa t\u00f6\u00f6 miinimumini viimiseks ning r\u00fchmat\u00f6\u00f6 tagamiseks. Tegevuse \u00f5ige ja ratsionaalne korraldamine on firma stabiilsuse pandiks, see v\u00f5imaldab t\u00f6\u00f6tajate loovat arengut ja&#8230;<\/p>\n","protected":false},"featured_media":133533,"template":"","meta":{"_acf_changed":false,"inline_featured_image":false},"product_brand":[],"product_cat":[2349],"product_tag":[],"series":[],"publisher":[{"id":692,"name":"TEA","slug":"tea"}],"class_list":{"0":"post-134011","1":"product","2":"type-product","3":"status-publish","4":"has-post-thumbnail","6":"product_cat-tr-eesti","7":"publisher-tea","9":"first","10":"instock","11":"taxable","12":"shipping-taxable","13":"purchasable","14":"product-type-simple"},"acf":[],"_links":{"self":[{"href":"https:\/\/exlibris.ee\/ru\/wp-json\/wp\/v2\/product\/134011","targetHints":{"allow":["GET"]}}],"collection":[{"href":"https:\/\/exlibris.ee\/ru\/wp-json\/wp\/v2\/product"}],"about":[{"href":"https:\/\/exlibris.ee\/ru\/wp-json\/wp\/v2\/types\/product"}],"wp:featuredmedia":[{"embeddable":true,"href":"https:\/\/exlibris.ee\/ru\/wp-json\/wp\/v2\/media\/133533"}],"wp:attachment":[{"href":"https:\/\/exlibris.ee\/ru\/wp-json\/wp\/v2\/media?parent=134011"}],"wp:term":[{"taxonomy":"product_brand","embeddable":true,"href":"https:\/\/exlibris.ee\/ru\/wp-json\/wp\/v2\/product_brand?post=134011"},{"taxonomy":"product_cat","embeddable":true,"href":"https:\/\/exlibris.ee\/ru\/wp-json\/wp\/v2\/product_cat?post=134011"},{"taxonomy":"product_tag","embeddable":true,"href":"https:\/\/exlibris.ee\/ru\/wp-json\/wp\/v2\/product_tag?post=134011"},{"taxonomy":"series","embeddable":true,"href":"https:\/\/exlibris.ee\/ru\/wp-json\/wp\/v2\/series?post=134011"},{"taxonomy":"publisher","embeddable":true,"href":"https:\/\/exlibris.ee\/ru\/wp-json\/wp\/v2\/publisher?post=134011"}],"curies":[{"name":"wp","href":"https:\/\/api.w.org\/{rel}","templated":true}]}}