{"id":134014,"date":"2024-06-05T03:27:25","date_gmt":"2024-06-05T00:27:25","guid":{"rendered":"https:\/\/exlibris.ee\/toode\/fuusilisest-isikust-ettevotja-raamatupidamine\/"},"modified":"2026-04-17T19:53:20","modified_gmt":"2026-04-17T16:53:20","slug":"fuusilisest-isikust-ettevotja-raamatupidamine","status":"publish","type":"product","link":"https:\/\/exlibris.ee\/ru\/produkt\/fuusilisest-isikust-ettevotja-raamatupidamine\/","title":{"rendered":"F\u00fc\u00fcsilisest isikust ettev\u00f5tja raamatupidamine"},"content":{"rendered":"<p>Eesti raamatupidamisseaduse rakendusi<\/p>\n","protected":false},"excerpt":{"rendered":"<p>Eesti raamatupidamisseaduse rakendusi<\/p>\n","protected":false},"featured_media":133542,"template":"","meta":{"_acf_changed":false,"inline_featured_image":false},"product_brand":[],"product_cat":[2349],"product_tag":[],"series":[],"publisher":[{"id":2758,"name":"K\u00fclim","slug":"kulim"}],"class_list":{"0":"post-134014","1":"product","2":"type-product","3":"status-publish","4":"has-post-thumbnail","6":"product_cat-tr-eesti","7":"publisher-kulim","9":"first","10":"instock","11":"taxable","12":"shipping-taxable","13":"purchasable","14":"product-type-simple"},"acf":[],"_links":{"self":[{"href":"https:\/\/exlibris.ee\/ru\/wp-json\/wp\/v2\/product\/134014","targetHints":{"allow":["GET"]}}],"collection":[{"href":"https:\/\/exlibris.ee\/ru\/wp-json\/wp\/v2\/product"}],"about":[{"href":"https:\/\/exlibris.ee\/ru\/wp-json\/wp\/v2\/types\/product"}],"wp:featuredmedia":[{"embeddable":true,"href":"https:\/\/exlibris.ee\/ru\/wp-json\/wp\/v2\/media\/133542"}],"wp:attachment":[{"href":"https:\/\/exlibris.ee\/ru\/wp-json\/wp\/v2\/media?parent=134014"}],"wp:term":[{"taxonomy":"product_brand","embeddable":true,"href":"https:\/\/exlibris.ee\/ru\/wp-json\/wp\/v2\/product_brand?post=134014"},{"taxonomy":"product_cat","embeddable":true,"href":"https:\/\/exlibris.ee\/ru\/wp-json\/wp\/v2\/product_cat?post=134014"},{"taxonomy":"product_tag","embeddable":true,"href":"https:\/\/exlibris.ee\/ru\/wp-json\/wp\/v2\/product_tag?post=134014"},{"taxonomy":"series","embeddable":true,"href":"https:\/\/exlibris.ee\/ru\/wp-json\/wp\/v2\/series?post=134014"},{"taxonomy":"publisher","embeddable":true,"href":"https:\/\/exlibris.ee\/ru\/wp-json\/wp\/v2\/publisher?post=134014"}],"curies":[{"name":"wp","href":"https:\/\/api.w.org\/{rel}","templated":true}]}}