{"id":134087,"date":"2024-06-08T03:47:03","date_gmt":"2024-06-08T00:47:03","guid":{"rendered":"https:\/\/exlibris.ee\/toode\/uksindus-on-hommikuti-hell\/"},"modified":"2026-04-23T11:49:20","modified_gmt":"2026-04-23T08:49:20","slug":"uksindus-on-hommikuti-hell","status":"publish","type":"product","link":"https:\/\/exlibris.ee\/ru\/produkt\/uksindus-on-hommikuti-hell\/","title":{"rendered":"\u00dcksindus on hommikuti hell"},"content":{"rendered":"<p>Romaani tegevus toimub Moskvas, Armeenias ja Eestis. Armeenlase ja eestlanna armastusloo taustal kujutatakse l\u00e4himineviku s\u00fcndmusi, mis viisid N\u00f5ukogude impeeriumi lagunemisele.<\/p>\n","protected":false},"excerpt":{"rendered":"<p>Romaani tegevus toimub Moskvas, Armeenias ja Eestis. Armeenlase ja eestlanna armastusloo taustal kujutatakse l\u00e4himineviku s\u00fcndmusi, mis viisid N\u00f5ukogude impeeriumi lagunemisele.<\/p>\n","protected":false},"featured_media":134033,"template":"","meta":{"_acf_changed":false,"inline_featured_image":false},"product_brand":[],"product_cat":[2429],"product_tag":[],"series":[],"publisher":[{"id":2064,"name":"Faatum","slug":"faatum"}],"class_list":{"0":"post-134087","1":"product","2":"type-product","3":"status-publish","4":"has-post-thumbnail","6":"product_cat-rpro-eesti","7":"publisher-faatum","9":"first","10":"instock","11":"taxable","12":"shipping-taxable","13":"purchasable","14":"product-type-simple"},"acf":[],"_links":{"self":[{"href":"https:\/\/exlibris.ee\/ru\/wp-json\/wp\/v2\/product\/134087","targetHints":{"allow":["GET"]}}],"collection":[{"href":"https:\/\/exlibris.ee\/ru\/wp-json\/wp\/v2\/product"}],"about":[{"href":"https:\/\/exlibris.ee\/ru\/wp-json\/wp\/v2\/types\/product"}],"wp:featuredmedia":[{"embeddable":true,"href":"https:\/\/exlibris.ee\/ru\/wp-json\/wp\/v2\/media\/134033"}],"wp:attachment":[{"href":"https:\/\/exlibris.ee\/ru\/wp-json\/wp\/v2\/media?parent=134087"}],"wp:term":[{"taxonomy":"product_brand","embeddable":true,"href":"https:\/\/exlibris.ee\/ru\/wp-json\/wp\/v2\/product_brand?post=134087"},{"taxonomy":"product_cat","embeddable":true,"href":"https:\/\/exlibris.ee\/ru\/wp-json\/wp\/v2\/product_cat?post=134087"},{"taxonomy":"product_tag","embeddable":true,"href":"https:\/\/exlibris.ee\/ru\/wp-json\/wp\/v2\/product_tag?post=134087"},{"taxonomy":"series","embeddable":true,"href":"https:\/\/exlibris.ee\/ru\/wp-json\/wp\/v2\/series?post=134087"},{"taxonomy":"publisher","embeddable":true,"href":"https:\/\/exlibris.ee\/ru\/wp-json\/wp\/v2\/publisher?post=134087"}],"curies":[{"name":"wp","href":"https:\/\/api.w.org\/{rel}","templated":true}]}}