{"id":134265,"date":"2024-06-28T02:57:21","date_gmt":"2024-06-27T23:57:21","guid":{"rendered":"https:\/\/exlibris.ee\/toode\/gute-idee-a1-deutsch-fur-jugendliche-arbeitsbuch\/"},"modified":"2026-04-05T17:25:56","modified_gmt":"2026-04-05T14:25:56","slug":"gute-idee-a1-deutsch-fur-jugendliche-arbeitsbuch","status":"publish","type":"product","link":"https:\/\/exlibris.ee\/ru\/produkt\/gute-idee-a1-deutsch-fur-jugendliche-arbeitsbuch\/","title":{"rendered":"Gute Idee! A1  Deutsch f\u00fcr Jugendliche \/ Arbeitsbuch"},"content":{"rendered":"<p>Das Arbeitsbuch dient zum selbstst\u00e4ndigen \u00dcben und Vertiefen des Lernstoffs im Kursbuch Gute Idee! In jeder Lektion finden sich \u00dcbungen zur Textarbeit, zu Grammatik und Wortschatz, zur Aussprache und zur Kommunikation. Verweise stellen die Bez\u00fcge zu den A- bis PLUS-Seiten des Kursbuchs her. Im Anschluss steht ein in jeder Lektion ein Fertigkeitentraining zu den Fertigkeiten H\u00f6ren, Lesen und Schreiben, das auf die g\u00e4ngigen A1-Pr\u00fcfungen ausgerichtet ist. Der zweiseitige Lektionswortschatz bildet den Abschluss jeder Lektion. Nach je zwei Lektionen bietet ein Test die M\u00f6glichkeit zur Selbstkontrolle. Die zugeh\u00f6rigen L\u00f6sungen hierzu befinden sich im Anhang des Arbeitsbuchs.<\/p>\n","protected":false},"excerpt":{"rendered":"<p>Das Arbeitsbuch dient zum selbstst\u00e4ndigen \u00dcben und Vertiefen des Lernstoffs im Kursbuch Gute Idee! In jeder Lektion finden sich \u00dcbungen zur Textarbeit, zu Grammatik und Wortschatz, zur Aussprache und zur Kommunikation. Verweise stellen die Bez\u00fcge zu den A- bis PLUS-Seiten&#8230;<\/p>\n","protected":false},"featured_media":134257,"template":"","meta":{"_acf_changed":false,"inline_featured_image":false},"product_brand":[],"product_cat":[1127],"product_tag":[],"series":[{"id":1188,"name":"Gute Idee!","slug":"gute-idee"}],"publisher":[{"id":497,"name":"Hueber Verlag","slug":"hueber-verlag"}],"class_list":{"0":"post-134265","1":"product","2":"type-product","3":"status-publish","4":"has-post-thumbnail","6":"product_cat-deutsch-fur-jugendliche","7":"series-gute-idee","8":"publisher-hueber-verlag","10":"first","11":"instock","12":"taxable","13":"shipping-taxable","14":"purchasable","15":"product-type-simple"},"acf":[],"_links":{"self":[{"href":"https:\/\/exlibris.ee\/ru\/wp-json\/wp\/v2\/product\/134265","targetHints":{"allow":["GET"]}}],"collection":[{"href":"https:\/\/exlibris.ee\/ru\/wp-json\/wp\/v2\/product"}],"about":[{"href":"https:\/\/exlibris.ee\/ru\/wp-json\/wp\/v2\/types\/product"}],"wp:featuredmedia":[{"embeddable":true,"href":"https:\/\/exlibris.ee\/ru\/wp-json\/wp\/v2\/media\/134257"}],"wp:attachment":[{"href":"https:\/\/exlibris.ee\/ru\/wp-json\/wp\/v2\/media?parent=134265"}],"wp:term":[{"taxonomy":"product_brand","embeddable":true,"href":"https:\/\/exlibris.ee\/ru\/wp-json\/wp\/v2\/product_brand?post=134265"},{"taxonomy":"product_cat","embeddable":true,"href":"https:\/\/exlibris.ee\/ru\/wp-json\/wp\/v2\/product_cat?post=134265"},{"taxonomy":"product_tag","embeddable":true,"href":"https:\/\/exlibris.ee\/ru\/wp-json\/wp\/v2\/product_tag?post=134265"},{"taxonomy":"series","embeddable":true,"href":"https:\/\/exlibris.ee\/ru\/wp-json\/wp\/v2\/series?post=134265"},{"taxonomy":"publisher","embeddable":true,"href":"https:\/\/exlibris.ee\/ru\/wp-json\/wp\/v2\/publisher?post=134265"}],"curies":[{"name":"wp","href":"https:\/\/api.w.org\/{rel}","templated":true}]}}