{"id":134266,"date":"2024-06-28T02:57:21","date_gmt":"2024-06-27T23:57:21","guid":{"rendered":"https:\/\/exlibris.ee\/toode\/gute-idee-a2-arbeitsbuch-plus-interaktive-version\/"},"modified":"2026-04-04T05:16:23","modified_gmt":"2026-04-04T02:16:23","slug":"gute-idee-a2-arbeitsbuch-plus-interaktive-version","status":"publish","type":"product","link":"https:\/\/exlibris.ee\/ru\/produkt\/gute-idee-a2-arbeitsbuch-plus-interaktive-version\/","title":{"rendered":"Gute Idee! A2  Arbeitsbuch plus interaktive Version"},"content":{"rendered":"<p>Gute Idee! \u2013 das motivierend andere Jugendlichenlehrwerk f\u00fcr Deutsch als Fremdsprache Gute Idee! A2 \u2013 Arbeitsbuch plus interaktive Version Zielgruppe:Jugendliche in Kursen A2 an Schulen und anderen Institutionen weltweit Gute Idee! ist ein jugendlichengerechtes Lehrwerk, das durch emotional ber\u00fchrende, ausgefallene Texte und Themen f\u00fcr den Deutschunterricht motiviert. Es er\u00f6ffnet neue Themenfelder, die nicht der unmittelbaren Alltagsrealit\u00e4t der Jugendlichen entstammen. Die Inhalte sind international angelegt und ber\u00fccksichtigen die vielf\u00e4ltigen Lebenswelten junger Menschen weltweit. Gute Idee! ist eine Aktualisierung des Lehrwerks Ideen und enth\u00e4lt eine interaktive Version und bietet eine optimale Verzahnung von Print und Digital f\u00fcr Online- und Pr\u00e4senzunterricht. Die interaktive Version ist wahlweise erh\u00e4ltlich als eigenst\u00e4ndiges Produkt oder \u00fcber Startcode im Buch. Die interaktive Version des Arbeitsbuchs enth\u00e4lt: &#8212; alle H\u00f6rdateien und Filme des Buches, direkt bei der jeweiligen Aufgabe abrufbar &#8212; interaktiv umgesetzte \u00dcbungen des Arbeitsbuches zum Einsatz im Unterricht oder zum individuellen Wiederholen der Kursinhalte &#8212; zus\u00e4tzliche, passgenau abgestimmte, interaktive \u00dcbungen, um die neuen Lerninhalte individuell zu wiederholen und zu vertiefen &#8212; eine umfangreiche Toolbar mit vielseitigen Funktionen f\u00fcr den Einsatz am Whiteboard (u. a. markieren, Notizen, Schreibwerkzeuge u.v.m.).<\/p>\n","protected":false},"excerpt":{"rendered":"<p>Gute Idee! \u2013 das motivierend andere Jugendlichenlehrwerk f\u00fcr Deutsch als Fremdsprache Gute Idee! A2 \u2013 Arbeitsbuch plus interaktive Version Zielgruppe:Jugendliche in Kursen A2 an Schulen und anderen Institutionen weltweit Gute Idee! ist ein jugendlichengerechtes Lehrwerk, das durch emotional ber\u00fchrende, ausgefallene&#8230;<\/p>\n","protected":false},"featured_media":134260,"template":"","meta":{"_acf_changed":false,"inline_featured_image":false},"product_brand":[],"product_cat":[477],"product_tag":[],"series":[{"id":1188,"name":"Gute Idee!","slug":"gute-idee"}],"publisher":[{"id":497,"name":"Hueber Verlag","slug":"hueber-verlag"}],"class_list":{"0":"post-134266","1":"product","2":"type-product","3":"status-publish","4":"has-post-thumbnail","6":"product_cat-lehrwerke-fur-jugendliche","7":"series-gute-idee","8":"publisher-hueber-verlag","10":"first","11":"instock","12":"taxable","13":"shipping-taxable","14":"purchasable","15":"product-type-simple"},"acf":[],"_links":{"self":[{"href":"https:\/\/exlibris.ee\/ru\/wp-json\/wp\/v2\/product\/134266","targetHints":{"allow":["GET"]}}],"collection":[{"href":"https:\/\/exlibris.ee\/ru\/wp-json\/wp\/v2\/product"}],"about":[{"href":"https:\/\/exlibris.ee\/ru\/wp-json\/wp\/v2\/types\/product"}],"wp:featuredmedia":[{"embeddable":true,"href":"https:\/\/exlibris.ee\/ru\/wp-json\/wp\/v2\/media\/134260"}],"wp:attachment":[{"href":"https:\/\/exlibris.ee\/ru\/wp-json\/wp\/v2\/media?parent=134266"}],"wp:term":[{"taxonomy":"product_brand","embeddable":true,"href":"https:\/\/exlibris.ee\/ru\/wp-json\/wp\/v2\/product_brand?post=134266"},{"taxonomy":"product_cat","embeddable":true,"href":"https:\/\/exlibris.ee\/ru\/wp-json\/wp\/v2\/product_cat?post=134266"},{"taxonomy":"product_tag","embeddable":true,"href":"https:\/\/exlibris.ee\/ru\/wp-json\/wp\/v2\/product_tag?post=134266"},{"taxonomy":"series","embeddable":true,"href":"https:\/\/exlibris.ee\/ru\/wp-json\/wp\/v2\/series?post=134266"},{"taxonomy":"publisher","embeddable":true,"href":"https:\/\/exlibris.ee\/ru\/wp-json\/wp\/v2\/publisher?post=134266"}],"curies":[{"name":"wp","href":"https:\/\/api.w.org\/{rel}","templated":true}]}}