{"id":134366,"date":"2024-07-05T03:05:12","date_gmt":"2024-07-05T00:05:12","guid":{"rendered":"https:\/\/exlibris.ee\/toode\/simplicius-simplicissimus-cd\/"},"modified":"2026-04-19T14:10:01","modified_gmt":"2026-04-19T11:10:01","slug":"simplicius-simplicissimus-cd","status":"publish","type":"product","link":"https:\/\/exlibris.ee\/ru\/produkt\/simplicius-simplicissimus-cd\/","title":{"rendered":"Simplicius Simplicissimus +CD"},"content":{"rendered":"<p>Er wei\u00df nicht, woher er kommt, er wei\u00df nicht, wohin er soll. Simplicius nennt ihn der Eremit, der ihn bei sich aufnimmt. Eins ist klar: der Junge wird kein leichtes Leben haben. In Deutschland herrscht krier. Simplicius wird Soldat, verdient sich aber auch als Narr, Schauspieler und Bauer sein Brot. Erst wird er reich, dann wieder arm, er heiratet und bleibt doch wieder allein zur\u00fcck.<br \/>\nDer vereinfacht nacherz\u00e4hlte Roman des Barockdichters J.J.C. von Grimmelshausen f\u00fchrt uns mitten in die Zeit des Drei\u00dfigj\u00e4hrigen Krieges. Spezifische Dossiers erl\u00e4utern die historische Situation und verdeutlichen den literarhistoricchen Zusammenhang des Textes.<br \/>\nMit zahlreichen Aufgaben zum Leseverst\u00e4ndnis, zum Wortschatz und zur Festigung grammatikalischer Kenntnisse.<br \/>\nDie Audio-CD enth\u00e4lt die Bearbeitung als dramatisierten H\u00f6rtext.<\/p>\n","protected":false},"excerpt":{"rendered":"<p>Er wei\u00df nicht, woher er kommt, er wei\u00df nicht, wohin er soll. Simplicius nennt ihn der Eremit, der ihn bei sich aufnimmt. Eins ist klar: der Junge wird kein leichtes Leben haben. In Deutschland herrscht krier. Simplicius wird Soldat, verdient&#8230;<\/p>\n","protected":false},"featured_media":134338,"template":"","meta":{"_acf_changed":false,"inline_featured_image":false},"product_brand":[],"product_cat":[851],"product_tag":[],"series":[],"publisher":[{"id":2087,"name":"Black Cat Publishing","slug":"black-cat-publishing"}],"class_list":{"0":"post-134366","1":"product","2":"type-product","3":"status-publish","4":"has-post-thumbnail","6":"product_cat-lesetexte-deutsch","7":"publisher-black-cat-publishing","9":"first","10":"instock","11":"taxable","12":"shipping-taxable","13":"purchasable","14":"product-type-simple"},"acf":[],"_links":{"self":[{"href":"https:\/\/exlibris.ee\/ru\/wp-json\/wp\/v2\/product\/134366","targetHints":{"allow":["GET"]}}],"collection":[{"href":"https:\/\/exlibris.ee\/ru\/wp-json\/wp\/v2\/product"}],"about":[{"href":"https:\/\/exlibris.ee\/ru\/wp-json\/wp\/v2\/types\/product"}],"wp:featuredmedia":[{"embeddable":true,"href":"https:\/\/exlibris.ee\/ru\/wp-json\/wp\/v2\/media\/134338"}],"wp:attachment":[{"href":"https:\/\/exlibris.ee\/ru\/wp-json\/wp\/v2\/media?parent=134366"}],"wp:term":[{"taxonomy":"product_brand","embeddable":true,"href":"https:\/\/exlibris.ee\/ru\/wp-json\/wp\/v2\/product_brand?post=134366"},{"taxonomy":"product_cat","embeddable":true,"href":"https:\/\/exlibris.ee\/ru\/wp-json\/wp\/v2\/product_cat?post=134366"},{"taxonomy":"product_tag","embeddable":true,"href":"https:\/\/exlibris.ee\/ru\/wp-json\/wp\/v2\/product_tag?post=134366"},{"taxonomy":"series","embeddable":true,"href":"https:\/\/exlibris.ee\/ru\/wp-json\/wp\/v2\/series?post=134366"},{"taxonomy":"publisher","embeddable":true,"href":"https:\/\/exlibris.ee\/ru\/wp-json\/wp\/v2\/publisher?post=134366"}],"curies":[{"name":"wp","href":"https:\/\/api.w.org\/{rel}","templated":true}]}}