{"id":134367,"date":"2024-07-05T03:05:13","date_gmt":"2024-07-05T00:05:13","guid":{"rendered":"https:\/\/exlibris.ee\/toode\/mord-im-grand-hotel-cd\/"},"modified":"2026-04-17T18:19:16","modified_gmt":"2026-04-17T15:19:16","slug":"mord-im-grand-hotel-cd","status":"publish","type":"product","link":"https:\/\/exlibris.ee\/ru\/produkt\/mord-im-grand-hotel-cd\/","title":{"rendered":"Mord im Grand Hotel + CD"},"content":{"rendered":"<p>Karolin verbringt zum ersten Mal ihre Ferien allein und mach ein Praktikum in einem Grand Hotel am Bodensee. Denn dort arbeitet ihr Onkel als K\u00fcchenchef. Und auch Richard, der amerikanische Fitness-Trainer&#8230; . Alles bestens also, order?Doch pl\u00f6tzlich stirbt ein Gast unter mysteri\u00f6sen Umst\u00e4nden. Und er ist nicht der einzige. Das Traumhotel ein Albtraum? Karolin und Richard l\u00f6sen das R\u00e4tsel im Tandem.<\/p>\n","protected":false},"excerpt":{"rendered":"<p>Karolin verbringt zum ersten Mal ihre Ferien allein und mach ein Praktikum in einem Grand Hotel am Bodensee. Denn dort arbeitet ihr Onkel als K\u00fcchenchef. Und auch Richard, der amerikanische Fitness-Trainer&#8230; . Alles bestens also, order?Doch pl\u00f6tzlich stirbt ein Gast&#8230;<\/p>\n","protected":false},"featured_media":134344,"template":"","meta":{"_acf_changed":false,"inline_featured_image":false},"product_brand":[],"product_cat":[886],"product_tag":[],"series":[],"publisher":[{"id":2087,"name":"Black Cat Publishing","slug":"black-cat-publishing"}],"class_list":{"0":"post-134367","1":"product","2":"type-product","3":"status-publish","4":"has-post-thumbnail","6":"product_cat-methodik","7":"publisher-black-cat-publishing","9":"first","10":"instock","11":"taxable","12":"shipping-taxable","13":"purchasable","14":"product-type-simple"},"acf":[],"_links":{"self":[{"href":"https:\/\/exlibris.ee\/ru\/wp-json\/wp\/v2\/product\/134367","targetHints":{"allow":["GET"]}}],"collection":[{"href":"https:\/\/exlibris.ee\/ru\/wp-json\/wp\/v2\/product"}],"about":[{"href":"https:\/\/exlibris.ee\/ru\/wp-json\/wp\/v2\/types\/product"}],"wp:featuredmedia":[{"embeddable":true,"href":"https:\/\/exlibris.ee\/ru\/wp-json\/wp\/v2\/media\/134344"}],"wp:attachment":[{"href":"https:\/\/exlibris.ee\/ru\/wp-json\/wp\/v2\/media?parent=134367"}],"wp:term":[{"taxonomy":"product_brand","embeddable":true,"href":"https:\/\/exlibris.ee\/ru\/wp-json\/wp\/v2\/product_brand?post=134367"},{"taxonomy":"product_cat","embeddable":true,"href":"https:\/\/exlibris.ee\/ru\/wp-json\/wp\/v2\/product_cat?post=134367"},{"taxonomy":"product_tag","embeddable":true,"href":"https:\/\/exlibris.ee\/ru\/wp-json\/wp\/v2\/product_tag?post=134367"},{"taxonomy":"series","embeddable":true,"href":"https:\/\/exlibris.ee\/ru\/wp-json\/wp\/v2\/series?post=134367"},{"taxonomy":"publisher","embeddable":true,"href":"https:\/\/exlibris.ee\/ru\/wp-json\/wp\/v2\/publisher?post=134367"}],"curies":[{"name":"wp","href":"https:\/\/api.w.org\/{rel}","templated":true}]}}