{"id":134368,"date":"2024-07-05T03:15:40","date_gmt":"2024-07-05T00:15:40","guid":{"rendered":"https:\/\/exlibris.ee\/toode\/der-blonde-eckbert-cd\/"},"modified":"2026-04-10T07:25:01","modified_gmt":"2026-04-10T04:25:01","slug":"der-blonde-eckbert-cd","status":"publish","type":"product","link":"https:\/\/exlibris.ee\/ru\/produkt\/der-blonde-eckbert-cd\/","title":{"rendered":"Der Blonde Eckbert + CD"},"content":{"rendered":"<p>es beginnt wie im M\u00e4rchen. der blonde Eckbert lebt auf einer Burg. Seine Frau bertha ist reich und Sch\u00f6n. eckbert liebt sie sehr. &#171;Vor meinem besten Freund Walther&#187;, denkt Eckbert, &#171;brauchen wir keine Geheimnisse zu haben.&#187;<br \/>\nEines Abends, man sitzt am Kamin, erz\u00e4hlt Bertha Walther von ihrer Vergangenheit. Ihre Erz\u00e4hlung kostet mehr als eine Person das Leben &#8212; und das M\u00e4rchen wird zum Alptraum.<br \/>\nDer vereinfachte Text, zugleich als erste Einf\u00fchrung in die deutsche Romantik gedacht, enth\u00e4lt au\u00dfer \u00dcbungen zu Wortschatz, Grammatik, Textverst\u00e4ndnis und Interpretation auch mehrere Dossiers zur Landeskunde.<br \/>\nDer gesamte Text ist in dramatisierter From aut CD aufgenommen.<\/p>\n","protected":false},"excerpt":{"rendered":"<p>es beginnt wie im M\u00e4rchen. der blonde Eckbert lebt auf einer Burg. Seine Frau bertha ist reich und Sch\u00f6n. eckbert liebt sie sehr. &#171;Vor meinem besten Freund Walther&#187;, denkt Eckbert, &#171;brauchen wir keine Geheimnisse zu haben.&#187; Eines Abends, man sitzt&#8230;<\/p>\n","protected":false},"featured_media":134362,"template":"","meta":{"_acf_changed":false,"inline_featured_image":false},"product_brand":[],"product_cat":[851],"product_tag":[],"series":[],"publisher":[{"id":2087,"name":"Black Cat Publishing","slug":"black-cat-publishing"}],"class_list":{"0":"post-134368","1":"product","2":"type-product","3":"status-publish","4":"has-post-thumbnail","6":"product_cat-lesetexte-deutsch","7":"publisher-black-cat-publishing","9":"first","10":"instock","11":"taxable","12":"shipping-taxable","13":"purchasable","14":"product-type-simple"},"acf":[],"_links":{"self":[{"href":"https:\/\/exlibris.ee\/ru\/wp-json\/wp\/v2\/product\/134368","targetHints":{"allow":["GET"]}}],"collection":[{"href":"https:\/\/exlibris.ee\/ru\/wp-json\/wp\/v2\/product"}],"about":[{"href":"https:\/\/exlibris.ee\/ru\/wp-json\/wp\/v2\/types\/product"}],"wp:featuredmedia":[{"embeddable":true,"href":"https:\/\/exlibris.ee\/ru\/wp-json\/wp\/v2\/media\/134362"}],"wp:attachment":[{"href":"https:\/\/exlibris.ee\/ru\/wp-json\/wp\/v2\/media?parent=134368"}],"wp:term":[{"taxonomy":"product_brand","embeddable":true,"href":"https:\/\/exlibris.ee\/ru\/wp-json\/wp\/v2\/product_brand?post=134368"},{"taxonomy":"product_cat","embeddable":true,"href":"https:\/\/exlibris.ee\/ru\/wp-json\/wp\/v2\/product_cat?post=134368"},{"taxonomy":"product_tag","embeddable":true,"href":"https:\/\/exlibris.ee\/ru\/wp-json\/wp\/v2\/product_tag?post=134368"},{"taxonomy":"series","embeddable":true,"href":"https:\/\/exlibris.ee\/ru\/wp-json\/wp\/v2\/series?post=134368"},{"taxonomy":"publisher","embeddable":true,"href":"https:\/\/exlibris.ee\/ru\/wp-json\/wp\/v2\/publisher?post=134368"}],"curies":[{"name":"wp","href":"https:\/\/api.w.org\/{rel}","templated":true}]}}