{"id":134369,"date":"2024-07-06T03:03:04","date_gmt":"2024-07-06T00:03:04","guid":{"rendered":"https:\/\/exlibris.ee\/toode\/tina-hamburg-leseheft-a1\/"},"modified":"2026-04-23T05:49:07","modified_gmt":"2026-04-23T02:49:07","slug":"tina-hamburg-leseheft-a1","status":"publish","type":"product","link":"https:\/\/exlibris.ee\/ru\/produkt\/tina-hamburg-leseheft-a1\/","title":{"rendered":"Tina Hamburg Leseheft A1"},"content":{"rendered":"<p>Tina kommt vom Studium in den USA nach Hamburg zur\u00fcck. Ihr Vater m\u00f6chte, dass sie den Sohn seines reichen Freundes heiratet. Aber Tina hat ganz andere Pl\u00e4ne. Im Tennisclub trifft sie alte Freunde &#8230;<\/p>\n","protected":false},"excerpt":{"rendered":"<p>Tina kommt vom Studium in den USA nach Hamburg zur\u00fcck. Ihr Vater m\u00f6chte, dass sie den Sohn seines reichen Freundes heiratet. Aber Tina hat ganz andere Pl\u00e4ne. Im Tennisclub trifft sie alte Freunde &#8230;<\/p>\n","protected":false},"featured_media":134332,"template":"","meta":{"_acf_changed":false,"inline_featured_image":false},"product_brand":[],"product_cat":[851],"product_tag":[],"series":[],"publisher":[{"id":497,"name":"Hueber Verlag","slug":"hueber-verlag"}],"class_list":{"0":"post-134369","1":"product","2":"type-product","3":"status-publish","4":"has-post-thumbnail","6":"product_cat-lesetexte-deutsch","7":"publisher-hueber-verlag","9":"first","10":"instock","11":"taxable","12":"shipping-taxable","13":"purchasable","14":"product-type-simple"},"acf":[],"_links":{"self":[{"href":"https:\/\/exlibris.ee\/ru\/wp-json\/wp\/v2\/product\/134369","targetHints":{"allow":["GET"]}}],"collection":[{"href":"https:\/\/exlibris.ee\/ru\/wp-json\/wp\/v2\/product"}],"about":[{"href":"https:\/\/exlibris.ee\/ru\/wp-json\/wp\/v2\/types\/product"}],"wp:featuredmedia":[{"embeddable":true,"href":"https:\/\/exlibris.ee\/ru\/wp-json\/wp\/v2\/media\/134332"}],"wp:attachment":[{"href":"https:\/\/exlibris.ee\/ru\/wp-json\/wp\/v2\/media?parent=134369"}],"wp:term":[{"taxonomy":"product_brand","embeddable":true,"href":"https:\/\/exlibris.ee\/ru\/wp-json\/wp\/v2\/product_brand?post=134369"},{"taxonomy":"product_cat","embeddable":true,"href":"https:\/\/exlibris.ee\/ru\/wp-json\/wp\/v2\/product_cat?post=134369"},{"taxonomy":"product_tag","embeddable":true,"href":"https:\/\/exlibris.ee\/ru\/wp-json\/wp\/v2\/product_tag?post=134369"},{"taxonomy":"series","embeddable":true,"href":"https:\/\/exlibris.ee\/ru\/wp-json\/wp\/v2\/series?post=134369"},{"taxonomy":"publisher","embeddable":true,"href":"https:\/\/exlibris.ee\/ru\/wp-json\/wp\/v2\/publisher?post=134369"}],"curies":[{"name":"wp","href":"https:\/\/api.w.org\/{rel}","templated":true}]}}