{"id":134372,"date":"2024-07-06T03:40:31","date_gmt":"2024-07-06T00:40:31","guid":{"rendered":"https:\/\/exlibris.ee\/toode\/der-sandmann-cd\/"},"modified":"2026-04-05T19:30:59","modified_gmt":"2026-04-05T16:30:59","slug":"der-sandmann-cd","status":"publish","type":"product","link":"https:\/\/exlibris.ee\/ru\/produkt\/der-sandmann-cd\/","title":{"rendered":"Der Sandmann +CD"},"content":{"rendered":"<p>Die anderen meinen, er habe zu viel Phantasie, als Nathanael schreibt: &#171;Etwas Entsetzliches ist in mein Leben getreten.&#187; Wer hat Recht? Wer ist dieser Coppola, der Nathanael solche Angst macht?<br \/>\nNathanael vergisst seine Angst, als er sich in die sch\u00f6ne, die perfekte Olimpia verliebt.<br \/>\nLiebe, Wahnsinn und Tod, Alchimisten und &#8212; Italiener: bei seinem raffinierten Spiel mit &#171;Wirklichkeit&#187; und Phantasie zieht Hoffmann hier alle Register der Schauerromantik.<br \/>\nDer f\u00fcr Deutschlerner vereinfachte Text wird durch zahlreiche \u00dcbungen zu Wortschatz und Grammatik sowie durch Anregungen zu themenorientiertem Schreiben und Sprechen erg\u00e4nzt.<br \/>\nDer H\u00f6rverst\u00e4ndnis\u00fcbung dient die beigef\u00fcgte Audio-CD (vollst\u00e4ndige Lekt\u00fcre des Textes).<\/p>\n","protected":false},"excerpt":{"rendered":"<p>Die anderen meinen, er habe zu viel Phantasie, als Nathanael schreibt: &#171;Etwas Entsetzliches ist in mein Leben getreten.&#187; Wer hat Recht? Wer ist dieser Coppola, der Nathanael solche Angst macht? Nathanael vergisst seine Angst, als er sich in die sch\u00f6ne,&#8230;<\/p>\n","protected":false},"featured_media":134350,"template":"","meta":{"_acf_changed":false,"inline_featured_image":false},"product_brand":[],"product_cat":[851],"product_tag":[],"series":[],"publisher":[{"id":2087,"name":"Black Cat Publishing","slug":"black-cat-publishing"}],"class_list":{"0":"post-134372","1":"product","2":"type-product","3":"status-publish","4":"has-post-thumbnail","6":"product_cat-lesetexte-deutsch","7":"publisher-black-cat-publishing","9":"first","10":"instock","11":"taxable","12":"shipping-taxable","13":"purchasable","14":"product-type-simple"},"acf":[],"_links":{"self":[{"href":"https:\/\/exlibris.ee\/ru\/wp-json\/wp\/v2\/product\/134372","targetHints":{"allow":["GET"]}}],"collection":[{"href":"https:\/\/exlibris.ee\/ru\/wp-json\/wp\/v2\/product"}],"about":[{"href":"https:\/\/exlibris.ee\/ru\/wp-json\/wp\/v2\/types\/product"}],"wp:featuredmedia":[{"embeddable":true,"href":"https:\/\/exlibris.ee\/ru\/wp-json\/wp\/v2\/media\/134350"}],"wp:attachment":[{"href":"https:\/\/exlibris.ee\/ru\/wp-json\/wp\/v2\/media?parent=134372"}],"wp:term":[{"taxonomy":"product_brand","embeddable":true,"href":"https:\/\/exlibris.ee\/ru\/wp-json\/wp\/v2\/product_brand?post=134372"},{"taxonomy":"product_cat","embeddable":true,"href":"https:\/\/exlibris.ee\/ru\/wp-json\/wp\/v2\/product_cat?post=134372"},{"taxonomy":"product_tag","embeddable":true,"href":"https:\/\/exlibris.ee\/ru\/wp-json\/wp\/v2\/product_tag?post=134372"},{"taxonomy":"series","embeddable":true,"href":"https:\/\/exlibris.ee\/ru\/wp-json\/wp\/v2\/series?post=134372"},{"taxonomy":"publisher","embeddable":true,"href":"https:\/\/exlibris.ee\/ru\/wp-json\/wp\/v2\/publisher?post=134372"}],"curies":[{"name":"wp","href":"https:\/\/api.w.org\/{rel}","templated":true}]}}