{"id":134446,"date":"2024-07-18T02:44:35","date_gmt":"2024-07-17T23:44:35","guid":{"rendered":"https:\/\/exlibris.ee\/toode\/das-neue-deutschmobil-3-lbcd\/"},"modified":"2026-04-14T19:18:35","modified_gmt":"2026-04-14T16:18:35","slug":"das-neue-deutschmobil-3-lbcd","status":"publish","type":"product","link":"https:\/\/exlibris.ee\/ru\/produkt\/das-neue-deutschmobil-3-lbcd\/","title":{"rendered":"Das neue Deutschmobil 3 LB+CD"},"content":{"rendered":"<p>Selbstst\u00e4ndiges Arbeiten wird durch 14 einheitlich aufgebaute Lektionen pro Band, ein ansprechendes und transparentes Layout sowie eindeutige Symbole zur einfachen Orientierung erm\u00f6glicht.<\/p>\n<p>Landeskunde zu Deutschland, \u00d6sterreich und der Schweiz, Phonetik\u00fcbungen sowie Redemittelk\u00e4sten sind wiederkehrende Bestandteile.<\/p>\n<p>Band 3 endet mit einem pr\u00fcfungsvorbereitenden Sprechtraining.<\/p>\n","protected":false},"excerpt":{"rendered":"<p>Selbstst\u00e4ndiges Arbeiten wird durch 14 einheitlich aufgebaute Lektionen pro Band, ein ansprechendes und transparentes Layout sowie eindeutige Symbole zur einfachen Orientierung erm\u00f6glicht. Landeskunde zu Deutschland, \u00d6sterreich und der Schweiz, Phonetik\u00fcbungen sowie Redemittelk\u00e4sten sind wiederkehrende Bestandteile. Band 3 endet mit einem&#8230;<\/p>\n","protected":false},"featured_media":134423,"template":"","meta":{"_acf_changed":false,"inline_featured_image":false},"product_brand":[],"product_cat":[881],"product_tag":[],"series":[{"id":2886,"name":"Das neue Deutschmobil","slug":"das-neue-deutschmobil"}],"publisher":[{"id":2095,"name":"Klett-Langenscheidt","slug":"klett-langenscheidt"}],"class_list":{"0":"post-134446","1":"product","2":"type-product","3":"status-publish","4":"has-post-thumbnail","6":"product_cat-lehrwerke-fur-kinder-und-jugendliche","7":"series-das-neue-deutschmobil","8":"publisher-klett-langenscheidt","10":"first","11":"onbackorder","12":"taxable","13":"shipping-taxable","14":"purchasable","15":"product-type-simple"},"acf":[],"_links":{"self":[{"href":"https:\/\/exlibris.ee\/ru\/wp-json\/wp\/v2\/product\/134446","targetHints":{"allow":["GET"]}}],"collection":[{"href":"https:\/\/exlibris.ee\/ru\/wp-json\/wp\/v2\/product"}],"about":[{"href":"https:\/\/exlibris.ee\/ru\/wp-json\/wp\/v2\/types\/product"}],"wp:featuredmedia":[{"embeddable":true,"href":"https:\/\/exlibris.ee\/ru\/wp-json\/wp\/v2\/media\/134423"}],"wp:attachment":[{"href":"https:\/\/exlibris.ee\/ru\/wp-json\/wp\/v2\/media?parent=134446"}],"wp:term":[{"taxonomy":"product_brand","embeddable":true,"href":"https:\/\/exlibris.ee\/ru\/wp-json\/wp\/v2\/product_brand?post=134446"},{"taxonomy":"product_cat","embeddable":true,"href":"https:\/\/exlibris.ee\/ru\/wp-json\/wp\/v2\/product_cat?post=134446"},{"taxonomy":"product_tag","embeddable":true,"href":"https:\/\/exlibris.ee\/ru\/wp-json\/wp\/v2\/product_tag?post=134446"},{"taxonomy":"series","embeddable":true,"href":"https:\/\/exlibris.ee\/ru\/wp-json\/wp\/v2\/series?post=134446"},{"taxonomy":"publisher","embeddable":true,"href":"https:\/\/exlibris.ee\/ru\/wp-json\/wp\/v2\/publisher?post=134446"}],"curies":[{"name":"wp","href":"https:\/\/api.w.org\/{rel}","templated":true}]}}