{"id":134587,"date":"2024-08-03T03:26:48","date_gmt":"2024-08-03T00:26:48","guid":{"rendered":"https:\/\/exlibris.ee\/toode\/tere-estonian-for-beginners-0-a1-worksheets\/"},"modified":"2026-04-14T23:29:13","modified_gmt":"2026-04-14T20:29:13","slug":"tere-estonian-for-beginners-0-a1-worksheets","status":"publish","type":"product","link":"https:\/\/exlibris.ee\/ru\/produkt\/tere-estonian-for-beginners-0-a1-worksheets\/","title":{"rendered":"Tere! Estonian for Beginners 0-A1. Worksheets"},"content":{"rendered":"<p>Eesti keele \u00f5pik algajatele 0-A1. T\u00f6\u00f6lehed<\/p>\n","protected":false},"excerpt":{"rendered":"<p>Eesti keele \u00f5pik algajatele 0-A1. T\u00f6\u00f6lehed<\/p>\n","protected":false},"featured_media":134569,"template":"","meta":{"_acf_changed":false,"inline_featured_image":false},"product_brand":[],"product_cat":[696],"product_tag":[],"series":[{"id":1088,"name":"Tere!","slug":"tere"}],"publisher":[{"id":1084,"name":"Kirjastus Kirjatark","slug":"kirjastus-kirjatark"}],"class_list":{"0":"post-134587","1":"product","2":"type-product","3":"status-publish","4":"has-post-thumbnail","6":"product_cat-a1-taseme-opikud","7":"series-tere","8":"publisher-kirjastus-kirjatark","10":"first","11":"instock","12":"taxable","13":"shipping-taxable","14":"purchasable","15":"product-type-simple"},"acf":[],"_links":{"self":[{"href":"https:\/\/exlibris.ee\/ru\/wp-json\/wp\/v2\/product\/134587","targetHints":{"allow":["GET"]}}],"collection":[{"href":"https:\/\/exlibris.ee\/ru\/wp-json\/wp\/v2\/product"}],"about":[{"href":"https:\/\/exlibris.ee\/ru\/wp-json\/wp\/v2\/types\/product"}],"wp:featuredmedia":[{"embeddable":true,"href":"https:\/\/exlibris.ee\/ru\/wp-json\/wp\/v2\/media\/134569"}],"wp:attachment":[{"href":"https:\/\/exlibris.ee\/ru\/wp-json\/wp\/v2\/media?parent=134587"}],"wp:term":[{"taxonomy":"product_brand","embeddable":true,"href":"https:\/\/exlibris.ee\/ru\/wp-json\/wp\/v2\/product_brand?post=134587"},{"taxonomy":"product_cat","embeddable":true,"href":"https:\/\/exlibris.ee\/ru\/wp-json\/wp\/v2\/product_cat?post=134587"},{"taxonomy":"product_tag","embeddable":true,"href":"https:\/\/exlibris.ee\/ru\/wp-json\/wp\/v2\/product_tag?post=134587"},{"taxonomy":"series","embeddable":true,"href":"https:\/\/exlibris.ee\/ru\/wp-json\/wp\/v2\/series?post=134587"},{"taxonomy":"publisher","embeddable":true,"href":"https:\/\/exlibris.ee\/ru\/wp-json\/wp\/v2\/publisher?post=134587"}],"curies":[{"name":"wp","href":"https:\/\/api.w.org\/{rel}","templated":true}]}}