{"id":136402,"date":"2024-12-09T21:32:38","date_gmt":"2024-12-09T19:32:38","guid":{"rendered":"https:\/\/exlibris.ee\/toode\/%d0%b1%d0%b0%d0%b9%d0%ba%d0%b8-%d0%b8%d0%b7-%d0%b7%d0%b0-%d0%b1%d0%b0%d1%80%d0%bd%d0%be%d0%b9-%d1%81%d1%82%d0%be%d0%b9%d0%ba%d0%b8\/"},"modified":"2026-04-17T19:48:03","modified_gmt":"2026-04-17T16:48:03","slug":"%d0%b1%d0%b0%d0%b9%d0%ba%d0%b8-%d0%b8%d0%b7-%d0%b7%d0%b0-%d0%b1%d0%b0%d1%80%d0%bd%d0%be%d0%b9-%d1%81%d1%82%d0%be%d0%b9%d0%ba%d0%b8","status":"publish","type":"product","link":"https:\/\/exlibris.ee\/ru\/produkt\/%d0%b1%d0%b0%d0%b9%d0%ba%d0%b8-%d0%b8%d0%b7-%d0%b7%d0%b0-%d0%b1%d0%b0%d1%80%d0%bd%d0%be%d0%b9-%d1%81%d1%82%d0%be%d0%b9%d0%ba%d0%b8\/","title":{"rendered":"\u0411\u0430\u0439\u043a\u0438 \u0438\u0437-\u0437\u0430 \u0431\u0430\u0440\u043d\u043e\u0439 \u0441\u0442\u043e\u0439\u043a\u0438"},"content":{"rendered":"<p>&#171;\u0411\u0430\u0439\u043a\u0438 \u0438\u0437-\u0437\u0430 \u0431\u0430\u0440\u043d\u043e\u0439 \u0441\u0442\u043e\u0439\u043a\u0438&#187; &#8212; \u044d\u0442\u043e \u0441\u0431\u043e\u0440\u043d\u0438\u043a \u044e\u043c\u043e\u0440\u0438\u0441\u0442\u0438\u0447\u0435\u0441\u043a\u0438\u0445 \u0440\u0430\u0441\u0441\u043a\u0430\u0437\u043e\u0432. \u041e\u043d\u0438 \u043e\u0441\u043d\u043e\u0432\u0430\u043d\u044b \u043d\u0430 \u0440\u0435\u0430\u043b\u044c\u043d\u044b\u0445 \u0441\u043e\u0431\u044b\u0442\u0438\u044f\u0445, \u043f\u0440\u043e\u0438\u0437\u043e\u0448\u0435\u0434\u0448\u0438\u0445 \u0432 \u0433. \u041f\u0430\u043b\u0434\u0438\u0441\u043a\u0438, \u0432 \u0422\u0430\u0432\u0435\u0440\u043d\u0435 \u00ab\u041f\u0435\u0442\u0440\u043e\u0432\u0441\u043a\u0430\u044f \u0422\u0430\u043c\u043e\u0436\u043d\u044f\u00bb, \u043a\u043e\u0442\u043e\u0440\u0430\u044f \u0432 \u043f\u0435\u0440\u0438\u043e\u0434 \u0441 1989 \u043f\u043e 2010 \u0433\u043e\u0434 \u043d\u043e\u0441\u0438\u043b\u0430 \u043d\u0430\u0437\u0432\u0430\u043d\u0438\u0435 \u0441\u0430\u0443\u043d\u0430-\u0431\u0430\u0440 \u00ab\u0421\u0430\u0434\u043a\u043e\u00bb \u0438 \u0431\u044b\u043b\u0430 \u043f\u043e\u043f\u0443\u043b\u044f\u0440\u043d\u044b\u043c \u043c\u0435\u0441\u0442\u043e\u043c \u043d\u0435 \u0442\u043e\u043b\u044c\u043a\u043e \u0443 \u043c\u0435\u0441\u0442\u043d\u044b\u0445 \u0436\u0438\u0442\u0435\u043b\u0435\u0439, \u043d\u043e \u0438 \u0443 \u043c\u043e\u0440\u044f\u043a\u043e\u0432 \u0441\u043e \u0432\u0441\u0435\u0433\u043e \u0441\u0432\u0435\u0442\u0430. \u0421\u043c\u0435\u0448\u043d\u044b\u0435 \u0438\u0441\u0442\u043e\u0440\u0438\u0438, \u0437\u0430\u0444\u0438\u043a\u0441\u0438\u0440\u043e\u0432\u0430\u043d\u043d\u044b\u0435 \u043e\u0441\u0442\u0440\u044b\u043c \u0432\u0437\u0433\u043b\u044f\u0434\u043e\u043c \u0445\u043e\u0437\u044f\u0439\u043a\u0438 \u0437\u0430\u0432\u0435\u0434\u0435\u043d\u0438\u044f, \u043e \u0432\u0440\u0435\u043c\u0435\u043d\u0438 \u0413\u043e\u0440\u0431\u0430\u0447\u0435\u0432\u0441\u043a\u043e\u0439 \u043f\u0435\u0440\u0435\u0441\u0442\u0440\u043e\u0439\u043a\u0438, \u0413\u041a\u0427\u041f, \u0440\u0430\u0437\u0432\u0430\u043b\u0430 \u0421\u0421\u0421\u0420, \u043c\u0435\u0434\u043d\u043e\u0439 \u043b\u0438\u0445\u043e\u0440\u0430\u0434\u043a\u0438 \u0438 \u043f\u0435\u0440\u0432\u044b\u0445 \u0433\u043e\u0434\u0430\u0445 \u0441\u0432\u043e\u0431\u043e\u0434\u043d\u043e\u0439 \u042d\u0441\u0442\u043e\u043d\u0438\u0438 \u043c\u043e\u0436\u043d\u043e \u043f\u0440\u043e\u0447\u0435\u0441\u0442\u044c \u0432 \u044d\u0442\u043e\u0439 \u043a\u043d\u0438\u0433\u0435.<\/p>\n","protected":false},"excerpt":{"rendered":"<p>&#171;\u0411\u0430\u0439\u043a\u0438 \u0438\u0437-\u0437\u0430 \u0431\u0430\u0440\u043d\u043e\u0439 \u0441\u0442\u043e\u0439\u043a\u0438&#187; &#8212; \u044d\u0442\u043e \u0441\u0431\u043e\u0440\u043d\u0438\u043a \u044e\u043c\u043e\u0440\u0438\u0441\u0442\u0438\u0447\u0435\u0441\u043a\u0438\u0445 \u0440\u0430\u0441\u0441\u043a\u0430\u0437\u043e\u0432. \u041e\u043d\u0438 \u043e\u0441\u043d\u043e\u0432\u0430\u043d\u044b \u043d\u0430 \u0440\u0435\u0430\u043b\u044c\u043d\u044b\u0445 \u0441\u043e\u0431\u044b\u0442\u0438\u044f\u0445, \u043f\u0440\u043e\u0438\u0437\u043e\u0448\u0435\u0434\u0448\u0438\u0445 \u0432 \u0433. \u041f\u0430\u043b\u0434\u0438\u0441\u043a\u0438, \u0432 \u0422\u0430\u0432\u0435\u0440\u043d\u0435 \u00ab\u041f\u0435\u0442\u0440\u043e\u0432\u0441\u043a\u0430\u044f \u0422\u0430\u043c\u043e\u0436\u043d\u044f\u00bb, \u043a\u043e\u0442\u043e\u0440\u0430\u044f \u0432 \u043f\u0435\u0440\u0438\u043e\u0434 \u0441 1989 \u043f\u043e 2010 \u0433\u043e\u0434 \u043d\u043e\u0441\u0438\u043b\u0430 \u043d\u0430\u0437\u0432\u0430\u043d\u0438\u0435 \u0441\u0430\u0443\u043d\u0430-\u0431\u0430\u0440 \u00ab\u0421\u0430\u0434\u043a\u043e\u00bb \u0438 \u0431\u044b\u043b\u0430 \u043f\u043e\u043f\u0443\u043b\u044f\u0440\u043d\u044b\u043c \u043c\u0435\u0441\u0442\u043e\u043c \u043d\u0435 \u0442\u043e\u043b\u044c\u043a\u043e&#8230;<\/p>\n","protected":false},"featured_media":136619,"template":"","meta":{"_acf_changed":false,"inline_featured_image":false},"product_brand":[],"product_cat":[2431],"product_tag":[],"series":[],"publisher":[{"id":2929,"name":"MT\u00dc Pakri K\u00e4sit\u00f6\u00f6 ja Koduloo Koda","slug":"mtu-pakri-kasitoo-ja-koduloo-koda"}],"class_list":{"0":"post-136402","1":"product","2":"type-product","3":"status-publish","4":"has-post-thumbnail","6":"product_cat-rpro-vene","7":"publisher-mtu-pakri-kasitoo-ja-koduloo-koda","9":"first","10":"instock","11":"taxable","12":"shipping-taxable","13":"purchasable","14":"product-type-simple"},"acf":[],"_links":{"self":[{"href":"https:\/\/exlibris.ee\/ru\/wp-json\/wp\/v2\/product\/136402","targetHints":{"allow":["GET"]}}],"collection":[{"href":"https:\/\/exlibris.ee\/ru\/wp-json\/wp\/v2\/product"}],"about":[{"href":"https:\/\/exlibris.ee\/ru\/wp-json\/wp\/v2\/types\/product"}],"wp:featuredmedia":[{"embeddable":true,"href":"https:\/\/exlibris.ee\/ru\/wp-json\/wp\/v2\/media\/136619"}],"wp:attachment":[{"href":"https:\/\/exlibris.ee\/ru\/wp-json\/wp\/v2\/media?parent=136402"}],"wp:term":[{"taxonomy":"product_brand","embeddable":true,"href":"https:\/\/exlibris.ee\/ru\/wp-json\/wp\/v2\/product_brand?post=136402"},{"taxonomy":"product_cat","embeddable":true,"href":"https:\/\/exlibris.ee\/ru\/wp-json\/wp\/v2\/product_cat?post=136402"},{"taxonomy":"product_tag","embeddable":true,"href":"https:\/\/exlibris.ee\/ru\/wp-json\/wp\/v2\/product_tag?post=136402"},{"taxonomy":"series","embeddable":true,"href":"https:\/\/exlibris.ee\/ru\/wp-json\/wp\/v2\/series?post=136402"},{"taxonomy":"publisher","embeddable":true,"href":"https:\/\/exlibris.ee\/ru\/wp-json\/wp\/v2\/publisher?post=136402"}],"curies":[{"name":"wp","href":"https:\/\/api.w.org\/{rel}","templated":true}]}}