{"id":137103,"date":"2024-12-18T15:40:13","date_gmt":"2024-12-18T13:40:13","guid":{"rendered":"https:\/\/exlibris.ee\/toode\/harjuta-eesti-keelt-teise-keelena-a2-b1-lugemis-kuulamis-ja-grammatikaulesanded-lastele-ja-taiskasvanutele\/"},"modified":"2026-04-16T21:36:30","modified_gmt":"2026-04-16T18:36:30","slug":"harjuta-eesti-keelt-teise-keelena-a2-b1-lugemis-kuulamis-ja-grammatikaulesanded-lastele-ja-taiskasvanutele","status":"publish","type":"product","link":"https:\/\/exlibris.ee\/ru\/produkt\/harjuta-eesti-keelt-teise-keelena-a2-b1-lugemis-kuulamis-ja-grammatikaulesanded-lastele-ja-taiskasvanutele\/","title":{"rendered":"Harjuta eesti keelt teise keelena A2\u2013B1. Lugemis-, kuulamis- ja grammatika\u00fclesanded lastele ja t\u00e4iskasvanutele"},"content":{"rendered":"<p>Sobib iseseisvaks harjutamiseks ja keele\u00f5ppeks p\u00e4rast eesti keele teise keelena algkursuse l\u00e4bimist.<br \/>\nKoondab m\u00e4nguliselt lugemis-, kuulamis- ja grammatika\u00fclesandeid, mis l\u00e4htuvad igap\u00e4evaelust.<br \/>\nTekstid on loodud ekstra selle kogumiku tarbeks.<br \/>\nSisaldab t\u00e4htsamate grammatikateemade kokkuv\u00f5tteid ja k\u00f5igi \u00fclesannete vastuseid.<\/p>\n","protected":false},"excerpt":{"rendered":"<p>Sobib iseseisvaks harjutamiseks ja keele\u00f5ppeks p\u00e4rast eesti keele teise keelena algkursuse l\u00e4bimist. Koondab m\u00e4nguliselt lugemis-, kuulamis- ja grammatika\u00fclesandeid, mis l\u00e4htuvad igap\u00e4evaelust. Tekstid on loodud ekstra selle kogumiku tarbeks. Sisaldab t\u00e4htsamate grammatikateemade kokkuv\u00f5tteid ja k\u00f5igi \u00fclesannete vastuseid.<\/p>\n","protected":false},"featured_media":136844,"template":"","meta":{"_acf_changed":false,"inline_featured_image":false},"product_brand":[],"product_cat":[871],"product_tag":[],"series":[],"publisher":[{"id":2045,"name":"Maurus","slug":"maurus"}],"class_list":{"0":"post-137103","1":"product","2":"type-product","3":"status-publish","4":"has-post-thumbnail","6":"product_cat-grammatika","7":"publisher-maurus","9":"first","10":"instock","11":"taxable","12":"shipping-taxable","13":"purchasable","14":"product-type-simple"},"acf":[],"_links":{"self":[{"href":"https:\/\/exlibris.ee\/ru\/wp-json\/wp\/v2\/product\/137103","targetHints":{"allow":["GET"]}}],"collection":[{"href":"https:\/\/exlibris.ee\/ru\/wp-json\/wp\/v2\/product"}],"about":[{"href":"https:\/\/exlibris.ee\/ru\/wp-json\/wp\/v2\/types\/product"}],"wp:featuredmedia":[{"embeddable":true,"href":"https:\/\/exlibris.ee\/ru\/wp-json\/wp\/v2\/media\/136844"}],"wp:attachment":[{"href":"https:\/\/exlibris.ee\/ru\/wp-json\/wp\/v2\/media?parent=137103"}],"wp:term":[{"taxonomy":"product_brand","embeddable":true,"href":"https:\/\/exlibris.ee\/ru\/wp-json\/wp\/v2\/product_brand?post=137103"},{"taxonomy":"product_cat","embeddable":true,"href":"https:\/\/exlibris.ee\/ru\/wp-json\/wp\/v2\/product_cat?post=137103"},{"taxonomy":"product_tag","embeddable":true,"href":"https:\/\/exlibris.ee\/ru\/wp-json\/wp\/v2\/product_tag?post=137103"},{"taxonomy":"series","embeddable":true,"href":"https:\/\/exlibris.ee\/ru\/wp-json\/wp\/v2\/series?post=137103"},{"taxonomy":"publisher","embeddable":true,"href":"https:\/\/exlibris.ee\/ru\/wp-json\/wp\/v2\/publisher?post=137103"}],"curies":[{"name":"wp","href":"https:\/\/api.w.org\/{rel}","templated":true}]}}