{"id":137258,"date":"2024-12-20T15:32:11","date_gmt":"2024-12-20T13:32:11","guid":{"rendered":"https:\/\/exlibris.ee\/toode\/ein-tolles-team-a1-1-kursbuch\/"},"modified":"2026-04-14T19:20:01","modified_gmt":"2026-04-14T16:20:01","slug":"ein-tolles-team-a1-1-kursbuch","status":"publish","type":"product","link":"https:\/\/exlibris.ee\/ru\/produkt\/ein-tolles-team-a1-1-kursbuch\/","title":{"rendered":"Ein Tolles Team A1.1 Kursbuch"},"content":{"rendered":"<p>Neuware &#8212; Zielniveau A1.1Zielgruppe: Jugendliche im In- und Ausland in A1.1-Kursen Deutsch als FremdspracheEin tolles Team A1.1, Kursbuch inklusive Code zur interaktiven Version-enth\u00e4lt 5 Lektionen &#8212; unterteilt in die Abschnitte A, B und C &#8212; und pro Lektion passgenaue Aussprache- und Fertigkeiten-Trainings, Landeskunde-Aktivit\u00e4ten, Projekte, Videos sowie \u00dcbersichten zu Grammatik und Redemitteln-stellt in zahlreichen kompetenzorientierten und motivierenden Aktivit\u00e4ten die Kommunikation und Interaktion in der Klasse in den Vordergrund-begleitet die Lernenden mit jugendlichen Protagonistinnen und Protagonisten durch die Lektionen und zeigt deren Interessen und Lebenswelten-weckt Neugierde mit alltagsnahen Themen und Geschichten-greift in unterhaltsamen Lektionsfilmen Wortschatz und Strukturen der Lektion auf-bietet in der Rubrik Landeskunde interessante Informationen und abwechslungsreiche \u00dcbungen zum Alltag in Deutschland, \u00d6sterreich und der Schweiz-trainiert in der Rubrik Aussprache Aussprache und Betonung auf Wort- und Satzebene-gibt zum Lektionsabschluss mit den Extra-Seiten Das kann ich schon eine kompakte \u00dcbersicht \u00fcber Wortschatz und Redemittel und mit Grammatik auf einen Blick eine zusammenfassende Visualisierung der neuen Inhalte und Strukturen sowie passende \u00dcbungen<\/p>\n","protected":false},"excerpt":{"rendered":"<p>Neuware &#8212; Zielniveau A1.1Zielgruppe: Jugendliche im In- und Ausland in A1.1-Kursen Deutsch als FremdspracheEin tolles Team A1.1, Kursbuch inklusive Code zur interaktiven Version-enth\u00e4lt 5 Lektionen &#8212; unterteilt in die Abschnitte A, B und C &#8212; und pro Lektion passgenaue Aussprache-&#8230;<\/p>\n","protected":false},"featured_media":137118,"template":"","meta":{"_acf_changed":false,"inline_featured_image":false},"product_brand":[],"product_cat":[477],"product_tag":[],"series":[{"id":979,"name":"Ein tolles Team","slug":"ein-tolles-team"}],"publisher":[{"id":497,"name":"Hueber Verlag","slug":"hueber-verlag"}],"class_list":{"0":"post-137258","1":"product","2":"type-product","3":"status-publish","4":"has-post-thumbnail","6":"product_cat-lehrwerke-fur-jugendliche","7":"series-ein-tolles-team","8":"publisher-hueber-verlag","10":"first","11":"instock","12":"taxable","13":"shipping-taxable","14":"purchasable","15":"product-type-simple"},"acf":[],"_links":{"self":[{"href":"https:\/\/exlibris.ee\/ru\/wp-json\/wp\/v2\/product\/137258","targetHints":{"allow":["GET"]}}],"collection":[{"href":"https:\/\/exlibris.ee\/ru\/wp-json\/wp\/v2\/product"}],"about":[{"href":"https:\/\/exlibris.ee\/ru\/wp-json\/wp\/v2\/types\/product"}],"wp:featuredmedia":[{"embeddable":true,"href":"https:\/\/exlibris.ee\/ru\/wp-json\/wp\/v2\/media\/137118"}],"wp:attachment":[{"href":"https:\/\/exlibris.ee\/ru\/wp-json\/wp\/v2\/media?parent=137258"}],"wp:term":[{"taxonomy":"product_brand","embeddable":true,"href":"https:\/\/exlibris.ee\/ru\/wp-json\/wp\/v2\/product_brand?post=137258"},{"taxonomy":"product_cat","embeddable":true,"href":"https:\/\/exlibris.ee\/ru\/wp-json\/wp\/v2\/product_cat?post=137258"},{"taxonomy":"product_tag","embeddable":true,"href":"https:\/\/exlibris.ee\/ru\/wp-json\/wp\/v2\/product_tag?post=137258"},{"taxonomy":"series","embeddable":true,"href":"https:\/\/exlibris.ee\/ru\/wp-json\/wp\/v2\/series?post=137258"},{"taxonomy":"publisher","embeddable":true,"href":"https:\/\/exlibris.ee\/ru\/wp-json\/wp\/v2\/publisher?post=137258"}],"curies":[{"name":"wp","href":"https:\/\/api.w.org\/{rel}","templated":true}]}}