{"id":138614,"date":"2025-01-17T03:33:36","date_gmt":"2025-01-17T01:33:36","guid":{"rendered":"https:\/\/exlibris.ee\/toode\/irratsionaalne-vabamotlejad\/"},"modified":"2026-04-19T17:47:26","modified_gmt":"2026-04-19T14:47:26","slug":"irratsionaalne-vabamotlejad","status":"publish","type":"product","link":"https:\/\/exlibris.ee\/ru\/produkt\/irratsionaalne-vabamotlejad\/","title":{"rendered":"(Ir)ratsionaalne Vabam\u00f5tlejad"},"content":{"rendered":"<p>Raamat koosneb kolmest osast. Esimese osa \u201eFilosoofia ajalugu: m\u00f5istus ja ilmutus\u201c moodustavad filosoofia ajaloo alased artiklid. Arutelud liiguvad varauusaegse filosoofia, teaduse ja religiooni p\u00f5imumiskohtades, mis on t\u00e4nap\u00e4eva lugeja jaoks sageli kummastavad, ent oma ajastu kontekstis igati ratsionaalsed. Teine osa \u201eT\u00f5simeeli haridusest ja teaduspoliitikast\u201c sisaldab p\u00f5hiliselt ajaleheartikleid, milles v\u00f5rdlemisi provokatiivses stiilis kirjeldatakse n\u00fc\u00fcdisaegses \u00fclikoolis \u00f5ppimise, \u00f5petamise ja teadusetegemisega kaasnevaid probleeme humanitaari vaatenurgast. Enamus neist probleemidest (humanitaaria kui valdkonna alav\u00e4\u00e4ristamine ja alarahastamine, \u00f5ppej\u00f5udude madalad palgad, \u00f5petamisprotsessi kommertsialiseerumine jne) on t\u00e4nasel p\u00e4eval sama aktuaalsed kui nende artiklite avaldamise ajal aastatel 2004\u20132012.<\/p>\n","protected":false},"excerpt":{"rendered":"<p>Raamat koosneb kolmest osast. Esimese osa \u201eFilosoofia ajalugu: m\u00f5istus ja ilmutus\u201c moodustavad filosoofia ajaloo alased artiklid. Arutelud liiguvad varauusaegse filosoofia, teaduse ja religiooni p\u00f5imumiskohtades, mis on t\u00e4nap\u00e4eva lugeja jaoks sageli kummastavad, ent oma ajastu kontekstis igati ratsionaalsed. Teine osa \u201eT\u00f5simeeli&#8230;<\/p>\n","protected":false},"featured_media":138637,"template":"","meta":{"_acf_changed":false,"inline_featured_image":false},"product_brand":[],"product_cat":[2450],"product_tag":[],"series":[{"id":2940,"name":"Vabam\u00f5tlejad","slug":"vabamotlejad"}],"publisher":[{"id":2941,"name":"Vabam\u00f5tleja","slug":"vabamotleja"}],"class_list":{"0":"post-138614","1":"product","2":"type-product","3":"status-publish","4":"has-post-thumbnail","6":"product_cat-ruhi-eesti","7":"series-vabamotlejad","8":"publisher-vabamotleja","10":"first","11":"instock","12":"taxable","13":"shipping-taxable","14":"purchasable","15":"product-type-simple"},"acf":[],"_links":{"self":[{"href":"https:\/\/exlibris.ee\/ru\/wp-json\/wp\/v2\/product\/138614","targetHints":{"allow":["GET"]}}],"collection":[{"href":"https:\/\/exlibris.ee\/ru\/wp-json\/wp\/v2\/product"}],"about":[{"href":"https:\/\/exlibris.ee\/ru\/wp-json\/wp\/v2\/types\/product"}],"wp:featuredmedia":[{"embeddable":true,"href":"https:\/\/exlibris.ee\/ru\/wp-json\/wp\/v2\/media\/138637"}],"wp:attachment":[{"href":"https:\/\/exlibris.ee\/ru\/wp-json\/wp\/v2\/media?parent=138614"}],"wp:term":[{"taxonomy":"product_brand","embeddable":true,"href":"https:\/\/exlibris.ee\/ru\/wp-json\/wp\/v2\/product_brand?post=138614"},{"taxonomy":"product_cat","embeddable":true,"href":"https:\/\/exlibris.ee\/ru\/wp-json\/wp\/v2\/product_cat?post=138614"},{"taxonomy":"product_tag","embeddable":true,"href":"https:\/\/exlibris.ee\/ru\/wp-json\/wp\/v2\/product_tag?post=138614"},{"taxonomy":"series","embeddable":true,"href":"https:\/\/exlibris.ee\/ru\/wp-json\/wp\/v2\/series?post=138614"},{"taxonomy":"publisher","embeddable":true,"href":"https:\/\/exlibris.ee\/ru\/wp-json\/wp\/v2\/publisher?post=138614"}],"curies":[{"name":"wp","href":"https:\/\/api.w.org\/{rel}","templated":true}]}}