{"id":138617,"date":"2025-01-17T03:33:37","date_gmt":"2025-01-17T01:33:37","guid":{"rendered":"https:\/\/exlibris.ee\/toode\/kogetud-manifestid-vabamotlejad\/"},"modified":"2026-04-07T07:26:45","modified_gmt":"2026-04-07T04:26:45","slug":"kogetud-manifestid-vabamotlejad","status":"publish","type":"product","link":"https:\/\/exlibris.ee\/ru\/produkt\/kogetud-manifestid-vabamotlejad\/","title":{"rendered":"Kogetud manifestid Vabam\u00f5tlejad"},"content":{"rendered":"<p>Raamatus sisalduvad tekstid ei ole\u00a0manifestid\u00a0s\u00f5na t\u00e4ppist\u00e4henduses; neid \u00fchendab aga aktiivselt kogetud vajadus v\u00e4ljendada ja manifesteerida mingit ideed, olgu siis defineerimata kultuurit\u00fchikut, kirjanduslikku eksperimenti v\u00f5i nihestavat reaalsuse\/formaadih\u00e4kki. Mitmeid tekste \u00fchendab eksperiment luua proosa, luule, essee, loengu ja artikli formaatide h\u00e4maral vahealal uus kirjanduslik v\u00f5i tekstip\u00f5hise kunsti vorm.\u00a0Kiwa\u00a0kehastab kogu oma loometegevusega eksperimentaalsust, n\u00f5nda on see ka tema uues raamatus.<\/p>\n","protected":false},"excerpt":{"rendered":"<p>Raamatus sisalduvad tekstid ei ole\u00a0manifestid\u00a0s\u00f5na t\u00e4ppist\u00e4henduses; neid \u00fchendab aga aktiivselt kogetud vajadus v\u00e4ljendada ja manifesteerida mingit ideed, olgu siis defineerimata kultuurit\u00fchikut, kirjanduslikku eksperimenti v\u00f5i nihestavat reaalsuse\/formaadih\u00e4kki. Mitmeid tekste \u00fchendab eksperiment luua proosa, luule, essee, loengu ja artikli formaatide h\u00e4maral vahealal&#8230;<\/p>\n","protected":false},"featured_media":138646,"template":"","meta":{"_acf_changed":false,"inline_featured_image":false},"product_brand":[],"product_cat":[2450],"product_tag":[],"series":[{"id":2940,"name":"Vabam\u00f5tlejad","slug":"vabamotlejad"}],"publisher":[{"id":2941,"name":"Vabam\u00f5tleja","slug":"vabamotleja"}],"class_list":{"0":"post-138617","1":"product","2":"type-product","3":"status-publish","4":"has-post-thumbnail","6":"product_cat-ruhi-eesti","7":"series-vabamotlejad","8":"publisher-vabamotleja","10":"first","11":"instock","12":"taxable","13":"shipping-taxable","14":"purchasable","15":"product-type-simple"},"acf":[],"_links":{"self":[{"href":"https:\/\/exlibris.ee\/ru\/wp-json\/wp\/v2\/product\/138617","targetHints":{"allow":["GET"]}}],"collection":[{"href":"https:\/\/exlibris.ee\/ru\/wp-json\/wp\/v2\/product"}],"about":[{"href":"https:\/\/exlibris.ee\/ru\/wp-json\/wp\/v2\/types\/product"}],"wp:featuredmedia":[{"embeddable":true,"href":"https:\/\/exlibris.ee\/ru\/wp-json\/wp\/v2\/media\/138646"}],"wp:attachment":[{"href":"https:\/\/exlibris.ee\/ru\/wp-json\/wp\/v2\/media?parent=138617"}],"wp:term":[{"taxonomy":"product_brand","embeddable":true,"href":"https:\/\/exlibris.ee\/ru\/wp-json\/wp\/v2\/product_brand?post=138617"},{"taxonomy":"product_cat","embeddable":true,"href":"https:\/\/exlibris.ee\/ru\/wp-json\/wp\/v2\/product_cat?post=138617"},{"taxonomy":"product_tag","embeddable":true,"href":"https:\/\/exlibris.ee\/ru\/wp-json\/wp\/v2\/product_tag?post=138617"},{"taxonomy":"series","embeddable":true,"href":"https:\/\/exlibris.ee\/ru\/wp-json\/wp\/v2\/series?post=138617"},{"taxonomy":"publisher","embeddable":true,"href":"https:\/\/exlibris.ee\/ru\/wp-json\/wp\/v2\/publisher?post=138617"}],"curies":[{"name":"wp","href":"https:\/\/api.w.org\/{rel}","templated":true}]}}