{"id":138619,"date":"2025-01-17T03:35:49","date_gmt":"2025-01-17T01:35:49","guid":{"rendered":"https:\/\/exlibris.ee\/toode\/lingvistiline-mats\/"},"modified":"2026-04-23T11:47:18","modified_gmt":"2026-04-23T08:47:18","slug":"lingvistiline-mats","status":"publish","type":"product","link":"https:\/\/exlibris.ee\/ru\/produkt\/lingvistiline-mats\/","title":{"rendered":"Lingvistiline mats"},"content":{"rendered":"<p>Eesti huumori suurkuju Veiko M\u00e4rka l\u00fchiproosa kogumik\u00a0&#171;Lingvistiline mats&#187;\u00a0sisaldab anekdoodilaadseid l\u00fchilugusid eesti kultuuritegelelastest, paroodiaid, epitaafe, teste jm l\u00fchi\u017eanri palu.<\/p>\n","protected":false},"excerpt":{"rendered":"<p>Eesti huumori suurkuju Veiko M\u00e4rka l\u00fchiproosa kogumik\u00a0&#171;Lingvistiline mats&#187;\u00a0sisaldab anekdoodilaadseid l\u00fchilugusid eesti kultuuritegelelastest, paroodiaid, epitaafe, teste jm l\u00fchi\u017eanri palu.<\/p>\n","protected":false},"featured_media":138652,"template":"","meta":{"_acf_changed":false,"inline_featured_image":false},"product_brand":[],"product_cat":[2429],"product_tag":[],"series":[],"publisher":[{"id":2941,"name":"Vabam\u00f5tleja","slug":"vabamotleja"}],"class_list":{"0":"post-138619","1":"product","2":"type-product","3":"status-publish","4":"has-post-thumbnail","6":"product_cat-rpro-eesti","7":"publisher-vabamotleja","9":"first","10":"instock","11":"taxable","12":"shipping-taxable","13":"purchasable","14":"product-type-simple"},"acf":[],"_links":{"self":[{"href":"https:\/\/exlibris.ee\/ru\/wp-json\/wp\/v2\/product\/138619","targetHints":{"allow":["GET"]}}],"collection":[{"href":"https:\/\/exlibris.ee\/ru\/wp-json\/wp\/v2\/product"}],"about":[{"href":"https:\/\/exlibris.ee\/ru\/wp-json\/wp\/v2\/types\/product"}],"wp:featuredmedia":[{"embeddable":true,"href":"https:\/\/exlibris.ee\/ru\/wp-json\/wp\/v2\/media\/138652"}],"wp:attachment":[{"href":"https:\/\/exlibris.ee\/ru\/wp-json\/wp\/v2\/media?parent=138619"}],"wp:term":[{"taxonomy":"product_brand","embeddable":true,"href":"https:\/\/exlibris.ee\/ru\/wp-json\/wp\/v2\/product_brand?post=138619"},{"taxonomy":"product_cat","embeddable":true,"href":"https:\/\/exlibris.ee\/ru\/wp-json\/wp\/v2\/product_cat?post=138619"},{"taxonomy":"product_tag","embeddable":true,"href":"https:\/\/exlibris.ee\/ru\/wp-json\/wp\/v2\/product_tag?post=138619"},{"taxonomy":"series","embeddable":true,"href":"https:\/\/exlibris.ee\/ru\/wp-json\/wp\/v2\/series?post=138619"},{"taxonomy":"publisher","embeddable":true,"href":"https:\/\/exlibris.ee\/ru\/wp-json\/wp\/v2\/publisher?post=138619"}],"curies":[{"name":"wp","href":"https:\/\/api.w.org\/{rel}","templated":true}]}}