{"id":138620,"date":"2025-01-17T03:35:49","date_gmt":"2025-01-17T01:35:49","guid":{"rendered":"https:\/\/exlibris.ee\/toode\/rasked-valikud-vabamotlejad\/"},"modified":"2026-04-22T15:46:41","modified_gmt":"2026-04-22T12:46:41","slug":"rasked-valikud-vabamotlejad","status":"publish","type":"product","link":"https:\/\/exlibris.ee\/ru\/produkt\/rasked-valikud-vabamotlejad\/","title":{"rendered":"Rasked valikud Vabam\u00f5tlejad"},"content":{"rendered":"<p>Raamat koondab endasse varalahkunud andeka filosoofi Margo Laasbergi (1970-1998) t\u00f6\u00f6d keelefilosoofiast, metaf\u00fc\u00fcsikast, epistemoloogiast ja vaimufilosoofiast. Laasbergi tekstid on ka t\u00e4na laiema publiku jaoks heaks sissejuhatuseks anal\u00fc\u00fctilisse filosoofiasse, nad on kirjutatud loetavalt ega sisalda \u00fclem\u00e4\u00e4ra erialast argood. Pikem tekst \u201e\u00dclevaade filosoofiast\u201c on algusosa autori planeeritud filosoofia\u00f5pikust algajaile, mida saab kasutada g\u00fcmnaasiumi filosoofiakursustel. Lisaks sisulisele kvaliteedile annab Laasbergi k\u00e4sikiri m\u00f5tteloolise dokumendina \u00fclevaate eesti filosoofia uue alguse raskustest ja keerdk\u00e4ikudest.<\/p>\n","protected":false},"excerpt":{"rendered":"<p>Raamat koondab endasse varalahkunud andeka filosoofi Margo Laasbergi (1970-1998) t\u00f6\u00f6d keelefilosoofiast, metaf\u00fc\u00fcsikast, epistemoloogiast ja vaimufilosoofiast. Laasbergi tekstid on ka t\u00e4na laiema publiku jaoks heaks sissejuhatuseks anal\u00fc\u00fctilisse filosoofiasse, nad on kirjutatud loetavalt ega sisalda \u00fclem\u00e4\u00e4ra erialast argood. Pikem tekst \u201e\u00dclevaade filosoofiast\u201c&#8230;<\/p>\n","protected":false},"featured_media":138655,"template":"","meta":{"_acf_changed":false,"inline_featured_image":false},"product_brand":[],"product_cat":[2450],"product_tag":[],"series":[{"id":2940,"name":"Vabam\u00f5tlejad","slug":"vabamotlejad"}],"publisher":[{"id":2941,"name":"Vabam\u00f5tleja","slug":"vabamotleja"}],"class_list":{"0":"post-138620","1":"product","2":"type-product","3":"status-publish","4":"has-post-thumbnail","6":"product_cat-ruhi-eesti","7":"series-vabamotlejad","8":"publisher-vabamotleja","10":"first","11":"instock","12":"taxable","13":"shipping-taxable","14":"purchasable","15":"product-type-simple"},"acf":[],"_links":{"self":[{"href":"https:\/\/exlibris.ee\/ru\/wp-json\/wp\/v2\/product\/138620","targetHints":{"allow":["GET"]}}],"collection":[{"href":"https:\/\/exlibris.ee\/ru\/wp-json\/wp\/v2\/product"}],"about":[{"href":"https:\/\/exlibris.ee\/ru\/wp-json\/wp\/v2\/types\/product"}],"wp:featuredmedia":[{"embeddable":true,"href":"https:\/\/exlibris.ee\/ru\/wp-json\/wp\/v2\/media\/138655"}],"wp:attachment":[{"href":"https:\/\/exlibris.ee\/ru\/wp-json\/wp\/v2\/media?parent=138620"}],"wp:term":[{"taxonomy":"product_brand","embeddable":true,"href":"https:\/\/exlibris.ee\/ru\/wp-json\/wp\/v2\/product_brand?post=138620"},{"taxonomy":"product_cat","embeddable":true,"href":"https:\/\/exlibris.ee\/ru\/wp-json\/wp\/v2\/product_cat?post=138620"},{"taxonomy":"product_tag","embeddable":true,"href":"https:\/\/exlibris.ee\/ru\/wp-json\/wp\/v2\/product_tag?post=138620"},{"taxonomy":"series","embeddable":true,"href":"https:\/\/exlibris.ee\/ru\/wp-json\/wp\/v2\/series?post=138620"},{"taxonomy":"publisher","embeddable":true,"href":"https:\/\/exlibris.ee\/ru\/wp-json\/wp\/v2\/publisher?post=138620"}],"curies":[{"name":"wp","href":"https:\/\/api.w.org\/{rel}","templated":true}]}}