{"id":138621,"date":"2025-01-17T03:35:49","date_gmt":"2025-01-17T01:35:49","guid":{"rendered":"https:\/\/exlibris.ee\/toode\/etuudid-punases-vabamotlejad\/"},"modified":"2026-04-18T19:35:37","modified_gmt":"2026-04-18T16:35:37","slug":"etuudid-punases-vabamotlejad","status":"publish","type":"product","link":"https:\/\/exlibris.ee\/ru\/produkt\/etuudid-punases-vabamotlejad\/","title":{"rendered":"Et\u00fc\u00fcdid punases Vabam\u00f5tlejad"},"content":{"rendered":"<p>Raamat sisaldab rea v\u00e4ljapaistvate poliitikafilosoofide ja \u00fchiskonnakriitikute (Marx, Nietzsche, Schmitt, Althusser, Foucault, Badiou, Laclau, Deleuze ja Guattari) loomingu tutvustamisele p\u00fchendatud et\u00fc\u00fcde. K\u00f5iki neid radikaalseid, s.o juurteni v\u00e4lja minevaid m\u00f5tlejaid l\u00e4bib punase niidina \u00e4ratundmine, et poliitika kujutab endast ontoloogilist v\u00f5tit inimliku \u00fchiselulise kogemuse avamiseks. Alates hetkest, mil Nietzsche paneb hullumeelse h\u00fc\u00fcdma: \u201cJumal on surnud, ja meie oleme ta tapnud!\u201d, on selge, et filosoofia puhul on alati tegemist millegi erakordse ja ohtlikuga.\u00a0<\/p>\n","protected":false},"excerpt":{"rendered":"<p>Raamat sisaldab rea v\u00e4ljapaistvate poliitikafilosoofide ja \u00fchiskonnakriitikute (Marx, Nietzsche, Schmitt, Althusser, Foucault, Badiou, Laclau, Deleuze ja Guattari) loomingu tutvustamisele p\u00fchendatud et\u00fc\u00fcde. K\u00f5iki neid radikaalseid, s.o juurteni v\u00e4lja minevaid m\u00f5tlejaid l\u00e4bib punase niidina \u00e4ratundmine, et poliitika kujutab endast ontoloogilist v\u00f5tit inimliku&#8230;<\/p>\n","protected":false},"featured_media":138658,"template":"","meta":{"_acf_changed":false,"inline_featured_image":false},"product_brand":[],"product_cat":[2450],"product_tag":[],"series":[{"id":2940,"name":"Vabam\u00f5tlejad","slug":"vabamotlejad"}],"publisher":[{"id":2941,"name":"Vabam\u00f5tleja","slug":"vabamotleja"}],"class_list":{"0":"post-138621","1":"product","2":"type-product","3":"status-publish","4":"has-post-thumbnail","6":"product_cat-ruhi-eesti","7":"series-vabamotlejad","8":"publisher-vabamotleja","10":"first","11":"instock","12":"taxable","13":"shipping-taxable","14":"purchasable","15":"product-type-simple"},"acf":[],"_links":{"self":[{"href":"https:\/\/exlibris.ee\/ru\/wp-json\/wp\/v2\/product\/138621","targetHints":{"allow":["GET"]}}],"collection":[{"href":"https:\/\/exlibris.ee\/ru\/wp-json\/wp\/v2\/product"}],"about":[{"href":"https:\/\/exlibris.ee\/ru\/wp-json\/wp\/v2\/types\/product"}],"wp:featuredmedia":[{"embeddable":true,"href":"https:\/\/exlibris.ee\/ru\/wp-json\/wp\/v2\/media\/138658"}],"wp:attachment":[{"href":"https:\/\/exlibris.ee\/ru\/wp-json\/wp\/v2\/media?parent=138621"}],"wp:term":[{"taxonomy":"product_brand","embeddable":true,"href":"https:\/\/exlibris.ee\/ru\/wp-json\/wp\/v2\/product_brand?post=138621"},{"taxonomy":"product_cat","embeddable":true,"href":"https:\/\/exlibris.ee\/ru\/wp-json\/wp\/v2\/product_cat?post=138621"},{"taxonomy":"product_tag","embeddable":true,"href":"https:\/\/exlibris.ee\/ru\/wp-json\/wp\/v2\/product_tag?post=138621"},{"taxonomy":"series","embeddable":true,"href":"https:\/\/exlibris.ee\/ru\/wp-json\/wp\/v2\/series?post=138621"},{"taxonomy":"publisher","embeddable":true,"href":"https:\/\/exlibris.ee\/ru\/wp-json\/wp\/v2\/publisher?post=138621"}],"curies":[{"name":"wp","href":"https:\/\/api.w.org\/{rel}","templated":true}]}}