{"id":138625,"date":"2025-01-17T03:35:50","date_gmt":"2025-01-17T01:35:50","guid":{"rendered":"https:\/\/exlibris.ee\/toode\/kirka-valguse-pimestav-sara\/"},"modified":"2026-04-17T19:51:08","modified_gmt":"2026-04-17T16:51:08","slug":"kirka-valguse-pimestav-sara","status":"publish","type":"product","link":"https:\/\/exlibris.ee\/ru\/produkt\/kirka-valguse-pimestav-sara\/","title":{"rendered":"Kirka valguse pimestav s\u00e4ra"},"content":{"rendered":"<p>\u201dKirka valguse pimestav s\u00e4ra\u201d\u00a0on romaan intriigidest, ambitsioonidest ja valikutest, millega seisavad silmitsi \u00fche Eesti ajalehe toimetuse liikmed. Uue peatoimetaja otsingud, valikud v\u00e4ljaande sisu ja maailmavaate \u00fcle tekitavad juhtkonnas veriseid kokkup\u00f5rkeid, mis v\u00f5ivad ajada omavahel t\u00fclli vanu s\u00f5pru ning luua samas ka uusi ja ootamatuid liite. Iga\u00fchel on siin v\u00f5idelda oma v\u00f5itlus, olgu see siis \u00fchiskonnas valitseva eba\u00f5igluse, m\u00f5ne t\u00f6\u00f6kaaslase v\u00f5i hoopis iseenda ja alkoholiga.<\/p>\n","protected":false},"excerpt":{"rendered":"<p>\u201dKirka valguse pimestav s\u00e4ra\u201d\u00a0on romaan intriigidest, ambitsioonidest ja valikutest, millega seisavad silmitsi \u00fche Eesti ajalehe toimetuse liikmed. Uue peatoimetaja otsingud, valikud v\u00e4ljaande sisu ja maailmavaate \u00fcle tekitavad juhtkonnas veriseid kokkup\u00f5rkeid, mis v\u00f5ivad ajada omavahel t\u00fclli vanu s\u00f5pru ning luua samas&#8230;<\/p>\n","protected":false},"featured_media":138670,"template":"","meta":{"_acf_changed":false,"inline_featured_image":false},"product_brand":[],"product_cat":[2429],"product_tag":[],"series":[],"publisher":[{"id":2941,"name":"Vabam\u00f5tleja","slug":"vabamotleja"}],"class_list":{"0":"post-138625","1":"product","2":"type-product","3":"status-publish","4":"has-post-thumbnail","6":"product_cat-rpro-eesti","7":"publisher-vabamotleja","9":"first","10":"instock","11":"taxable","12":"shipping-taxable","13":"purchasable","14":"product-type-simple"},"acf":[],"_links":{"self":[{"href":"https:\/\/exlibris.ee\/ru\/wp-json\/wp\/v2\/product\/138625","targetHints":{"allow":["GET"]}}],"collection":[{"href":"https:\/\/exlibris.ee\/ru\/wp-json\/wp\/v2\/product"}],"about":[{"href":"https:\/\/exlibris.ee\/ru\/wp-json\/wp\/v2\/types\/product"}],"wp:featuredmedia":[{"embeddable":true,"href":"https:\/\/exlibris.ee\/ru\/wp-json\/wp\/v2\/media\/138670"}],"wp:attachment":[{"href":"https:\/\/exlibris.ee\/ru\/wp-json\/wp\/v2\/media?parent=138625"}],"wp:term":[{"taxonomy":"product_brand","embeddable":true,"href":"https:\/\/exlibris.ee\/ru\/wp-json\/wp\/v2\/product_brand?post=138625"},{"taxonomy":"product_cat","embeddable":true,"href":"https:\/\/exlibris.ee\/ru\/wp-json\/wp\/v2\/product_cat?post=138625"},{"taxonomy":"product_tag","embeddable":true,"href":"https:\/\/exlibris.ee\/ru\/wp-json\/wp\/v2\/product_tag?post=138625"},{"taxonomy":"series","embeddable":true,"href":"https:\/\/exlibris.ee\/ru\/wp-json\/wp\/v2\/series?post=138625"},{"taxonomy":"publisher","embeddable":true,"href":"https:\/\/exlibris.ee\/ru\/wp-json\/wp\/v2\/publisher?post=138625"}],"curies":[{"name":"wp","href":"https:\/\/api.w.org\/{rel}","templated":true}]}}